{"id":217,"date":"2024-08-06T18:57:11","date_gmt":"2024-08-06T18:57:11","guid":{"rendered":"https:\/\/eventos.scielo.org\/brazil-chinameeting\/presentation\/"},"modified":"2024-08-08T15:33:28","modified_gmt":"2024-08-08T18:33:28","slug":"presentation","status":"publish","type":"page","link":"https:\/\/eventos.scielo.org\/brazil-chinameeting\/en\/","title":{"rendered":"Presentation"},"content":{"rendered":"<p>The 1st Brazil-China Bilateral Meeting on Science Communication will bring together journal editors and scholarly communication professionals from China and Brazil with the aim of exchanging ideas, information and experiences in journal editing, publishing and dissemination with an emphasis on promoting international visibility. The meeting also aims to discuss possible lines of cooperation.<\/p>\n<p><strong>Venue<\/strong><\/p>\n<p><em>FAPESP &#8211; Funda\u00e7\u00e3o de Amparo \u00e0 Pesquisa do Estado de S\u00e3o Paulo Audit\u00f3rio Governador Carlos Alberto de Carvalho Pinto<\/em><em>Rua Pio XI, 1500<\/em><em>Alto da Lapa \u2013 S\u00e3o Paulo\/SP \u2013 Brasil <\/em><\/p>\n<p><a href=\"https:\/\/maps.google.com\/maps?ll=-23.539276,-46.721906&amp;z=14&amp;t=m&amp;hl=pt-BR&amp;gl=US&amp;mapclient=embed&amp;q=Rua+Pio+XI,+1500+-+Alto+de+Pinheiros+S%C3%A3o+Paulo+-+SP+05468-150,+Brasil\"><img loading=\"lazy\" decoding=\"async\" class=\"alignnone size-full wp-image-26\" src=\"http:\/\/eventos.scielo.org\/brazil-chinameeting\/files\/2014\/04\/mapa.jpg\" alt=\"\" width=\"552\" height=\"337\" srcset=\"https:\/\/eventos.scielo.org\/brazil-chinameeting\/files\/2014\/04\/mapa.jpg 552w, https:\/\/eventos.scielo.org\/brazil-chinameeting\/files\/2014\/04\/mapa-300x183.jpg 300w, https:\/\/eventos.scielo.org\/brazil-chinameeting\/files\/2014\/04\/mapa-491x300.jpg 491w\" sizes=\"auto, (max-width: 552px) 100vw, 552px\" \/><\/a><\/p>\n<p><a href=\"https:\/\/maps.google.com\/maps?ll=-23.539276,-46.721906&amp;z=14&amp;t=m&amp;hl=pt-BR&amp;gl=US&amp;mapclient=embed&amp;q=Rua+Pio+XI,+1500+-+Alto+de+Pinheiros+S%C3%A3o+Paulo+-+SP+05468-150,+Brasil\">View larger map<\/a><\/p>\n","protected":false},"excerpt":{"rendered":"<p>The 1st Brazil-China Bilateral Meeting on Science Communication will bring together journal editors and scholarly communication professionals from China and Brazil with the aim of exchanging ideas, information and experiences in journal editing, publishing and dissemination with an emphasis on &hellip; <a href=\"https:\/\/eventos.scielo.org\/brazil-chinameeting\/en\/\">Continue reading <span class=\"meta-nav\">&rarr;<\/span><\/a><\/p>\n","protected":false},"author":18,"featured_media":0,"parent":0,"menu_order":0,"comment_status":"closed","ping_status":"closed","template":"","meta":{"footnotes":""},"class_list":["post-217","page","type-page","status-publish","hentry"],"aioseo_notices":[],"_links":{"self":[{"href":"https:\/\/eventos.scielo.org\/brazil-chinameeting\/en\/wp-json\/wp\/v2\/pages\/217","targetHints":{"allow":["GET"]}}],"collection":[{"href":"https:\/\/eventos.scielo.org\/brazil-chinameeting\/en\/wp-json\/wp\/v2\/pages"}],"about":[{"href":"https:\/\/eventos.scielo.org\/brazil-chinameeting\/en\/wp-json\/wp\/v2\/types\/page"}],"author":[{"embeddable":true,"href":"https:\/\/eventos.scielo.org\/brazil-chinameeting\/en\/wp-json\/wp\/v2\/users\/18"}],"replies":[{"embeddable":true,"href":"https:\/\/eventos.scielo.org\/brazil-chinameeting\/en\/wp-json\/wp\/v2\/comments?post=217"}],"version-history":[{"count":3,"href":"https:\/\/eventos.scielo.org\/brazil-chinameeting\/en\/wp-json\/wp\/v2\/pages\/217\/revisions"}],"predecessor-version":[{"id":219,"href":"https:\/\/eventos.scielo.org\/brazil-chinameeting\/en\/wp-json\/wp\/v2\/pages\/217\/revisions\/219"}],"wp:attachment":[{"href":"https:\/\/eventos.scielo.org\/brazil-chinameeting\/en\/wp-json\/wp\/v2\/media?parent=217"}],"curies":[{"name":"wp","href":"https:\/\/api.w.org\/{rel}","templated":true}]}}