{"id":7,"date":"2014-04-09T18:33:02","date_gmt":"2014-04-09T18:33:02","guid":{"rendered":"http:\/\/eventos.scielo.org\/brazil-chinameeting\/?page_id=7"},"modified":"2014-04-17T11:52:46","modified_gmt":"2014-04-17T11:52:46","slug":"apresentacao","status":"publish","type":"page","link":"https:\/\/eventos.scielo.org\/brazil-chinameeting\/","title":{"rendered":"Apresenta\u00e7\u00e3o"},"content":{"rendered":"<p>O 1\u00ba Encontro Bilateral Brasil-China em Comunica\u00e7\u00e3o Cient\u00edfica reunir\u00e1 editores de peri\u00f3dicos e profissionais de comunica\u00e7\u00e3o cientifica da China e do Brasil com o objetivo de intercambiar ideias, informa\u00e7\u00f5es e experi\u00eancias em editora\u00e7\u00e3o, publica\u00e7\u00e3o e dissemina\u00e7\u00e3o de peri\u00f3dicos com \u00eanfase na promo\u00e7\u00e3o da visibilidade internacional.<\/p>\n<p>O encontro visa tamb\u00e9m o di\u00e1logo sobre poss\u00edveis linhas de coopera\u00e7\u00e3o.<\/p>\n<p><strong>Local<\/strong><\/p>\n<p><em>FAPESP\u00a0&#8211;\u00a0Funda\u00e7\u00e3o de Amparo \u00e0 Pesquisa do Estado de S\u00e3o Paulo<br \/>\nAudit\u00f3rio\u00a0Governador Carlos Alberto de Carvalho Pinto<\/em><br \/>\n<em>Rua Pio XI, 1500<\/em><br \/>\n<em>Alto da Lapa \u2013 S\u00e3o Paulo\/SP \u2013 Brasil\u00a0<\/em><\/p>\n<p><a href=\"https:\/\/maps.google.com\/maps?ll=-23.539276,-46.721906&amp;z=14&amp;t=m&amp;hl=pt-BR&amp;gl=US&amp;mapclient=embed&amp;q=Rua+Pio+XI,+1500+-+Alto+de+Pinheiros+S%C3%A3o+Paulo+-+SP+05468-150,+Brasil\"><img loading=\"lazy\" decoding=\"async\" class=\"alignnone size-full wp-image-26\" src=\"http:\/\/eventos.scielo.org\/brazil-chinameeting\/files\/2014\/04\/mapa.jpg\" alt=\"\" width=\"552\" height=\"337\" srcset=\"https:\/\/eventos.scielo.org\/brazil-chinameeting\/files\/2014\/04\/mapa.jpg 552w, https:\/\/eventos.scielo.org\/brazil-chinameeting\/files\/2014\/04\/mapa-300x183.jpg 300w, https:\/\/eventos.scielo.org\/brazil-chinameeting\/files\/2014\/04\/mapa-491x300.jpg 491w\" sizes=\"auto, (max-width: 552px) 100vw, 552px\" \/><\/a><\/p>\n<p><a href=\"https:\/\/maps.google.com\/maps?ll=-23.539276,-46.721906&amp;z=14&amp;t=m&amp;hl=pt-BR&amp;gl=US&amp;mapclient=embed&amp;q=Rua+Pio+XI,+1500+-+Alto+de+Pinheiros+S%C3%A3o+Paulo+-+SP+05468-150,+Brasil\">Ver mapa maior<\/a><\/p>\n","protected":false},"excerpt":{"rendered":"<p>O 1\u00ba Encontro Bilateral Brasil-China em Comunica\u00e7\u00e3o Cient\u00edfica reunir\u00e1 editores de peri\u00f3dicos e profissionais de comunica\u00e7\u00e3o cientifica da China e do Brasil com o objetivo de intercambiar ideias, informa\u00e7\u00f5es e experi\u00eancias em editora\u00e7\u00e3o, publica\u00e7\u00e3o e dissemina\u00e7\u00e3o de peri\u00f3dicos com \u00eanfase &hellip; <a href=\"https:\/\/eventos.scielo.org\/brazil-chinameeting\/\">Continue lendo <span class=\"meta-nav\">&rarr;<\/span><\/a><\/p>\n","protected":false},"author":18,"featured_media":0,"parent":0,"menu_order":0,"comment_status":"closed","ping_status":"closed","template":"","meta":{"footnotes":""},"class_list":["post-7","page","type-page","status-publish","hentry"],"aioseo_notices":[],"_links":{"self":[{"href":"https:\/\/eventos.scielo.org\/brazil-chinameeting\/wp-json\/wp\/v2\/pages\/7","targetHints":{"allow":["GET"]}}],"collection":[{"href":"https:\/\/eventos.scielo.org\/brazil-chinameeting\/wp-json\/wp\/v2\/pages"}],"about":[{"href":"https:\/\/eventos.scielo.org\/brazil-chinameeting\/wp-json\/wp\/v2\/types\/page"}],"author":[{"embeddable":true,"href":"https:\/\/eventos.scielo.org\/brazil-chinameeting\/wp-json\/wp\/v2\/users\/18"}],"replies":[{"embeddable":true,"href":"https:\/\/eventos.scielo.org\/brazil-chinameeting\/wp-json\/wp\/v2\/comments?post=7"}],"version-history":[{"count":17,"href":"https:\/\/eventos.scielo.org\/brazil-chinameeting\/wp-json\/wp\/v2\/pages\/7\/revisions"}],"predecessor-version":[{"id":73,"href":"https:\/\/eventos.scielo.org\/brazil-chinameeting\/wp-json\/wp\/v2\/pages\/7\/revisions\/73"}],"wp:attachment":[{"href":"https:\/\/eventos.scielo.org\/brazil-chinameeting\/wp-json\/wp\/v2\/media?parent=7"}],"curies":[{"name":"wp","href":"https:\/\/api.w.org\/{rel}","templated":true}]}}