{"id":6,"date":"2013-05-24T12:13:39","date_gmt":"2013-05-24T12:13:39","guid":{"rendered":"http:\/\/eventos.scielo.org\/encontro-ciencias-humanas\/?page_id=6"},"modified":"2016-11-03T10:44:55","modified_gmt":"2016-11-03T10:44:55","slug":"apresentacao","status":"publish","type":"page","link":"https:\/\/eventos.scielo.org\/encontro-ciencias-humanas\/","title":{"rendered":"Apresenta\u00e7\u00e3o"},"content":{"rendered":"<p>O encontro tem como motiva\u00e7\u00e3o dialogar sobre o aperfei\u00e7oamento da gest\u00e3o editorial dos peri\u00f3dicos SciELO das \u00e1reas de Ci\u00eancias Humanas, Sociais Aplicadas e Lingu\u00edstica, Letras e Artes, por meio da profissionaliza\u00e7\u00e3o e a internacionaliza\u00e7\u00e3o com \u00eanfase nas pr\u00e1ticas e padr\u00f5es emergentes internacionalmente, como por exemplo, as redes sociais.<\/p>\n<p><strong>Hor\u00e1rio<\/strong><\/p>\n<p>10h00 \u00e0s 16h00<\/p>\n<p><strong>Local<\/strong><\/p>\n<p>Audit\u00f3rio da Casa de Cultura Japonesa da USP<br \/>\nAv. Prof. Lineu Prestes, 159<br \/>\nS\u00e3o Paulo &#8211; SP &#8211; CEP 05508-000<br \/>\nBrasil<\/p>\n<p><iframe loading=\"lazy\" src=\"https:\/\/maps.google.com.br\/maps?q=159+Av.+Prof.+Lineu+Prestes&amp;hl=pt-BR&amp;ie=UTF8&amp;hq=&amp;hnear=Av.+Prof.+Lineu+Prestes,+159+-+Butant%C3%A3,+S%C3%A3o+Paulo,+05508-000&amp;t=m&amp;z=14&amp;ll=-23.562974,-46.720039&amp;output=embed\" frameborder=\"0\" marginwidth=\"0\" marginheight=\"0\" scrolling=\"no\" width=\"425\" height=\"350\"><\/iframe><br \/>\n<small><a style=\"color: #0000ff; text-align: left;\" href=\"https:\/\/maps.google.com.br\/maps?q=159+Av.+Prof.+Lineu+Prestes&amp;hl=pt-BR&amp;ie=UTF8&amp;hq=&amp;hnear=Av.+Prof.+Lineu+Prestes,+159+-+Butant%C3%A3,+S%C3%A3o+Paulo,+05508-000&amp;t=m&amp;z=14&amp;ll=-23.562974,-46.720039&amp;source=embed\">Exibir mapa ampliado<\/a><\/small><br \/>\n&nbsp;<\/p>\n","protected":false},"excerpt":{"rendered":"<p>O encontro tem como motiva\u00e7\u00e3o dialogar sobre o aperfei\u00e7oamento da gest\u00e3o editorial dos peri\u00f3dicos SciELO das \u00e1reas de Ci\u00eancias Humanas, Sociais Aplicadas e Lingu\u00edstica, Letras e Artes, por meio da profissionaliza\u00e7\u00e3o e a internacionaliza\u00e7\u00e3o com \u00eanfase nas pr\u00e1ticas e padr\u00f5es &hellip; <a href=\"https:\/\/eventos.scielo.org\/encontro-ciencias-humanas\/\">Continue reading <span class=\"meta-nav\">&rarr;<\/span><\/a><\/p>\n","protected":false},"author":3,"featured_media":0,"parent":0,"menu_order":0,"comment_status":"closed","ping_status":"closed","template":"","meta":{"footnotes":""},"class_list":["post-6","page","type-page","status-publish","hentry"],"aioseo_notices":[],"_links":{"self":[{"href":"https:\/\/eventos.scielo.org\/encontro-ciencias-humanas\/wp-json\/wp\/v2\/pages\/6","targetHints":{"allow":["GET"]}}],"collection":[{"href":"https:\/\/eventos.scielo.org\/encontro-ciencias-humanas\/wp-json\/wp\/v2\/pages"}],"about":[{"href":"https:\/\/eventos.scielo.org\/encontro-ciencias-humanas\/wp-json\/wp\/v2\/types\/page"}],"author":[{"embeddable":true,"href":"https:\/\/eventos.scielo.org\/encontro-ciencias-humanas\/wp-json\/wp\/v2\/users\/3"}],"replies":[{"embeddable":true,"href":"https:\/\/eventos.scielo.org\/encontro-ciencias-humanas\/wp-json\/wp\/v2\/comments?post=6"}],"version-history":[{"count":11,"href":"https:\/\/eventos.scielo.org\/encontro-ciencias-humanas\/wp-json\/wp\/v2\/pages\/6\/revisions"}],"predecessor-version":[{"id":244,"href":"https:\/\/eventos.scielo.org\/encontro-ciencias-humanas\/wp-json\/wp\/v2\/pages\/6\/revisions\/244"}],"wp:attachment":[{"href":"https:\/\/eventos.scielo.org\/encontro-ciencias-humanas\/wp-json\/wp\/v2\/media?parent=6"}],"curies":[{"name":"wp","href":"https:\/\/api.w.org\/{rel}","templated":true}]}}