{"id":8,"date":"2013-05-24T12:13:46","date_gmt":"2013-05-24T12:13:46","guid":{"rendered":"http:\/\/eventos.scielo.org\/encontro-ciencias-humanas\/?page_id=8"},"modified":"2013-06-18T14:07:24","modified_gmt":"2013-06-18T14:07:24","slug":"programa","status":"publish","type":"page","link":"https:\/\/eventos.scielo.org\/encontro-ciencias-humanas\/programa\/","title":{"rendered":"Programa\u00e7\u00e3o"},"content":{"rendered":"<h2>10:00 &#8211; Abertura e apresenta\u00e7\u00e3o dos objetivos do encontro<\/h2>\n<div>\n<p>Abel L. Packer<br \/>\n<em>Coordenador do Programa SciELO \/ FAPESP e membro do Comit\u00ea Consultivo SciELO Brasil (S\u00e3o Paulo, SP, Brasil)<br \/>\n<\/em>Charles Freitas Pessanha<em><em><br \/>\n<em><em>Professor associado da Universidade Federal do Rio de Janeiro (Rio de Janeiro, RJ, Brasil<em>);\u00a0<\/em>Assessor do Comit\u00ea Consultivo SciELO Brasil<\/em><\/em><\/em><br \/>\n<\/em>Teresa Cristina Rego<br \/>\n<em><em>Professora associada da Universidade de S\u00e3o Paulo (S\u00e3o Paulo, SP, Brasil);\u00a0<\/em><\/em><em style=\"color: #333333; line-height: 24px;\"><em>Membro do Comit\u00ea Consultivo SciELO Brasil<\/em><\/em><\/p>\n<h2>10:20<span style=\"color: #000000;\"> &#8211; <a href=\"http:\/\/eventos.scielo.org\/encontro-ciencias-humanas\/files\/2013\/05\/Jaime_Benchimol.pdf\" target=\"_blank\"><span style=\"color: #000000;\">Reflex\u00f5es sobre os desafios contempor\u00e2neos enfrentados pelos editores da \u00e1rea de humanidades<\/span><\/a><\/span><\/h2>\n<p>Jaime Larry Benchimol<br \/>\n<em><em><em><em>Pesquisador titular da Funda\u00e7\u00e3o Oswaldo Cruz (Rio de Janeiro, RJ, Brasil);\u00a0<\/em>Membro do Comit\u00ea Consultivo SciELO<\/em><\/em>\u00a0Brasil<\/em><\/p>\n<h2>11:20 <span style=\"color: #000000;\">&#8211; <a href=\"http:\/\/eventos.scielo.org\/encontro-ciencias-humanas\/files\/2013\/05\/Rogerio_Meneghini.pdf\" target=\"_blank\"><span style=\"color: #000000;\">Os peri\u00f3dicos cient\u00edficos brasileiros e seus editores<\/span><\/a><\/span><\/h2>\n<p>Rog\u00e9rio Meneghini<br \/>\n<em>Coordenador Cient\u00edfico do SciELO e membro do Comit\u00ea Consultivo SciELO\u00a0Brasil\u00a0 (S\u00e3o Paulo, SP, Brasil)<\/em><\/p>\n<p><span style=\"color: #ffffff;\">.<\/span><\/p>\n<h2>12:30 &#8211; 13:30 Almo\u00e7o<\/h2>\n<p><span style=\"color: #ffffff;\">.<\/span><\/p>\n<h2><span style=\"color: #000000;\">13:30 &#8211; <a href=\"http:\/\/eventos.scielo.org\/encontro-ciencias-humanas\/files\/2013\/05\/Abel_Packer.pdf\" target=\"_blank\"><span style=\"color: #000000;\">A quest\u00e3o da internacionaliza\u00e7\u00e3o e o uso de redes sociais: problemas e poss\u00edveis solu\u00e7\u00f5es<\/span><\/a><\/span><\/h2>\n<p>Abel L. Packer<br \/>\n<em>Coordenador do Programa SciELO \/ FAPESP e membro do Comit\u00ea Consultivo SciELO Brasil(S\u00e3o Paulo, SP, Brasil)<\/em><\/p>\n<h2>15:00 &#8211; Recomenda\u00e7\u00f5es finais<\/h2>\n<p>Abel L. Packer<br \/>\n<em>Coordenador do Programa SciELO \/ FAPESP e membro do Comit\u00ea Consultivo SciELO Brasil (S\u00e3o Paulo, SP, Brasil)<br \/>\n<\/em><em>Charles Freitas Pessanha<em><br \/>\n<em><em>Professor associado da Universidade Federal do Rio de Janeiro (Rio de Janeiro, RJ, Brasil)<em>;\u00a0<\/em><\/em><\/em><\/em>Assessor do Comit\u00ea Consultivo SciELO Brasil<\/em><br \/>\nTeresa Cristina Rego<br \/>\n<em>Professora associada<em>\u00a0da Universidade de S\u00e3o Paulo (S\u00e3o Paulo, SP, Brasil);\u00a0<\/em><\/em><em><em>Membro do Comit\u00ea Consultivo SciELO Brasil<\/em><\/em><\/p>\n<p>&nbsp;<\/p>\n<\/div>\n","protected":false},"excerpt":{"rendered":"<p>10:00 &#8211; Abertura e apresenta\u00e7\u00e3o dos objetivos do encontro Abel L. Packer Coordenador do Programa SciELO \/ FAPESP e membro do Comit\u00ea Consultivo SciELO Brasil (S\u00e3o Paulo, SP, Brasil) Charles Freitas Pessanha Professor associado da Universidade Federal do Rio de &hellip; <a href=\"https:\/\/eventos.scielo.org\/encontro-ciencias-humanas\/programa\/\">Continue reading <span class=\"meta-nav\">&rarr;<\/span><\/a><\/p>\n","protected":false},"author":3,"featured_media":0,"parent":0,"menu_order":0,"comment_status":"open","ping_status":"open","template":"","meta":{"footnotes":""},"class_list":["post-8","page","type-page","status-publish","hentry"],"aioseo_notices":[],"_links":{"self":[{"href":"https:\/\/eventos.scielo.org\/encontro-ciencias-humanas\/wp-json\/wp\/v2\/pages\/8","targetHints":{"allow":["GET"]}}],"collection":[{"href":"https:\/\/eventos.scielo.org\/encontro-ciencias-humanas\/wp-json\/wp\/v2\/pages"}],"about":[{"href":"https:\/\/eventos.scielo.org\/encontro-ciencias-humanas\/wp-json\/wp\/v2\/types\/page"}],"author":[{"embeddable":true,"href":"https:\/\/eventos.scielo.org\/encontro-ciencias-humanas\/wp-json\/wp\/v2\/users\/3"}],"replies":[{"embeddable":true,"href":"https:\/\/eventos.scielo.org\/encontro-ciencias-humanas\/wp-json\/wp\/v2\/comments?post=8"}],"version-history":[{"count":19,"href":"https:\/\/eventos.scielo.org\/encontro-ciencias-humanas\/wp-json\/wp\/v2\/pages\/8\/revisions"}],"predecessor-version":[{"id":183,"href":"https:\/\/eventos.scielo.org\/encontro-ciencias-humanas\/wp-json\/wp\/v2\/pages\/8\/revisions\/183"}],"wp:attachment":[{"href":"https:\/\/eventos.scielo.org\/encontro-ciencias-humanas\/wp-json\/wp\/v2\/media?parent=8"}],"curies":[{"name":"wp","href":"https:\/\/api.w.org\/{rel}","templated":true}]}}