{"id":12,"date":"2015-02-03T11:42:39","date_gmt":"2015-02-03T11:42:39","guid":{"rendered":"http:\/\/eventos.scielo.org\/gbhl\/?page_id=12"},"modified":"2015-04-29T13:38:13","modified_gmt":"2015-04-29T13:38:13","slug":"apresentacao","status":"publish","type":"page","link":"https:\/\/eventos.scielo.org\/gbhl\/apresentacao\/","title":{"rendered":"Apresenta\u00e7\u00e3o"},"content":{"rendered":"<p>A reuni\u00e3o anual de 2015 da Rede Global Biodiversity Heritage Library ser\u00e1 realizada no Brasil e abordar\u00e1 o estado de desenvolvimento da Biodiversity Heritage Library (BHL) e sistemas de informa\u00e7\u00e3o em Biodiversidade.<\/p>\n<p>Organizada pelos Programas SciELO e BIOTA da FAPESP, a reuni\u00e3o est\u00e1 dirigida para pesquisadores e profissionais relacionados com biodiversidade e informa\u00e7\u00e3o cient\u00edfica. O programa cient\u00edfico contar\u00e1 com autoridades e especialistas nacionais e internacionais.<\/p>\n<p>A Rede Global da BHL (gBHL) conta com a participa\u00e7\u00e3o da \u00c1frica do Sul, Austr\u00e1lia, Brasil, China, Egito, Estados Unidos e Europa. A BHL trabalha de forma colaborativa\u00a0em prol do acesso aberto \u00e0 literatura em biodiversidade como parte da comunidade de biodiversidade global.<\/p>\n<p>O Brasil participa da gBHL por meio da Rede BHL-SciELO que envolve sistemas de informa\u00e7\u00e3o e bibliotecas das seguintes institui\u00e7\u00f5es:<\/p>\n<ul>\n<li>Funda\u00e7\u00e3o Biblioteca Nacional<\/li>\n<li>Funda\u00e7\u00e3o Oswaldo Cruz<\/li>\n<li>Funda\u00e7\u00e3o Zoobot\u00e2nica<\/li>\n<li>Instituto Butantan<\/li>\n<li>Instituto de Bot\u00e2nica do Estado de S\u00e3o Paulo<\/li>\n<li>Jardim Bot\u00e2nico do Rio de Janeiro<\/li>\n<li>Minist\u00e9rio do Meio Ambiente<\/li>\n<li>Museu de Zoologia da Universidade de S\u00e3o Paulo<\/li>\n<li>Museu Nacional<\/li>\n<li>Museu Paraense Emilio Goeldi<\/li>\n<li>Programa BIOTA\/FAPESP<\/li>\n<li>Sociedade Brasileira de Zoologia<\/li>\n<li>Universidade Federal do Paran\u00e1<\/li>\n<\/ul>\n<p style=\"text-align: center;\"><a href=\"http:\/\/www.biodiversitylibrary.org\/\" target=\"_blank\"><img loading=\"lazy\" decoding=\"async\" src=\"http:\/\/eventos.scielo.org\/gbhl\/files\/2015\/02\/gbhl-300x105.png\" alt=\"\" width=\"186\" height=\"65\" \/><\/a>\u00a0<a href=\"https:\/\/www.facebook.com\/BiodiversityHeritageLibraryAfrica\"><img loading=\"lazy\" decoding=\"async\" src=\"http:\/\/eventos.scielo.org\/gbhl\/files\/2015\/02\/biodiversity-heritage-library.png\" alt=\"biodiversity-heritage-library\" width=\"73\" height=\"65\" \/><\/a> <a href=\"http:\/\/bhl.ala.org.au\/\"><img loading=\"lazy\" decoding=\"async\" src=\"http:\/\/eventos.scielo.org\/gbhl\/files\/2015\/02\/bhl_au1-300x59.png\" alt=\"\" width=\"330\" height=\"65\" \/><\/a> <a href=\"http:\/\/www.bhl-china.org\/\"><img loading=\"lazy\" decoding=\"async\" src=\"http:\/\/eventos.scielo.org\/gbhl\/files\/2015\/02\/bhl-china.png\" alt=\"bhl-china\" width=\"133\" height=\"65\" \/><\/a>\u00a0<img loading=\"lazy\" decoding=\"async\" src=\"http:\/\/eventos.scielo.org\/gbhl\/files\/2015\/02\/bhlegypt.png\" alt=\"\" width=\"223\" height=\"65\" \/>\u00a0<a href=\"http:\/\/www.bhl-europe.eu\/\" target=\"_blank\"><img loading=\"lazy\" decoding=\"async\" src=\"http:\/\/eventos.scielo.org\/gbhl\/files\/2015\/02\/bhl_eu-300x108.png\" alt=\"\" width=\"181\" height=\"65\" \/><\/a><img loading=\"lazy\" decoding=\"async\" src=\"http:\/\/eventos.scielo.org\/gbhl\/files\/2015\/04\/BHL-Mexico4.png\" alt=\"\" width=\"120\" height=\"42\" \/><\/a><img loading=\"lazy\" decoding=\"async\" src=\"http:\/\/eventos.scielo.org\/gbhl\/files\/2015\/02\/BHLSingaporelogo.png\" alt=\"\" width=\"197\" height=\"65\" \/>\u00a0<a href=\"http:\/\/www.bhlscielo.org\/\" target=\"_blank\"><img loading=\"lazy\" decoding=\"async\" src=\"http:\/\/eventos.scielo.org\/gbhl\/files\/2015\/02\/bhl-scielo1.png\" alt=\"\" width=\"106\" height=\"65\" \/><\/a><\/p>\n<h2>Local<\/h2>\n<p>Audit\u00f3rio Governador Carlos Alberto de Carvalho Pinto (FAPESP) Rua Pio XI, 1500 Alto da Lapa,\u00a0S\u00e3o Paulo-SP,\u00a005468-140.<br \/>\n<iframe loading=\"lazy\" style=\"border: 0;\" src=\"https:\/\/www.google.com\/maps\/embed?pb=!1m14!1m8!1m3!1d3657.8853884306786!2d-46.713847900000005!3d-23.5366243!3m2!1i1024!2i768!4f13.1!3m3!1m2!1s0x94cef8822717de01%3A0xef7a6dcb8bc5e0a8!2sR.+Pio+XI%2C+1500+-+Alto+de+Pinheiros%2C+S%C3%A3o+Paulo+-+SP%2C+05468-140!5e0!3m2!1spt-BR!2sbr!4v1412945467771\" width=\"80%\" height=\"500\" frameborder=\"0\"><\/iframe><\/p>\n","protected":false},"excerpt":{"rendered":"<p>A reuni\u00e3o anual de 2015 da Rede Global Biodiversity Heritage Library ser\u00e1 realizada no Brasil e abordar\u00e1 o estado de desenvolvimento da Biodiversity Heritage Library (BHL) e sistemas de informa\u00e7\u00e3o em Biodiversidade. Organizada pelos Programas SciELO e BIOTA da FAPESP, &hellip; <a href=\"https:\/\/eventos.scielo.org\/gbhl\/apresentacao\/\">Continue lendo <span class=\"meta-nav\">&rarr;<\/span><\/a><\/p>\n","protected":false},"author":3,"featured_media":0,"parent":0,"menu_order":0,"comment_status":"closed","ping_status":"closed","template":"","meta":{"footnotes":""},"class_list":["post-12","page","type-page","status-publish","hentry"],"aioseo_notices":[],"_links":{"self":[{"href":"https:\/\/eventos.scielo.org\/gbhl\/wp-json\/wp\/v2\/pages\/12","targetHints":{"allow":["GET"]}}],"collection":[{"href":"https:\/\/eventos.scielo.org\/gbhl\/wp-json\/wp\/v2\/pages"}],"about":[{"href":"https:\/\/eventos.scielo.org\/gbhl\/wp-json\/wp\/v2\/types\/page"}],"author":[{"embeddable":true,"href":"https:\/\/eventos.scielo.org\/gbhl\/wp-json\/wp\/v2\/users\/3"}],"replies":[{"embeddable":true,"href":"https:\/\/eventos.scielo.org\/gbhl\/wp-json\/wp\/v2\/comments?post=12"}],"version-history":[{"count":25,"href":"https:\/\/eventos.scielo.org\/gbhl\/wp-json\/wp\/v2\/pages\/12\/revisions"}],"predecessor-version":[{"id":284,"href":"https:\/\/eventos.scielo.org\/gbhl\/wp-json\/wp\/v2\/pages\/12\/revisions\/284"}],"wp:attachment":[{"href":"https:\/\/eventos.scielo.org\/gbhl\/wp-json\/wp\/v2\/media?parent=12"}],"curies":[{"name":"wp","href":"https:\/\/api.w.org\/{rel}","templated":true}]}}