{"id":26,"date":"2015-02-04T13:25:25","date_gmt":"2015-02-04T13:25:25","guid":{"rendered":"http:\/\/eventos.scielo.org\/gbhl\/?page_id=26"},"modified":"2015-05-25T17:12:32","modified_gmt":"2015-05-25T17:12:32","slug":"programa","status":"publish","type":"page","link":"https:\/\/eventos.scielo.org\/gbhl\/programa\/","title":{"rendered":"Programa"},"content":{"rendered":"<div style=\"background: #1F6F45; color: #ffffff; font-weight: bold; border-width: thin; border-radius: 5px; box-shadow: 2px 2px 2px #CCCCCC; padding: 2px;\"><a style=\"color: white;\" onclick=\"toggle('dia1');\" href=\"#1\"><strong>Quarta-feira, 06 de Maio 2015 &#8211; Literatura Cient\u00edfica em Biodiversidade, Instituto Butantan<\/strong><\/a><\/div>\n<div id=\"dia1\" style=\"padding-top: 2%; display: none;\">\n<div style=\"border-bottom: 1px dashed #800000;\"><span style=\"color: #800000;\">08:00 \u2013 09:00<\/span><\/div>\n<p style=\"padding-left: 30px; padding-top: 3%; font-size: 18px; color: #4d4f50;\"><strong>Caf\u00e9 de Boas-Vindas e Inscri\u00e7\u00f5es<\/strong><\/p>\n<div style=\"border-bottom: 1px dashed #800000;\"><span style=\"color: #800000;\">09:00\u00a0\u2013 10:30<\/span><\/div>\n<p style=\"padding-left: 30px; padding-top: 3%; font-size: 18px; color: #4d4f50;\"><strong>Literatura Cient\u00edfica em Biodiversidade<\/strong><\/p>\n<p style=\"padding-left: 60px;\"><strong>&#8211; Boas-Vindas<\/strong><br \/>\n<em>\u00bb\u00bb Marcelo de Franco<\/em>, Vice-Diretor do Instituto Butantan<br \/>\n<em>\u00bb\u00bb Nancy E. Gwinn<\/em>, Presidente do conselho de membros BHL, Secret\u00e1ria da BHL Global e Diretora da Smithsonian Institution Libraries<br \/>\n<em>\u00bb\u00bb Abel L. Packer<\/em>, Diretor do Programa SciELO\/FAPESP <a href=\"http:\/\/pt.slideshare.net\/scielo\/abel-packer-g-bhldayfapesp20150508\" target=\"_blank\"><img loading=\"lazy\" decoding=\"async\" style=\"text-alignment: bottom;\" src=\"http:\/\/eventos.scielo.org\/ivreuniaoscielo\/files\/2014\/12\/download.png\" alt=\"download\" width=\"15\" height=\"16\" \/><\/a><\/p>\n<p style=\"padding-left: 60px;\"><strong>&#8211; Introdu\u00e7\u00e3o \u00e0 BHL<\/strong><br \/>\n<em>\u00bb\u00bb Nancy E. Gwinn<\/em>, Presidente do conselho de membros BHL, Secret\u00e1ria da BHL Global e Diretora da Smithsonian Institution Libraries <a href=\"http:\/\/pt.slideshare.net\/scielo\/nancy-gwinn-20150508-bhl-day-neg\" target=\"_blank\"><img loading=\"lazy\" decoding=\"async\" style=\"text-alignment: bottom;\" src=\"http:\/\/eventos.scielo.org\/ivreuniaoscielo\/files\/2014\/12\/download.png\" alt=\"download\" width=\"15\" height=\"16\" \/><\/a><\/p>\n<p style=\"padding-left: 60px;\"><strong>&#8211; BHL Global<\/strong><br \/>\n<em>\u00bb\u00bb Constance Rinaldo<\/em>, Bibliotec\u00e1ria da Ernst Mayr Library, Museum of Comparative Zoology, Harvard University <a href=\"http:\/\/pt.slideshare.net\/scielo\/a-biblioteca-global-de-patrimnio-da-biodiversidade-bhl-day-constance-rinaldo\" target=\"_blank\"><img loading=\"lazy\" decoding=\"async\" style=\"text-alignment: bottom;\" src=\"http:\/\/eventos.scielo.org\/ivreuniaoscielo\/files\/2014\/12\/download.png\" alt=\"download\" width=\"15\" height=\"16\" \/><\/a><br \/>\n<em>\u00bb\u00bb Ely Wallis<\/em>, Gestora de Cole\u00e7\u00f5es Online, Museum Victoria <a href=\"http:\/\/pt.slideshare.net\/scielo\/2015-wh-ybeglobalbhutantan\" target=\"_blank\"><img loading=\"lazy\" decoding=\"async\" style=\"text-alignment: bottom;\" src=\"http:\/\/eventos.scielo.org\/ivreuniaoscielo\/files\/2014\/12\/download.png\" alt=\"download\" width=\"15\" height=\"16\" \/><\/a><\/p>\n<p style=\"padding-left: 60px;\"><strong>&#8211; Instituto Butantan: contribui\u00e7\u00e3o hist\u00f3rica e atual ao progresso do conhecimento cient\u00edfico<\/strong><br \/>\n<em>\u00bb\u00bb Marcelo de Franco<\/em>, Vice-Diretor do Instituto Butantan <a href=\"http:\/\/pt.slideshare.net\/scielo\/instituto-butantan-6th-global-biodiversity-heritage-library\" target=\"_blank\"><img loading=\"lazy\" decoding=\"async\" style=\"text-alignment: bottom;\" src=\"http:\/\/eventos.scielo.org\/ivreuniaoscielo\/files\/2014\/12\/download.png\" alt=\"download\" width=\"15\" height=\"16\" \/><\/a><\/p>\n<div style=\"border-bottom: 1px dashed #800000;\"><span style=\"color: #800000;\">10:30 \u2013 12:30<\/span><\/div>\n<p style=\"padding-left: 30px; padding-top: 3%; font-size: 18px; color: #4d4f50;\"><strong>Visita guiada ao Museu do Instituto Butantan e suas instala\u00e7\u00f5es<\/strong><\/p>\n<p style=\"padding-left: 60px;\"><em>\u00bb\u00bb restrito aos membros da gBHL<\/em><\/p>\n<div style=\"border-bottom: 1px dashed #800000;\"><span style=\"color: #800000;\">14:00 \u2013 17:00<\/span><\/div>\n<p style=\"padding-left: 30px; padding-top: 3%; font-size: 18px; color: #4d4f50;\"><strong>Reuni\u00e3o de Coordena\u00e7\u00e3o da gBHL<\/strong><\/p>\n<p style=\"padding-left: 60px;\"><em>\u00bb\u00bb restrito aos membros da gBHL<\/em><\/p>\n<\/div>\n<div style=\"background: #1F6F45; color: #ffffff; font-weight: bold; border-width: thin; border-radius: 5px; box-shadow: 2px 2px 2px #CCCCCC; padding: 2px; margin-top: 2%\"><a style=\"color: white;\" onclick=\"toggle('dia2');\" href=\"#1\"><strong>Quinta-feira, 07 de Maio 2015 &#8211; Reuni\u00e3o da gBHL, Instituto Butantan<\/strong><\/a><\/div>\n<div id=\"dia2\" style=\"padding-top: 2%; display: none;\">\n<div style=\"border-bottom: 1px dashed #800000;\"><span style=\"color: #800000;\">09:00 \u2013 17:30<\/span><\/div>\n<p style=\"padding-left: 30px; padding-top: 3%; font-size: 18px; color: #4d4f50;\"><strong>Reuni\u00e3o de Coordena\u00e7\u00e3o da gBHL<\/strong><\/p>\n<p style=\"padding-left: 60px;\"><em>\u00bb\u00bb restrito aos membros da gBHL<\/em><\/p>\n<\/div>\n<div style=\"background: #1F6F45; color: #ffffff; font-weight: bold; border-width: thin; border-radius: 5px; box-shadow: 2px 2px 2px #CCCCCC; padding: 2px; margin-top: 2%\"><a style=\"color: white;\" onclick=\"toggle('dia3');\" href=\"#1\"><strong>Sexta-feira, 08 de Maio 2015 &#8211; 6\u00aa Reuni\u00e3o Global da BHL, FAPESP<\/strong><\/a><\/div>\n<div id=\"dia3\" style=\"padding-top: 2%;\">\n<div style=\"border-bottom: 1px dashed #800000;\"><span style=\"color: #800000;\">09:00 \u2013 10:30<\/span><\/div>\n<p style=\"padding-left: 30px; padding-top: 3%; font-size: 18px; color: #4d4f50;\"><strong>Abertura<\/strong><\/p>\n<p style=\"padding-left: 60px;\"><strong>&#8211; Boas-vindas<\/strong><br \/>\n<em>\u00bb\u00bb Patr\u00edcia Faga Iglecias Lemos<\/em>, Secret\u00e1ria do Meio Ambiente do Estado de S\u00e3o Paulo<br \/>\n<em>\u00bb\u00bb Carlos A. Joly<\/em>, Diretor do Programa Biota\/FAPESP, UNICAMP, IPBES<br \/>\n<em>\u00bb\u00bb Abel L. Packer<\/em>, BHL-SciELO, Programa SciELO\/FAPESP<br \/>\n<em>\u00bb\u00bb Nancy E. Gwinn<\/em>, Presidente do conselho de membros BHL, Secret\u00e1ria da BHL Global e Diretora da Smithsonian Institution Libraries<\/p>\n<p style=\"padding-left: 60px;\"><strong>&#8211; Introdu\u00e7\u00e3o \u00e0 BHL<br \/>\n<\/strong><em>\u00bb\u00bb Nancy E. Gwinn<\/em>, Presidente do conselho de membros BHL, Secret\u00e1ria da BHL Global e Diretora da Smithsonian Institution Libraries <a href=\"http:\/\/pt.slideshare.net\/scielo\/nancy-gwinn-20150508-bhl-day-neg\" target=\"_blank\"><img loading=\"lazy\" decoding=\"async\" style=\"text-alignment: bottom;\" src=\"http:\/\/eventos.scielo.org\/ivreuniaoscielo\/files\/2014\/12\/download.png\" alt=\"download\" width=\"15\" height=\"16\" \/><\/a><\/p>\n<p style=\"padding-left: 60px;\"><strong>&#8211; BHL Global  &#8211; Estado de desenvolvimento e colabora\u00e7\u00e3o<\/strong><br \/>\n<em>\u00bb\u00bb Constance Rinaldo<\/em>, Bibliotec\u00e1ria da Ernst Mayr Library, Museum of Comparative Zoology, Harvard University <a href=\"http:\/\/pt.slideshare.net\/scielo\/a-biblioteca-global-de-patrimnio-da-biodiversidade-bhl-day-constance-rinaldo\" target=\"_blank\"><img loading=\"lazy\" decoding=\"async\" style=\"text-alignment: bottom;\" src=\"http:\/\/eventos.scielo.org\/ivreuniaoscielo\/files\/2014\/12\/download.png\" alt=\"download\" width=\"15\" height=\"16\" \/><\/a><br \/>\n<em>\u00bb\u00bb Ely Wallis<\/em>, Gestora de Cole\u00e7\u00f5es Online, Museum Victoria <a href=\"http:\/\/pt.slideshare.net\/scielo\/2015-wh-ybeglobalbhutantan\" target=\"_blank\"><img loading=\"lazy\" decoding=\"async\" style=\"text-alignment: bottom;\" src=\"http:\/\/eventos.scielo.org\/ivreuniaoscielo\/files\/2014\/12\/download.png\" alt=\"download\" width=\"15\" height=\"16\" \/><\/a><\/p>\n<p style=\"padding-left: 60px;\"><strong>&#8211; Biodiversidade no Brasil<\/strong><br \/>\n<em>\u00bb\u00bb Jos\u00e9 Sabino<\/em>, Universidade Anhanguera-Uniderp <a href=\"http:\/\/pt.slideshare.net\/scielo\/biodiversidade-brasileira-48100700\" target=\"_blank\"><img loading=\"lazy\" decoding=\"async\" style=\"text-alignment: bottom;\" src=\"http:\/\/eventos.scielo.org\/ivreuniaoscielo\/files\/2014\/12\/download.png\" alt=\"download\" width=\"15\" height=\"16\" \/><\/a><\/p>\n<p style=\"padding-left: 60px;\"><strong>&#8211; Interfaces para informar pol\u00edticas p\u00fablicas em biodiversidade<\/strong><br \/>\n<em>\u00bb\u00bb Carlos A. Joly<\/em>, Diretor do Programa Biota\/FAPESP, UNICAMP, IPBES <a href=\"http:\/\/pt.slideshare.net\/scielo\/carlos-joly-interfaces-polticas-pblicas\" target=\"_blank\"><img loading=\"lazy\" decoding=\"async\" style=\"text-alignment: bottom;\" src=\"http:\/\/eventos.scielo.org\/ivreuniaoscielo\/files\/2014\/12\/download.png\" alt=\"download\" width=\"15\" height=\"16\" \/><\/a><\/p>\n<div style=\"border-bottom: 1px dashed #800000;\"><span style=\"color: #800000;\">10:30\u00a0\u2013 11:00<\/span><\/div>\n<p style=\"padding-left: 30px; padding-top: 3%; font-size: 18px; color: #4d4f50;\"><strong>Intervalo<\/strong><\/p>\n<div style=\"border-bottom: 1px dashed #800000;\"><span style=\"color: #800000;\">11:00 \u2013 12:30<\/span><\/div>\n<p style=\"padding-left: 30px; padding-top: 3%; font-size: 18px; color: #4d4f50;\"><strong>Sistemas de Informa\u00e7\u00e3o em Biodiversidade: Global, Nacional e Local<\/strong><\/p>\n<p style=\"padding-left: 60px;\"><strong>&#8211; O sistema global da informa\u00e7\u00e3o sobre Biodiversidade (GBIF): Avan\u00e7os e perspectivas<\/strong><br \/>\n<em>\u00bb\u00bb Tim Hirsch<\/em>, GBIF <a href=\"http:\/\/pt.slideshare.net\/scielo\/tim-hirsch\" target=\"_blank\"><img loading=\"lazy\" decoding=\"async\" style=\"text-alignment: bottom;\" src=\"http:\/\/eventos.scielo.org\/ivreuniaoscielo\/files\/2014\/12\/download.png\" alt=\"download\" width=\"15\" height=\"16\" \/><\/a><\/p>\n<p style=\"padding-left: 60px;\"><strong>&#8211; Sistema Brasileiro de informa\u00e7\u00f5es em Biodiversidade<br \/>\n<\/strong><em>\u00bb\u00bb Keila Elizabeth M. Juarez<\/em>, Minist\u00e9rio da Ci\u00eancia, Tecnologia e Inova\u00e7\u00e3o <a href=\"http:\/\/pt.slideshare.net\/scielo\/a-informao-na-palma-da-mo\" target=\"_blank\"><img loading=\"lazy\" decoding=\"async\" style=\"text-alignment: bottom;\" src=\"http:\/\/eventos.scielo.org\/ivreuniaoscielo\/files\/2014\/12\/download.png\" alt=\"download\" width=\"15\" height=\"16\" \/><\/a><\/p>\n<p style=\"padding-left: 60px;\"><strong>&#8211; SinBIOTA: Informa\u00e7\u00f5es em Biodiversidade do Estado de S\u00e3o Paulo<\/strong><br \/>\n<em>\u00bb\u00bb Tiago Egger Moellwald Duque Estrada<\/em>, Gestor Executivo do Programa Biota\/FAPESP <a href=\"http:\/\/pt.slideshare.net\/scielo\/the-biotafapesp-biodiversity-database-and-information-system-sinbiotatiago-egger\" target=\"_blank\"><img loading=\"lazy\" decoding=\"async\" style=\"text-alignment: bottom;\" src=\"http:\/\/eventos.scielo.org\/ivreuniaoscielo\/files\/2014\/12\/download.png\" alt=\"download\" width=\"15\" height=\"16\" \/><\/a><\/p>\n<p style=\"padding-left: 60px;\"><strong>&#8211; A BHL e o estado da arte em digitaliza\u00e7\u00e3o<\/strong><br \/>\n<em>\u00bb\u00bb Constance Rinaldo<\/em>, Bibliotec\u00e1ria da Ernst Mayr Library, Museum of Comparative Zoology, Harvard University <a href=\"http:\/\/pt.slideshare.net\/scielo\/constance-rinaldo\" target=\"_blank\"><img loading=\"lazy\" decoding=\"async\" style=\"text-alignment: bottom;\" src=\"http:\/\/eventos.scielo.org\/ivreuniaoscielo\/files\/2014\/12\/download.png\" alt=\"download\" width=\"15\" height=\"16\" \/><\/a><\/p>\n<div style=\"border-bottom: 1px dashed #800000;\"><span style=\"color: #800000;\">12:30 &#8211; 13:00<\/span><\/div>\n<p style=\"padding-left: 30px; padding-top: 3%; font-size: 18px; color: #4d4f50;\"><strong>Encerramento<\/strong><\/p>\n<\/div>\n","protected":false},"excerpt":{"rendered":"<p>Quarta-feira, 06 de Maio 2015 &#8211; Literatura Cient\u00edfica em Biodiversidade, Instituto Butantan 08:00 \u2013 09:00 Caf\u00e9 de Boas-Vindas e Inscri\u00e7\u00f5es 09:00\u00a0\u2013 10:30 Literatura Cient\u00edfica em Biodiversidade &#8211; Boas-Vindas \u00bb\u00bb Marcelo de Franco, Vice-Diretor do Instituto Butantan \u00bb\u00bb Nancy E. Gwinn, &hellip; <a href=\"https:\/\/eventos.scielo.org\/gbhl\/programa\/\">Continue lendo <span class=\"meta-nav\">&rarr;<\/span><\/a><\/p>\n","protected":false},"author":3,"featured_media":0,"parent":0,"menu_order":0,"comment_status":"closed","ping_status":"closed","template":"","meta":{"footnotes":""},"class_list":["post-26","page","type-page","status-publish","hentry"],"aioseo_notices":[],"_links":{"self":[{"href":"https:\/\/eventos.scielo.org\/gbhl\/wp-json\/wp\/v2\/pages\/26","targetHints":{"allow":["GET"]}}],"collection":[{"href":"https:\/\/eventos.scielo.org\/gbhl\/wp-json\/wp\/v2\/pages"}],"about":[{"href":"https:\/\/eventos.scielo.org\/gbhl\/wp-json\/wp\/v2\/types\/page"}],"author":[{"embeddable":true,"href":"https:\/\/eventos.scielo.org\/gbhl\/wp-json\/wp\/v2\/users\/3"}],"replies":[{"embeddable":true,"href":"https:\/\/eventos.scielo.org\/gbhl\/wp-json\/wp\/v2\/comments?post=26"}],"version-history":[{"count":53,"href":"https:\/\/eventos.scielo.org\/gbhl\/wp-json\/wp\/v2\/pages\/26\/revisions"}],"predecessor-version":[{"id":246,"href":"https:\/\/eventos.scielo.org\/gbhl\/wp-json\/wp\/v2\/pages\/26\/revisions\/246"}],"wp:attachment":[{"href":"https:\/\/eventos.scielo.org\/gbhl\/wp-json\/wp\/v2\/media?parent=26"}],"curies":[{"name":"wp","href":"https:\/\/api.w.org\/{rel}","templated":true}]}}