{"id":2,"date":"2022-03-24T11:49:24","date_gmt":"2022-03-24T11:49:24","guid":{"rendered":"http:\/\/eventos.scielo.org\/humanidadesca\/?page_id=2"},"modified":"2022-05-20T18:10:27","modified_gmt":"2022-05-20T18:10:27","slug":"sample-page","status":"publish","type":"page","link":"https:\/\/eventos.scielo.org\/humanidadesca\/","title":{"rendered":"Apresenta\u00e7\u00e3o"},"content":{"rendered":"\n<p><strong>Objetivo geral <\/strong><\/p>\n\n\n\n<p>Discutir o avan\u00e7o e os desafios do Programa da Ci\u00eancia Aberta nos peri\u00f3dicos da \u00e1rea de Humanidades do SciELO, bem como debater suas principais inova\u00e7\u00f5es e resist\u00eancias.<\/p>\n\n\n\n<p><strong>Objetivos espec\u00edficos<\/strong><\/p>\n\n\n\n<p>Contribuir para o aperfei\u00e7oamento da infraestrutura e capacidades de comunica\u00e7\u00e3o de pesquisas dos peri\u00f3dicos de Humanidades com alta visibilidade por meio de pr\u00e1ticas de ci\u00eancia aberta. <\/p>\n\n\n\n<p><strong>Antecedentes<\/strong><\/p>\n\n\n\n<p>O Programa SciELO projeta o alinhamento de todos os peri\u00f3dicos com pr\u00e1ticas de ci\u00eancia aberta at\u00e9 o final de 2023 com as particularidades das diferentes disciplinas e \u00e1reas tem\u00e1ticas.<\/p>\n\n\n\n<p><\/p>\n\n\n\n<h2 class=\"wp-block-heading\">V\u00eddeos<\/h2>\n\n\n\n<h3 class=\"wp-block-heading\">17\/05<\/h3>\n\n\n\n<figure class=\"wp-block-embed is-type-video is-provider-youtube wp-block-embed-youtube wp-embed-aspect-16-9 wp-has-aspect-ratio\"><div class=\"wp-block-embed__wrapper\">\n<iframe loading=\"lazy\" title=\"A Ci\u00eancia Aberta nas Humanidades (17\/05)\" width=\"525\" height=\"295\" src=\"https:\/\/www.youtube.com\/embed\/pB7U2lzhNjU?feature=oembed\" frameborder=\"0\" allow=\"accelerometer; autoplay; clipboard-write; encrypted-media; gyroscope; picture-in-picture; web-share\" referrerpolicy=\"strict-origin-when-cross-origin\" allowfullscreen><\/iframe>\n<\/div><\/figure>\n\n\n\n<h3 class=\"wp-block-heading\">18\/05<\/h3>\n\n\n\n<figure class=\"wp-block-embed is-type-video is-provider-youtube wp-block-embed-youtube wp-embed-aspect-16-9 wp-has-aspect-ratio\"><div class=\"wp-block-embed__wrapper\">\n<iframe loading=\"lazy\" title=\"A Ci\u00eancia Aberta nas Humanidades (18\/05)\" width=\"525\" height=\"295\" src=\"https:\/\/www.youtube.com\/embed\/WIk-o_a53Aw?feature=oembed\" frameborder=\"0\" allow=\"accelerometer; autoplay; clipboard-write; encrypted-media; gyroscope; picture-in-picture; web-share\" referrerpolicy=\"strict-origin-when-cross-origin\" allowfullscreen><\/iframe>\n<\/div><\/figure>\n","protected":false},"excerpt":{"rendered":"<p>Objetivo geral Discutir o avan\u00e7o e os desafios do Programa da Ci\u00eancia Aberta nos peri\u00f3dicos da \u00e1rea de Humanidades do SciELO, bem como debater suas principais inova\u00e7\u00f5es e resist\u00eancias. Objetivos espec\u00edficos Contribuir para o aperfei\u00e7oamento da infraestrutura e capacidades de comunica\u00e7\u00e3o de pesquisas dos peri\u00f3dicos de Humanidades com alta visibilidade por meio de pr\u00e1ticas de &hellip; <\/p>\n<p class=\"link-more\"><a href=\"https:\/\/eventos.scielo.org\/humanidadesca\/\" class=\"more-link\">Continue lendo<span class=\"screen-reader-text\"> &#8220;Apresenta\u00e7\u00e3o&#8221;<\/span><\/a><\/p>\n","protected":false},"author":3,"featured_media":0,"parent":0,"menu_order":0,"comment_status":"closed","ping_status":"open","template":"","meta":{"footnotes":""},"class_list":["post-2","page","type-page","status-publish","hentry"],"aioseo_notices":[],"_links":{"self":[{"href":"https:\/\/eventos.scielo.org\/humanidadesca\/wp-json\/wp\/v2\/pages\/2","targetHints":{"allow":["GET"]}}],"collection":[{"href":"https:\/\/eventos.scielo.org\/humanidadesca\/wp-json\/wp\/v2\/pages"}],"about":[{"href":"https:\/\/eventos.scielo.org\/humanidadesca\/wp-json\/wp\/v2\/types\/page"}],"author":[{"embeddable":true,"href":"https:\/\/eventos.scielo.org\/humanidadesca\/wp-json\/wp\/v2\/users\/3"}],"replies":[{"embeddable":true,"href":"https:\/\/eventos.scielo.org\/humanidadesca\/wp-json\/wp\/v2\/comments?post=2"}],"version-history":[{"count":9,"href":"https:\/\/eventos.scielo.org\/humanidadesca\/wp-json\/wp\/v2\/pages\/2\/revisions"}],"predecessor-version":[{"id":217,"href":"https:\/\/eventos.scielo.org\/humanidadesca\/wp-json\/wp\/v2\/pages\/2\/revisions\/217"}],"wp:attachment":[{"href":"https:\/\/eventos.scielo.org\/humanidadesca\/wp-json\/wp\/v2\/media?parent=2"}],"curies":[{"name":"wp","href":"https:\/\/api.w.org\/{rel}","templated":true}]}}