{"id":15,"date":"2023-12-07T13:39:03","date_gmt":"2023-12-07T13:39:03","guid":{"rendered":"https:\/\/eventos.scielo.org\/i-workshop-taxonomia-fauna-br\/?page_id=15"},"modified":"2023-12-07T13:39:03","modified_gmt":"2023-12-07T13:39:03","slug":"apresentacao","status":"publish","type":"page","link":"https:\/\/eventos.scielo.org\/i-workshop-taxonomia-fauna-br\/","title":{"rendered":"Apresenta\u00e7\u00e3o"},"content":{"rendered":"\n<p>O workshop discutir\u00e1 os passos necess\u00e1rios para a elabora\u00e7\u00e3o do Cat\u00e1logo da Fauna Brasileira, conhecer a iniciativa da Lista da Flora Brasileira e o projeto BHL SciELO Biodiversidade e do seu Thesaurus em um \u00fanico cat\u00e1logo brasileiro da flora e da fauna apoiado nas redes de informa\u00e7\u00e3o BHL SciELO e EOL<\/p>\n","protected":false},"excerpt":{"rendered":"<p>O workshop discutir\u00e1 os passos necess\u00e1rios para a elabora\u00e7\u00e3o do Cat\u00e1logo da Fauna Brasileira, conhecer a iniciativa da Lista da Flora Brasileira e o projeto BHL SciELO Biodiversidade e do seu Thesaurus em um \u00fanico cat\u00e1logo brasileiro da flora e da fauna apoiado nas redes de informa\u00e7\u00e3o BHL SciELO e EOL<\/p>\n","protected":false},"author":18,"featured_media":0,"parent":0,"menu_order":0,"comment_status":"closed","ping_status":"closed","template":"","meta":{"footnotes":""},"class_list":["post-15","page","type-page","status-publish","hentry"],"aioseo_notices":[],"_links":{"self":[{"href":"https:\/\/eventos.scielo.org\/i-workshop-taxonomia-fauna-br\/wp-json\/wp\/v2\/pages\/15","targetHints":{"allow":["GET"]}}],"collection":[{"href":"https:\/\/eventos.scielo.org\/i-workshop-taxonomia-fauna-br\/wp-json\/wp\/v2\/pages"}],"about":[{"href":"https:\/\/eventos.scielo.org\/i-workshop-taxonomia-fauna-br\/wp-json\/wp\/v2\/types\/page"}],"author":[{"embeddable":true,"href":"https:\/\/eventos.scielo.org\/i-workshop-taxonomia-fauna-br\/wp-json\/wp\/v2\/users\/18"}],"replies":[{"embeddable":true,"href":"https:\/\/eventos.scielo.org\/i-workshop-taxonomia-fauna-br\/wp-json\/wp\/v2\/comments?post=15"}],"version-history":[{"count":1,"href":"https:\/\/eventos.scielo.org\/i-workshop-taxonomia-fauna-br\/wp-json\/wp\/v2\/pages\/15\/revisions"}],"predecessor-version":[{"id":16,"href":"https:\/\/eventos.scielo.org\/i-workshop-taxonomia-fauna-br\/wp-json\/wp\/v2\/pages\/15\/revisions\/16"}],"wp:attachment":[{"href":"https:\/\/eventos.scielo.org\/i-workshop-taxonomia-fauna-br\/wp-json\/wp\/v2\/media?parent=15"}],"curies":[{"name":"wp","href":"https:\/\/api.w.org\/{rel}","templated":true}]}}