{"id":17,"date":"2023-12-07T13:39:57","date_gmt":"2023-12-07T13:39:57","guid":{"rendered":"https:\/\/eventos.scielo.org\/i-workshop-taxonomia-fauna-br\/?page_id=17"},"modified":"2023-12-07T17:41:19","modified_gmt":"2023-12-07T17:41:19","slug":"programacao","status":"publish","type":"page","link":"https:\/\/eventos.scielo.org\/i-workshop-taxonomia-fauna-br\/programacao\/","title":{"rendered":"Programa\u00e7\u00e3o"},"content":{"rendered":"\n<p><strong>8:00 \u2013 10:00 Caf\u00e9 da manh\u00e3<\/strong><\/p>\n\n\n\n<p><strong>Recep\u00e7\u00e3o dos participantes<\/strong><strong><\/strong><\/p>\n\n\n\n<p><strong>10:00 \u2013 12:30<\/strong><\/p>\n\n\n\n<p><strong>Apresenta\u00e7\u00e3o do Projeto SciELO Biodiversidade-BHL-EOL [<a href=\"https:\/\/doi.org\/10.48331\/scielo.MGPKQG\" target=\"_blank\" rel=\"noopener\" title=\"\">DOWNLOAD<\/a>]<br><\/strong>Abel L. Packer, Coordenador Operacional do Projeto SciELO<\/p>\n\n\n\n<p><strong>Apresenta\u00e7\u00e3o do Projeto Cat\u00e1logo Taxon\u00f4mico das Esp\u00e9cies da Fauna Brasileira<strong> [<a href=\"https:\/\/doi.org\/10.48331\/scielo.GJEJMA\" target=\"_blank\" rel=\"noopener\" title=\"\">DOWNLOAD<\/a>]<\/strong><br><\/strong>Hussam Zaher, Coordenador Cient\u00edfico do Projeto SciELO Biodiversidade e Jos\u00e9 Eug\u00eanio Grillo, Projeto SciELO Biodiversidade<\/p>\n\n\n\n<p><strong>Di\u00e1logo com os participantes<\/strong><strong><\/strong><\/p>\n\n\n\n<p><strong>12:30 \u2013 14:00 Intervalo para almo\u00e7o<\/strong><\/p>\n\n\n\n<p><strong>14:00 \u2013 18:00<\/strong><\/p>\n\n\n\n<p><strong>Apresenta\u00e7\u00e3o do Projeto Cat\u00e1logo Taxon\u00f4mico das Esp\u00e9cies da Flora Brasileira [<a href=\"https:\/\/doi.org\/10.48331\/scielo.U8ZTQ7\" target=\"_blank\" rel=\"noopener\" title=\"\">DOWNLOAD<\/a>]<\/strong><br><em>Rafaela Forzza<\/em><strong>, <\/strong>Coordenadora Geral da Lista de Esp\u00e9cies da Flora do Brasil<\/p>\n\n\n\n<p><strong>Discuss\u00e3o e sugest\u00f5es sobre o projeto da Fauna Brasileira<\/strong><\/p>\n\n\n\n<p><strong>Defini\u00e7\u00e3o de&nbsp;metas do projeto e elabora\u00e7\u00e3o de um cronograma de atua\u00e7\u00e3o<\/strong><\/p>\n\n\n\n<p><strong>Conclus\u00f5es e recomenda\u00e7\u00f5es<\/strong><\/p>\n\n\n\n<p><strong>18:00 \u2013 18:30 Coquetel de encerramento<\/strong><\/p>\n","protected":false},"excerpt":{"rendered":"<p>8:00 \u2013 10:00 Caf\u00e9 da manh\u00e3 Recep\u00e7\u00e3o dos participantes 10:00 \u2013 12:30 Apresenta\u00e7\u00e3o do Projeto SciELO Biodiversidade-BHL-EOL [DOWNLOAD]Abel L. Packer, Coordenador Operacional do Projeto SciELO Apresenta\u00e7\u00e3o do Projeto Cat\u00e1logo Taxon\u00f4mico das Esp\u00e9cies da Fauna Brasileira [DOWNLOAD]Hussam Zaher, Coordenador Cient\u00edfico do Projeto SciELO Biodiversidade e Jos\u00e9 Eug\u00eanio Grillo, Projeto SciELO Biodiversidade Di\u00e1logo com os participantes 12:30 &hellip; <\/p>\n<p class=\"link-more\"><a href=\"https:\/\/eventos.scielo.org\/i-workshop-taxonomia-fauna-br\/programacao\/\" class=\"more-link\">Continue lendo<span class=\"screen-reader-text\"> &#8220;Programa\u00e7\u00e3o&#8221;<\/span><\/a><\/p>\n","protected":false},"author":18,"featured_media":0,"parent":0,"menu_order":0,"comment_status":"closed","ping_status":"closed","template":"","meta":{"footnotes":""},"class_list":["post-17","page","type-page","status-publish","hentry"],"aioseo_notices":[],"_links":{"self":[{"href":"https:\/\/eventos.scielo.org\/i-workshop-taxonomia-fauna-br\/wp-json\/wp\/v2\/pages\/17","targetHints":{"allow":["GET"]}}],"collection":[{"href":"https:\/\/eventos.scielo.org\/i-workshop-taxonomia-fauna-br\/wp-json\/wp\/v2\/pages"}],"about":[{"href":"https:\/\/eventos.scielo.org\/i-workshop-taxonomia-fauna-br\/wp-json\/wp\/v2\/types\/page"}],"author":[{"embeddable":true,"href":"https:\/\/eventos.scielo.org\/i-workshop-taxonomia-fauna-br\/wp-json\/wp\/v2\/users\/18"}],"replies":[{"embeddable":true,"href":"https:\/\/eventos.scielo.org\/i-workshop-taxonomia-fauna-br\/wp-json\/wp\/v2\/comments?post=17"}],"version-history":[{"count":2,"href":"https:\/\/eventos.scielo.org\/i-workshop-taxonomia-fauna-br\/wp-json\/wp\/v2\/pages\/17\/revisions"}],"predecessor-version":[{"id":50,"href":"https:\/\/eventos.scielo.org\/i-workshop-taxonomia-fauna-br\/wp-json\/wp\/v2\/pages\/17\/revisions\/50"}],"wp:attachment":[{"href":"https:\/\/eventos.scielo.org\/i-workshop-taxonomia-fauna-br\/wp-json\/wp\/v2\/media?parent=17"}],"curies":[{"name":"wp","href":"https:\/\/api.w.org\/{rel}","templated":true}]}}