{"id":10,"date":"2012-05-18T14:09:31","date_gmt":"2012-05-18T14:09:31","guid":{"rendered":"http:\/\/eventos.scielo.org\/iiiccscielolivros\/?page_id=10"},"modified":"2012-07-10T18:17:57","modified_gmt":"2012-07-10T18:17:57","slug":"participantes","status":"publish","type":"page","link":"https:\/\/eventos.scielo.org\/iiiccscielolivros\/participantes\/","title":{"rendered":"Participantes"},"content":{"rendered":"<p><strong>Membros do Comit\u00ea Consultivo<\/strong><\/p>\n<p><strong>Maria Isabel Lessa da Cunha Canto<\/strong><\/p>\n<p>Membro do Comit\u00ea Consultivo do Projeto SciELO Livros, CAPES<\/p>\n<p><strong>Ricardo Ventura<\/strong><\/p>\n<p>Membro Comit\u00ea Consultivo do Projeto SciELO Livros, Funda\u00e7\u00e3o Oswaldo Cruz,FIOCRUZ<\/p>\n<p><strong>Roberto Andr\u00e9 Kraenkel<\/strong><\/p>\n<p>Membro Comit\u00ea Consultivo do Projeto SciELO Livros, Representante da, Universidade Estadual Paulista J\u00falio Mesquita Filho &#8211; UNESP<\/p>\n<p><strong>Sheila Maluf<\/strong><\/p>\n<p>Membro Comit\u00ea Consultivo do Projeto SciELO Livros, Representante da, ABEU &#8211; Associa\u00e7\u00e3o Brasileira de Editoras Universit\u00e1rias<\/p>\n<p><strong>Wilson da Silva Gomes\u00a0<\/strong><\/p>\n<p>Membro Comit\u00ea Consultivo do Projeto SciELO Livros, Universidade da Bahia, EDUFBA<\/p>\n<p><strong>Abel L. Packer<\/strong><\/p>\n<p><span style=\"font-size: small;\">Coordenador do Projeto SciELO, Assessor de Informa\u00e7\u00e3o e Comunica\u00e7\u00e3o em Ci\u00eancia, Funda\u00e7\u00e3o de Apoio \u00e0 UNIFESP &#8211; FapUNIFESP <\/span><\/p>\n<p><strong>Secretaria T\u00e9cnica<\/strong><\/p>\n<p><strong>Adriana Luccisano<\/strong><\/p>\n<p><span style=\"font-size: small;\">Bibliotecaria, Colegiado Projeto SciELO, Funda\u00e7\u00e3o de Apoio \u00e0 UNIFESP, FapUNIFESP. Secretaria t\u00e9cnica do Projeto SciELO Livros<\/span><\/p>\n<p><strong>Amanda Ramalho<\/strong><\/p>\n<p><span style=\"font-size: small;\">T\u00e9cnico de Biblioteca, Projeto SciELO, Funda\u00e7\u00e3o de Apoio \u00e0 UNIFESP, FapUNIFESP. Secretaria t\u00e9cnica do Projeto SciELO Livros<\/span><\/p>\n<p><strong>Fabiana Montanari Lapido<\/strong><\/p>\n<p><span style=\"font-size: small;\">Bibliotecaria, Colegiado Projeto SciELO, Funda\u00e7\u00e3o de Apoio \u00e0 UNIFESP, FapUNIFESP. Secretaria t\u00e9cnica do Projeto SciELO Livros\u00a0<\/span><\/p>\n<p><strong>Giovanna Marques Brito<\/strong><\/p>\n<p>Estagi\u00e1ria, Projeto SciELO, Funda\u00e7\u00e3o de Apoio \u00e0 UNIFESP, FapUNIFESP. Secretaria t\u00e9cnica do Projeto SciELO Livros<\/p>\n<p><strong>Lilian Cal\u00f2, BIREME \/ OPAS \/ OMS<\/strong><\/p>\n<p><span style=\"font-size: small;\">Gerente de Produ\u00e7\u00e3o de Fontes de Informa\u00e7\u00e3o &#8211; PFI, BIREME\/OPAS\/OMS, Secretaria T\u00e9cnica do Projeto SciELO Livros<\/span><\/p>\n<p><strong>Rogerio Meneghini<\/strong><\/p>\n<p><span style=\"font-size: small;\">Coordenador Cient\u00edfico do Projeto SciELO, Projeto SciELO, Funda\u00e7\u00e3o de Apoio \u00e0 UNIFESP, FAP\/UNIFESP<\/span><\/p>\n<p><strong>Solange Maria dos Santos<\/strong><\/p>\n<p><span style=\"font-size: small;\">Bibliotecaria, Colegiado Projeto SciELO, Funda\u00e7\u00e3o de Apoio \u00e0 UNIFESP, FAP\/UNIFESP. Secretaria t\u00e9cnica do Projeto SciELO Livros<\/span><\/p>\n<p><strong><br \/>\n<\/strong><\/p>\n","protected":false},"excerpt":{"rendered":"<p>Membros do Comit\u00ea Consultivo Maria Isabel Lessa da Cunha Canto Membro do Comit\u00ea Consultivo do Projeto SciELO Livros, CAPES Ricardo Ventura Membro Comit\u00ea Consultivo do Projeto SciELO Livros, Funda\u00e7\u00e3o Oswaldo Cruz,FIOCRUZ Roberto Andr\u00e9 Kraenkel Membro Comit\u00ea Consultivo do Projeto SciELO &hellip; <a href=\"https:\/\/eventos.scielo.org\/iiiccscielolivros\/participantes\/\">Continue reading <span class=\"meta-nav\">&rarr;<\/span><\/a><\/p>\n","protected":false},"author":1,"featured_media":0,"parent":0,"menu_order":0,"comment_status":"closed","ping_status":"closed","template":"","meta":{"footnotes":""},"class_list":["post-10","page","type-page","status-publish","hentry"],"aioseo_notices":[],"_links":{"self":[{"href":"https:\/\/eventos.scielo.org\/iiiccscielolivros\/wp-json\/wp\/v2\/pages\/10","targetHints":{"allow":["GET"]}}],"collection":[{"href":"https:\/\/eventos.scielo.org\/iiiccscielolivros\/wp-json\/wp\/v2\/pages"}],"about":[{"href":"https:\/\/eventos.scielo.org\/iiiccscielolivros\/wp-json\/wp\/v2\/types\/page"}],"author":[{"embeddable":true,"href":"https:\/\/eventos.scielo.org\/iiiccscielolivros\/wp-json\/wp\/v2\/users\/1"}],"replies":[{"embeddable":true,"href":"https:\/\/eventos.scielo.org\/iiiccscielolivros\/wp-json\/wp\/v2\/comments?post=10"}],"version-history":[{"count":12,"href":"https:\/\/eventos.scielo.org\/iiiccscielolivros\/wp-json\/wp\/v2\/pages\/10\/revisions"}],"predecessor-version":[{"id":30,"href":"https:\/\/eventos.scielo.org\/iiiccscielolivros\/wp-json\/wp\/v2\/pages\/10\/revisions\/30"}],"wp:attachment":[{"href":"https:\/\/eventos.scielo.org\/iiiccscielolivros\/wp-json\/wp\/v2\/media?parent=10"}],"curies":[{"name":"wp","href":"https:\/\/api.w.org\/{rel}","templated":true}]}}