{"id":12,"date":"2012-05-18T14:09:41","date_gmt":"2012-05-18T14:09:41","guid":{"rendered":"http:\/\/eventos.scielo.org\/iiiccscielolivros\/?page_id=12"},"modified":"2012-07-06T11:13:55","modified_gmt":"2012-07-06T11:13:55","slug":"programacao","status":"publish","type":"page","link":"https:\/\/eventos.scielo.org\/iiiccscielolivros\/programacao\/","title":{"rendered":"Programa\u00e7\u00e3o"},"content":{"rendered":"<p><strong>III Reuni\u00e3o Comit\u00ea Consultivo SciELO Livros<\/strong><\/p>\n<p><strong><strong>S\u00e3o Paulo, 06 de Julho de 2012<\/strong><\/strong><\/p>\n<p><strong>09:30 &#8211; 09:45<\/strong><\/p>\n<p style=\"padding-left: 30px;\"><span style=\"color: #800000;\">Abertura e apresenta\u00e7\u00e3o dos objetivos da reuni\u00e3o<\/span><\/p>\n<ul>\n<li><em><em>Abel L. Packer<\/em><\/em><\/li>\n<\/ul>\n<p><strong>09:45 \u2013 10:15<\/strong><\/p>\n<p style=\"padding-left: 30px;\"><span style=\"color: #800000;\">Avalia\u00e7\u00e3o de inclus\u00e3o de novas editoras: EDUEL, EDUEPB e EdUSFCar<\/span><\/p>\n<ul>\n<li><em><em><em>Todos os participantes<\/em><\/em><\/em><\/li>\n<\/ul>\n<p><strong>10:15 \u2013 10:30<\/strong><\/p>\n<p style=\"padding-left: 30px;\"><span style=\"color: #800000;\">Avalia\u00e7\u00e3o de inclus\u00e3o da cole\u00e7\u00e3o: S\u00e9rie Notas em Matem\u00e1tica Aplicada \u2013 SBMAC<\/span><\/p>\n<ul>\n<li><em>Todos os participantes<\/em><\/li>\n<\/ul>\n<p><strong>10:30 \u2013 10:45<\/strong><\/p>\n<p style=\"padding-left: 30px;\"><span style=\"color: #800000;\">Avalia\u00e7\u00e3o de inclus\u00e3o de livros acad\u00eamicos da cole\u00e7\u00e3o FIOCRUZ<\/span><\/p>\n<ul>\n<li><em>Todos os participantes<\/em><\/li>\n<\/ul>\n<p><strong>10:45 \u2013 11:00<\/strong><\/p>\n<p style=\"padding-left: 30px;\"><span style=\"color: #800000;\">Avalia\u00e7\u00e3o de inclus\u00e3o de livros\u00a0acad\u00eamicos\u00a0da cole\u00e7\u00e3o UFBA<\/span><\/p>\n<ul>\n<li><em>Todos os participantes<\/em><\/li>\n<\/ul>\n<div><strong><strong>11:00 \u2013 11:15<\/strong><\/strong><em><br \/>\n<\/em><\/div>\n<p style=\"padding-left: 30px;\"><span style=\"color: #800000;\">Avalia\u00e7\u00e3o de inclus\u00e3o de livros\u00a0acad\u00eamicos da cole\u00e7\u00e3o\u00a0UNESP<\/span><\/p>\n<ul>\n<li><em>Todos os participantes<\/em><\/li>\n<\/ul>\n<p><strong>11:15 \u2013 11:30<\/strong><\/p>\n<p style=\"padding-left: 30px;\"><span style=\"color: #800000;\">Avalia\u00e7\u00e3o de inclus\u00e3o de livros\u00a0acad\u00eamicos da cole\u00e7\u00e3o\u00a0EDUEL<\/span><\/p>\n<ul>\n<li><em>Todos os participantes<\/em><\/li>\n<\/ul>\n<p><strong>11:30 \u2013 11:45<\/strong><\/p>\n<p style=\"padding-left: 30px;\"><span style=\"color: #800000;\">Avalia\u00e7\u00e3o de inclus\u00e3o de livros\u00a0acad\u00eamicos da cole\u00e7\u00e3o\u00a0EDUEPB<\/span><\/p>\n<ul>\n<li><em>Todos os participantes<\/em><\/li>\n<\/ul>\n<p><strong>11:45 \u2013 12:15<\/strong><\/p>\n<p style=\"padding-left: 30px;\"><span style=\"color: #800000;\">Avalia\u00e7\u00e3o de inclus\u00e3o de livros\u00a0acad\u00eamicos da cole\u00e7\u00e3o\u00a0EdUSFCar<\/span><\/p>\n<ul>\n<li><em>Todos os participantes<\/em><\/li>\n<\/ul>\n<p><strong>12:15 \u2013 13:15<\/strong><\/p>\n<p style=\"padding-left: 30px;\"><strong><\/strong><span style=\"color: #800000;\">Almo\u00e7o<\/span><\/p>\n<p><strong>13:15 \u2013 15:00<\/strong><\/p>\n<p style=\"padding-left: 30px;\"><strong><\/strong><span style=\"color: #800000;\">Outros temas<\/span><\/p>\n<ul>\n<ol>\n<li>Crit\u00e9rios de avalia\u00e7\u00e3o de t\u00edtulos individuais<\/li>\n<li>Discuss\u00e3o livros did\u00e1ticos e dicion\u00e1rios<\/li>\n<li>Substitui\u00e7\u00e3o de t\u00edtulo da cole\u00e7\u00e3o 2 t\u00edtulos da EDUFBA<\/li>\n<\/ol>\n<\/ul>\n<ul>\n<li><em>Todos os participantes<\/em><\/li>\n<\/ul>\n<p><strong>15:00 \u2013 15:30<\/strong><\/p>\n<p style=\"padding-left: 30px;\"><span style=\"color: #800000;\">Conclus\u00f5es e recomenda\u00e7\u00f5es<\/span><\/p>\n<ul>\n<li><em>Todos os participantes<\/em><\/li>\n<\/ul>\n","protected":false},"excerpt":{"rendered":"<p>III Reuni\u00e3o Comit\u00ea Consultivo SciELO Livros S\u00e3o Paulo, 06 de Julho de 2012 09:30 &#8211; 09:45 Abertura e apresenta\u00e7\u00e3o dos objetivos da reuni\u00e3o Abel L. Packer 09:45 \u2013 10:15 Avalia\u00e7\u00e3o de inclus\u00e3o de novas editoras: EDUEL, EDUEPB e EdUSFCar Todos &hellip; <a href=\"https:\/\/eventos.scielo.org\/iiiccscielolivros\/programacao\/\">Continue reading <span class=\"meta-nav\">&rarr;<\/span><\/a><\/p>\n","protected":false},"author":1,"featured_media":0,"parent":0,"menu_order":0,"comment_status":"closed","ping_status":"closed","template":"","meta":{"footnotes":""},"class_list":["post-12","page","type-page","status-publish","hentry"],"aioseo_notices":[],"_links":{"self":[{"href":"https:\/\/eventos.scielo.org\/iiiccscielolivros\/wp-json\/wp\/v2\/pages\/12","targetHints":{"allow":["GET"]}}],"collection":[{"href":"https:\/\/eventos.scielo.org\/iiiccscielolivros\/wp-json\/wp\/v2\/pages"}],"about":[{"href":"https:\/\/eventos.scielo.org\/iiiccscielolivros\/wp-json\/wp\/v2\/types\/page"}],"author":[{"embeddable":true,"href":"https:\/\/eventos.scielo.org\/iiiccscielolivros\/wp-json\/wp\/v2\/users\/1"}],"replies":[{"embeddable":true,"href":"https:\/\/eventos.scielo.org\/iiiccscielolivros\/wp-json\/wp\/v2\/comments?post=12"}],"version-history":[{"count":7,"href":"https:\/\/eventos.scielo.org\/iiiccscielolivros\/wp-json\/wp\/v2\/pages\/12\/revisions"}],"predecessor-version":[{"id":48,"href":"https:\/\/eventos.scielo.org\/iiiccscielolivros\/wp-json\/wp\/v2\/pages\/12\/revisions\/48"}],"wp:attachment":[{"href":"https:\/\/eventos.scielo.org\/iiiccscielolivros\/wp-json\/wp\/v2\/media?parent=12"}],"curies":[{"name":"wp","href":"https:\/\/api.w.org\/{rel}","templated":true}]}}