{"id":11,"date":"2017-05-10T13:15:12","date_gmt":"2017-05-10T13:15:12","guid":{"rendered":"http:\/\/eventos.scielo.org\/iiiscielo-scholarone\/?page_id=11"},"modified":"2017-08-23T13:16:09","modified_gmt":"2017-08-23T13:16:09","slug":"programa","status":"publish","type":"page","link":"https:\/\/eventos.scielo.org\/iiiscielo-scholarone\/programa\/","title":{"rendered":"Programa"},"content":{"rendered":"<div style=\"border-bottom: 1px dashed #800000;\"><span style=\"color: #800000;\">09:00 \u2013 09:15<\/span><\/div>\n<p style=\"padding-left: 30px; padding-top: 3%; font-size: 18px; color: #4d4f50;\">Abertura<\/p>\n<p style=\"padding-left: 60px;\">Alex Mendon\u00e7a,\u00a0Coordenador da Unidade de Submiss\u00e3o Online do Programa SciELO<\/p>\n<div style=\"border-bottom: 1px dashed #800000;\"><span style=\"color: #800000;\">09:15 \u2013 10:00<\/span><\/div>\n<p style=\"padding-left: 30px; padding-top: 3%; font-size: 18px; color: #4d4f50;\"><a href=\"https:\/\/www.slideshare.net\/scielo\/panorama-geral-do-scholarone-na-coleo-scielo-brasil-e-retrospectiva-2016\" target=\"_blank\">Panorama geral do <em>ScholarOne<\/em>\u00a0na Cole\u00e7\u00e3o SciELO Brasil e retrospectiva 2016<\/a><\/p>\n<p style=\"padding-left: 60px;\">Alex Mendon\u00e7a,\u00a0Coordenador da Unidade de Submiss\u00e3o Online do Programa SciELO<\/p>\n<div style=\"border-bottom: 1px dashed #800000;\"><span style=\"color: #800000;\">10:00 \u2013 10:30<\/span><\/div>\n<p style=\"padding-left: 30px; padding-top: 3%; font-size: 18px; color: #4d4f50;\"><a href=\"https:\/\/www.slideshare.net\/scielo\/orcid-iii-curso-de-atualizao-scieloscholarone\" target=\"_blank\">ORCID: Estado atual e pr\u00f3ximos avan\u00e7os<\/a><\/p>\n<p style=\"padding-left: 60px;\">Ana Heredia, Diretora Regional do ORCID na Am\u00e9rica Latina [<a href=\"http:\/\/orcid.org\/0000-0001-7862-8955\" target=\"_blank\">ORCID ID<\/a>]<\/p>\n<div style=\"border-bottom: 1px dashed #800000;\"><span style=\"color: #800000;\">10:30 \u2013 10:35<br \/>\n<\/span><\/div>\n<p style=\"padding-left: 30px; padding-top: 3%; font-size: 18px; color: #4d4f50;\"><a href=\"https:\/\/www.slideshare.net\/scielo\/relato-de-caso-pvb-iii-curso-de-atualizao-scieloscholarone\" target=\"_blank\">Relato de caso &#8211; <em>Pesquisa Veterin\u00e1ria Brasileira<\/em><\/a><\/p>\n<p style=\"padding-left: 60px;\">Rafael Grillo,\u00a0<em>Pesquisa Veterin\u00e1ria Brasileira<\/em><\/p>\n<div style=\"border-bottom: 1px dashed #800000;\"><span style=\"color: #800000;\">10:35 \u2013 10:50<\/span><\/div>\n<p style=\"padding-left: 30px; padding-top: 3%; font-size: 18px; color: #4d4f50;\"><em>Coffee Break<\/em><\/p>\n<div style=\"border-bottom: 1px dashed #800000;\"><span style=\"color: #800000;\">10:50 \u2013 11:20<\/span><\/div>\n<p style=\"padding-left: 30px; padding-top: 3%; font-size: 18px; color: #4d4f50;\"><a href=\"https:\/\/www.slideshare.net\/scielo\/interpretando-relatrios-antiplgio-iii-curso-de-atualizao-scieloscholarone\" target=\"_blank\">Mini-Workshop: interpretando relat\u00f3rios anti-pl\u00e1gio<\/a><\/p>\n<p style=\"padding-left: 60px;\">Marina Prado, Gerente da <em>Turnitin<\/em> Brasil.<\/p>\n<div style=\"border-bottom: 1px dashed #800000;\"><span style=\"color: #800000;\">11:20\u00a0\u2013 12:00<\/span><\/div>\n<p style=\"padding-left: 30px; padding-top: 3%; font-size: 18px; color: #4d4f50;\"><a href=\"https:\/\/www.slideshare.net\/scielo\/scholarone-e-os-critrios-scielo-iii-curso-de-atualizao-scieloscholarone\" target=\"_blank\"><em>ScholarOne<\/em> e os Crit\u00e9rios SciELO<\/a><\/p>\n<p style=\"padding-left: 60px;\">Alex Mendon\u00e7a,\u00a0Coordenador da Unidade de Submiss\u00e3o Online do Programa SciELO<\/p>\n<div style=\"border-bottom: 1px dashed #800000;\"><span style=\"color: #800000;\">12:00 \u2013 13:30<\/span><\/div>\n<p style=\"padding-left: 30px; padding-top: 3%; font-size: 18px; color: #4d4f50;\">Almo\u00e7o <em>(n\u00e3o incluso na inscri\u00e7\u00e3o)<\/em><\/p>\n<div style=\"border-bottom: 1px dashed #800000;\"><span style=\"color: #800000;\">13:30 \u2013 14:30<\/span><\/div>\n<p style=\"padding-left: 30px; padding-top: 3%; font-size: 18px; color: #4d4f50;\"><a href=\"https:\/\/www.slideshare.net\/scielo\/profissionalizao-iii-curso-de-atualizao-scieloscholarone\" target=\"_blank\">Profissionaliza\u00e7\u00e3o &#8211; boas pr\u00e1ticas e dicas de uso<\/a><\/p>\n<p style=\"padding-left: 60px;\">Alex Mendon\u00e7a,\u00a0Coordenador da Unidade de Submiss\u00e3o Online do Programa SciELO<\/p>\n<div style=\"border-bottom: 1px dashed #800000;\"><span style=\"color: #800000;\">14:30 \u2013 14:50<\/span><\/div>\n<p style=\"padding-left: 30px; padding-top: 3%; font-size: 18px; color: #4d4f50;\"><a href=\"https:\/\/www.slideshare.net\/scielo\/relato-de-caso-revista-latinoamericana-de-enfermagem-iii-curso-de-atualizao-scieloscholarone\" target=\"_blank\">Relato de caso &#8211; <em>Revista Latino-Americana de Enfermagem<\/em><\/a><\/p>\n<p style=\"padding-left: 60px;\">Ricardo de Oliveira Lima,\u00a0<em>Revista Latino-Americana de Enfermagem<\/em><\/p>\n<div style=\"border-bottom: 1px dashed #800000;\"><span style=\"color: #800000;\">14:50 \u2013 16:00<\/span><\/div>\n<p style=\"padding-left: 30px; padding-top: 3%; font-size: 18px; color: #4d4f50;\"><a href=\"https:\/\/youtu.be\/jTHr__XEQOs\" target=\"_blank\">Mini-curso Cognos<\/a><\/p>\n<p style=\"padding-left: 30px;\">Construindo relat\u00f3rios em tempo real<\/p>\n<p style=\"padding-left: 60px;\">Alex Mendon\u00e7a,\u00a0Coordenador da Unidade de Submiss\u00e3o Online do Programa SciELO<\/p>\n<div style=\"border-bottom: 1px dashed #800000;\"><span style=\"color: #800000;\">16:00\u00a0\u2013 16:45<\/span><\/div>\n<p style=\"padding-left: 30px; padding-top: 3%; font-size: 18px; color: #4d4f50;\"><a href=\"https:\/\/www.slideshare.net\/scielo\/o-que-vem-por-a-novidades-e-melhorias-previstas-nas-prximas-verses-do-sistema-iii-curso-de-atualizao-scieloscholarone\" target=\"_blank\">O que vem por a\u00ed? \u2013 Novidades e melhorias previstas nas pr\u00f3ximas vers\u00f5es do sistema<\/a><\/p>\n<p style=\"padding-left: 60px;\">Alex Mendon\u00e7a,\u00a0Coordenador da Unidade de Submiss\u00e3o Online do Programa SciELO<\/p>\n<div style=\"border-bottom: 1px dashed #800000;\"><span style=\"color: #800000;\">16:45 \u2013 17:00<\/span><\/div>\n<p style=\"padding-left: 30px; padding-top: 3%; font-size: 18px; color: #4d4f50;\"><a href=\"https:\/\/www.slideshare.net\/scielo\/cerimnia-de-reconhecimento-iii-curso-de-atualizao-scieloscholarone\" target=\"_blank\">Cerim\u00f4nia de\u00a0Reconhecimento<\/a><\/p>\n<p style=\"padding-left: 30px;\">Os peri\u00f3dicos e profissionais que merecem\u00a0destaque<\/p>\n<div style=\"border-bottom: 1px dashed #800000;\"><span style=\"color: #800000;\">17:00<\/span><\/div>\n<p style=\"padding-left: 30px; padding-top: 3%; font-size: 18px; color: #4d4f50;\">Encerramento<\/p>\n","protected":false},"excerpt":{"rendered":"<p>09:00 \u2013 09:15 Abertura Alex Mendon\u00e7a,\u00a0Coordenador da Unidade de Submiss\u00e3o Online do Programa SciELO 09:15 \u2013 10:00 Panorama geral do ScholarOne\u00a0na Cole\u00e7\u00e3o SciELO Brasil e retrospectiva 2016 Alex Mendon\u00e7a,\u00a0Coordenador da Unidade de Submiss\u00e3o Online do Programa SciELO 10:00 \u2013 10:30 ORCID: Estado atual e pr\u00f3ximos avan\u00e7os Ana Heredia, Diretora Regional do ORCID na Am\u00e9rica Latina &hellip; <\/p>\n<p class=\"link-more\"><a href=\"https:\/\/eventos.scielo.org\/iiiscielo-scholarone\/programa\/\" class=\"more-link\">Continue reading<span class=\"screen-reader-text\"> &#8220;Programa&#8221;<\/span><\/a><\/p>\n","protected":false},"author":3,"featured_media":62,"parent":0,"menu_order":0,"comment_status":"closed","ping_status":"closed","template":"","meta":{"footnotes":""},"class_list":["post-11","page","type-page","status-publish","has-post-thumbnail","hentry"],"aioseo_notices":[],"_links":{"self":[{"href":"https:\/\/eventos.scielo.org\/iiiscielo-scholarone\/wp-json\/wp\/v2\/pages\/11","targetHints":{"allow":["GET"]}}],"collection":[{"href":"https:\/\/eventos.scielo.org\/iiiscielo-scholarone\/wp-json\/wp\/v2\/pages"}],"about":[{"href":"https:\/\/eventos.scielo.org\/iiiscielo-scholarone\/wp-json\/wp\/v2\/types\/page"}],"author":[{"embeddable":true,"href":"https:\/\/eventos.scielo.org\/iiiscielo-scholarone\/wp-json\/wp\/v2\/users\/3"}],"replies":[{"embeddable":true,"href":"https:\/\/eventos.scielo.org\/iiiscielo-scholarone\/wp-json\/wp\/v2\/comments?post=11"}],"version-history":[{"count":22,"href":"https:\/\/eventos.scielo.org\/iiiscielo-scholarone\/wp-json\/wp\/v2\/pages\/11\/revisions"}],"predecessor-version":[{"id":395,"href":"https:\/\/eventos.scielo.org\/iiiscielo-scholarone\/wp-json\/wp\/v2\/pages\/11\/revisions\/395"}],"wp:featuredmedia":[{"embeddable":true,"href":"https:\/\/eventos.scielo.org\/iiiscielo-scholarone\/wp-json\/wp\/v2\/media\/62"}],"wp:attachment":[{"href":"https:\/\/eventos.scielo.org\/iiiscielo-scholarone\/wp-json\/wp\/v2\/media?parent=11"}],"curies":[{"name":"wp","href":"https:\/\/api.w.org\/{rel}","templated":true}]}}