{"id":11,"date":"2012-06-27T14:44:40","date_gmt":"2012-06-27T14:44:40","guid":{"rendered":"http:\/\/eventos.scielo.org\/iimarcacaopmc\/?page_id=11"},"modified":"2012-07-03T19:57:33","modified_gmt":"2012-07-03T19:57:33","slug":"apresentacao","status":"publish","type":"page","link":"https:\/\/eventos.scielo.org\/iimarcacaopmc\/","title":{"rendered":"Apresenta\u00e7\u00e3o"},"content":{"rendered":"<p>&nbsp;<\/p>\n<p>A reuni\u00e3o tem por objetivo compartilhar os servi\u00e7os da empresa inglesa <a href=\"http:\/\/www.charlesworth-group.com\">CharlesWorth Group<\/a> na \u00e1rea editora\u00e7\u00e3o de peri\u00f3dicos com destaque para a marca\u00e7\u00e3o online de textos em XML de acordo com o PubMed Central (PMC) e gera\u00e7\u00e3o dos arquivos em formato PDF e ePUB.<\/p>\n<p>Conforme discutido na &#8220;<a href=\"http:\/\/eventos.scielo.org\/marcacaopmc\/\">I Reuni\u00e3o sobre o Processo de Ado\u00e7\u00e3o do<br \/>\nSistema de Marca\u00e7\u00e3o do PubMed Central<\/a>&#8220;, os peri\u00f3dicos SciELO contar\u00e3o opcionalmente com o concurso de empresas nacionais e internacionais para a marca\u00e7\u00e3o PMC dos textos.<\/p>\n<p>&nbsp;<\/p>\n<h4><strong>Hor\u00e1rio<\/strong><\/h4>\n<p>Das 10h00 ao 12h30<\/p>\n<p>&nbsp;<\/p>\n<h4><strong>Local:<\/strong><\/h4>\n<p>Green Place Hotel<br \/>\nRua Doutor Diogo de Faria, 1201<br \/>\nVila Mariana &#8211; S\u00e3o Paulo &#8211; SP<\/p>\n<p>&nbsp;<\/p>\n<p><iframe loading=\"lazy\" src=\"https:\/\/maps.google.com.br\/maps?hl=pt-BR&amp;q=Rua+Doutor+Diogo+de+Faria,+1201&amp;ie=UTF8&amp;hq=&amp;hnear=R.+Dr.+Diogo+de+Faria,+1201+-+Vila+Mariana,+S%C3%A3o+Paulo,+04037-004&amp;t=m&amp;source=embed&amp;ll=-23.595256,-46.648464&amp;spn=0.006882,0.009098&amp;z=16&amp;output=embed\" frameborder=\"0\" marginwidth=\"0\" marginheight=\"0\" scrolling=\"no\" width=\"425\" height=\"350\"><\/iframe><br \/>\n<small><a style=\"color: #0000ff; text-align: left;\" href=\"https:\/\/maps.google.com.br\/maps?hl=pt-BR&amp;q=Rua+Doutor+Diogo+de+Faria,+1201&amp;ie=UTF8&amp;hq=&amp;hnear=R.+Dr.+Diogo+de+Faria,+1201+-+Vila+Mariana,+S%C3%A3o+Paulo,+04037-004&amp;t=m&amp;source=embed&amp;ll=-23.595256,-46.648464&amp;spn=0.006882,0.009098&amp;z=16\">Exibir mapa ampliado<\/a><\/small><\/p>\n<p>&nbsp;<\/p>\n<p>&nbsp;<\/p>\n<p>&nbsp;<\/p>\n","protected":false},"excerpt":{"rendered":"<p>&nbsp; A reuni\u00e3o tem por objetivo compartilhar os servi\u00e7os da empresa inglesa CharlesWorth Group na \u00e1rea editora\u00e7\u00e3o de peri\u00f3dicos com destaque para a marca\u00e7\u00e3o online de textos em XML de acordo com o PubMed Central (PMC) e gera\u00e7\u00e3o dos arquivos &hellip; <a href=\"https:\/\/eventos.scielo.org\/iimarcacaopmc\/\">Continue reading <span class=\"meta-nav\">&rarr;<\/span><\/a><\/p>\n","protected":false},"author":1,"featured_media":0,"parent":0,"menu_order":0,"comment_status":"closed","ping_status":"closed","template":"","meta":{"footnotes":""},"class_list":["post-11","page","type-page","status-publish","hentry"],"aioseo_notices":[],"_links":{"self":[{"href":"https:\/\/eventos.scielo.org\/iimarcacaopmc\/wp-json\/wp\/v2\/pages\/11","targetHints":{"allow":["GET"]}}],"collection":[{"href":"https:\/\/eventos.scielo.org\/iimarcacaopmc\/wp-json\/wp\/v2\/pages"}],"about":[{"href":"https:\/\/eventos.scielo.org\/iimarcacaopmc\/wp-json\/wp\/v2\/types\/page"}],"author":[{"embeddable":true,"href":"https:\/\/eventos.scielo.org\/iimarcacaopmc\/wp-json\/wp\/v2\/users\/1"}],"replies":[{"embeddable":true,"href":"https:\/\/eventos.scielo.org\/iimarcacaopmc\/wp-json\/wp\/v2\/comments?post=11"}],"version-history":[{"count":17,"href":"https:\/\/eventos.scielo.org\/iimarcacaopmc\/wp-json\/wp\/v2\/pages\/11\/revisions"}],"predecessor-version":[{"id":34,"href":"https:\/\/eventos.scielo.org\/iimarcacaopmc\/wp-json\/wp\/v2\/pages\/11\/revisions\/34"}],"wp:attachment":[{"href":"https:\/\/eventos.scielo.org\/iimarcacaopmc\/wp-json\/wp\/v2\/media?parent=11"}],"curies":[{"name":"wp","href":"https:\/\/api.w.org\/{rel}","templated":true}]}}