{"id":7,"date":"2016-05-11T21:40:55","date_gmt":"2016-05-11T21:40:55","guid":{"rendered":"http:\/\/eventos.scielo.org\/iiscielo-scholarone\/?page_id=7"},"modified":"2016-09-26T10:42:58","modified_gmt":"2016-09-26T13:42:58","slug":"apresentacao","status":"publish","type":"page","link":"https:\/\/eventos.scielo.org\/iiscielo-scholarone\/","title":{"rendered":"Apresenta\u00e7\u00e3o"},"content":{"rendered":"<p>O\u00a0<strong>II Curso de Atualiza\u00e7\u00e3o SciELO-ScholarOne\u00a0<\/strong>ser\u00e1 realizado no dia 16 de Setembro de 2016 no Audit\u00f3rio Governador Carlos Alberto de Carvalho Pinto da FAPESP, em S\u00e3o Paulo. Daremos\u00a0sequ\u00eancia \u00e0 experi\u00eancia bem sucedida da primeira edi\u00e7\u00e3o realizada no ano passado. O curso \u00e9 parte integral do programa de aperfei\u00e7oamento dos peri\u00f3dicos SciELO.<\/p>\n<p>J\u00e1 s\u00e3o 115 peri\u00f3dicos da Cole\u00e7\u00e3o SciELO Brasil que utilizam o sistema, alguns h\u00e1 mais de 4 anos. Desde ent\u00e3o, v\u00e1rios peri\u00f3dicos passaram por mudan\u00e7as em suas equipes\u00a0ou\u00a0pol\u00edticas\u200b\u00a0editoriais. Ao mesmo tempo, novos recursos foram inseridos no sistema ScholarOne. O curso tem o prop\u00f3sito de atualizar e nivelar o conhecimento entre as equipes editoriais dos peri\u00f3dicos. \u200bO Programa SciELO \/ FAPESP realiza um grande investimento para disponibilizar este servi\u00e7o e a expectativa \u00e9 alcan\u00e7ar o melhor uso poss\u00edvel do servi\u00e7o.<\/p>\n<p>A programa\u00e7\u00e3o\u00a0ser\u00e1 elaborada\u00a0com base nas linhas de a\u00e7\u00e3o SciELO de <b>Profissionaliza\u00e7\u00e3o<\/b>, <b>Internacionaliza\u00e7\u00e3o<\/b> e\u00a0<strong>Sustentabilidade<\/strong>, e abordar\u00e1 conte\u00fados avan\u00e7ados sobre o uso do sistema ScholarOne, boas pr\u00e1ticas, erros comuns, resolu\u00e7\u00e3o de problemas, dicas de uso, dentre outros.<\/p>\n<p>O conte\u00fado do curso estar\u00e1 alinhado com os novos crit\u00e9rios de admiss\u00e3o e perman\u00eancia na Cole\u00e7\u00e3o SciELO Brasil (Setembro\/2014) e de que forma o ScholarOne pode ser configurado para ajudar a atend\u00ea-los. Os Crit\u00e9rios SciELO Brasil exigem que at\u00e9 o final de 2015 todos os peri\u00f3dicos indexados devem processar a avalia\u00e7\u00e3o dos manuscritos online com um sistema ou servi\u00e7o pr\u00f3prio ou contratado que atenda os requisitos do SciELO na produ\u00e7\u00e3o de estat\u00edsticas sobre o fluxo de processamento de artigos, como s\u00e3o o n\u00famero de manuscritos recebidos, porcentagem de rejeitados imediatamente, porcentagem de aprovados ap\u00f3s avalia\u00e7\u00e3o por editores associados e pareceristas, afilia\u00e7\u00e3o nacional e estrangeira dos autores, editores e pareceristas envolvidos. Al\u00e9m do ScholarOne, o SciELO disponibiliza para os peri\u00f3dicos indexados o sistema de submiss\u00e3o OJS (Sistema SciELO de Publica\u00e7\u00e3o).<\/p>\n<p>Por fim e n\u00e3o menos importante, o curso promover\u00e1 a troca de experi\u00eancias entre as equipes editoriais dos peri\u00f3dicos participantes que abrangem diferentes \u00e1reas do conhecimento.<\/p>\n<p>A presen\u00e7a dos membros do corpo editorial e dos profissionais da equipe editorial \u00e9 muito importante para que o peri\u00f3dico possa tirar um maior proveito do sistema ScholarOne.<\/p>\n<p>Contamos com a participa\u00e7\u00e3o de todos.<\/p>\n<p><a name=\"norma\"><\/a><strong>Mini-curso Cognos<\/strong><\/p>\n<p>O Programa SciELO trar\u00e1 para os participantes do <em>II Curso de Atualiza\u00e7\u00e3o SciELO-ScholarOne<\/em> o <strong>Mini-curso Cognos:\u00a0construindo relat\u00f3rios de autores, pareceristas e editores estrangeiros<\/strong>, ministrado por Norma Roberts (ScholarOne\/Thomson Reuters).<\/p>\n<p>O mini-curso \u00e9 uma resposta \u00e0s demandas dos peri\u00f3dicos da Cole\u00e7\u00e3o SciELO Brasil que utilizam o sistema ScholarOne em aprofundarem o\u00a0conhecimento da ferramenta de constru\u00e7\u00e3o de relat\u00f3rios de estat\u00edstica. O foco do mini-curso ser\u00e1 na cria\u00e7\u00e3o de relat\u00f3rios que mostrem o percentual de autores, pareceristas e editores estrangeiros que atuaram em um dado per\u00edodo de tempo, auxiliando peri\u00f3dicos a medirem o n\u00edvel de internacionaliza\u00e7\u00e3o.<\/p>\n<p>Al\u00e9m dos relat\u00f3rios j\u00e1 citados, os participantes tamb\u00e9m aprender\u00e3o dicas de uso, atalhos e resolu\u00e7\u00e3o de problemas, oferecendo aos peri\u00f3dicos ferramentas e condi\u00e7\u00f5es para criarem outros relat\u00f3rios customizados que atendam \u00e0s suas necessidades di\u00e1rias.<\/p>\n<p>Trata-se de uma oportunidade \u00fanica de aprender diretamente com os criadores da ferramenta! O mini-curso ser\u00e1 ministrado em Ingl\u00eas com tradu\u00e7\u00e3o consecutiva em Portugu\u00eas.<\/p>\n<p><img decoding=\"async\" class=\"alignright\" src=\"http:\/\/eventos.scielo.org\/iiscielo-scholarone\/files\/2016\/05\/N_Escalante_small2-300x209.jpg\" alt=\"\" \/>Norma Roberts \u00e9 Gerente de Implementa\u00e7\u00e3o de Projetos no ScholarOne, da Thomson Reuters, e j\u00e1 est\u00e1 nessa fun\u00e7\u00e3o h\u00e1 10 anos. Desde 2011, Norma trabalha como Gerente de Implementa\u00e7\u00e3o de Projetos para o SciELO. Nesse per\u00edodo, trabalhou com SciELO no desenvolvimento do site matriz, forneceu treinamentos e suporte t\u00e9cnico, construiu mais de 150 sites ScholarOne para os peri\u00f3dicos da Cole\u00e7\u00e3o SciELO Brasil e centenas de sites para outros <em>publishers<\/em> renomados ao redor do mundo. Dentre outros trabalhos feitos por Norma enquanto parte da equipe do ScholarOne est\u00e1\u00a0o desenvolvimento de treinamentos, liderar sess\u00f5es de treinamento avan\u00e7ado, apresenta\u00e7\u00f5es nas confer\u00eancias anuais do ScholarOne, gerenciamento de testes internos para o lan\u00e7amento de novos produtos e o trabalho como Gerente de Projeto em duas iniciativas globais na Thomson Reuters.<\/p>\n<p>Norma gosta muito de seu trabalho \u2013 especialmente quando este a\u00a0desafia a aprender coisas novas e desenvolver outras\u00a0habilidades. Fora do trabalho, gosta de correr, pescar, observar p\u00e1ssaros, acampar, viajar, ler, estudar a l\u00edngua indon\u00e9sia, pintar e passar o tempo com sua fam\u00edlia. Norma adora sua vida em Utah, nos Estados Unidos, mas frequentemente se aventura em montanhas e desertos \u00e0 sua volta.<\/p>\n<p><strong>P\u00fablico <\/strong><\/p>\n<p>Equipes editoriais &#8212; incluindo editores-chefes, editores associados e membros da secretaria &#8212; dos peri\u00f3dicos SciELO que utilizam o sistema ScholarOne no processamento online de manuscritos.<\/p>\n<p><strong>Inscri\u00e7\u00f5es<\/strong><\/p>\n<p>As inscri\u00e7\u00f5es s\u00e3o limitadas e possuem valores promocionais para inscri\u00e7\u00f5es antecipadas e para m\u00faltiplos participantes. Garanta j\u00e1 a sua vaga, <a title=\"Inscri\u00e7\u00f5es\" href=\"http:\/\/eventos.scielo.org\/iiscielo-scholarone\/inscricoes\/\">registre-se<\/a>.<\/p>\n<p>Estes dados ser\u00e3o utilizados tamb\u00e9m para gerar o certificado de participa\u00e7\u00e3o no evento.<\/p>\n<h2>Local<\/h2>\n<p>Audit\u00f3rio Governador Carlos Alberto de Carvalho Pinto (FAPESP)<br \/>\nRua Pio XI, 1500<br \/>\nAlto da Lapa, S\u00e3o Paulo-SP, 05468-140.<\/p>\n<p><iframe loading=\"lazy\" style=\"border: 0;\" src=\"https:\/\/www.google.com\/maps\/embed?pb=!1m14!1m8!1m3!1d3657.8853884306786!2d-46.713847900000005!3d-23.5366243!3m2!1i1024!2i768!4f13.1!3m3!1m2!1s0x94cef8822717de01%3A0xef7a6dcb8bc5e0a8!2sR.+Pio+XI%2C+1500+-+Alto+de+Pinheiros%2C+S%C3%A3o+Paulo+-+SP%2C+05468-140!5e0!3m2!1spt-BR!2sbr!4v1412945467771\" width=\"80%\" height=\"500\" frameborder=\"0\"><\/iframe><\/p>\n<h2>Hot\u00e9is e estacionamentos<\/h2>\n<p>Sugest\u00f5es de hot\u00e9is e estacionamentos pr\u00f3ximos ao local do evento podem ser encontradas <a href=\"http:\/\/www.fapesp.br\/5661\" target=\"_blank\">aqui<\/a>.<\/p>\n<h2>Patroc\u00ednio<\/h2>\n<p><a href=\"http:\/\/thomsonreuters.com\/\" target=\"_blank\"><img decoding=\"async\" src=\"http:\/\/eventos.scielo.org\/iscielo-scholarone\/files\/2015\/07\/logo_tr.png\" alt=\"Thomson Reuters\" \/><\/a><\/p>\n","protected":false},"excerpt":{"rendered":"<p>O\u00a0II Curso de Atualiza\u00e7\u00e3o SciELO-ScholarOne\u00a0ser\u00e1 realizado no dia 16 de Setembro de 2016 no Audit\u00f3rio Governador Carlos Alberto de Carvalho Pinto da FAPESP, em S\u00e3o Paulo. Daremos\u00a0sequ\u00eancia \u00e0 experi\u00eancia bem sucedida da primeira edi\u00e7\u00e3o realizada no ano passado. O curso &hellip; <a href=\"https:\/\/eventos.scielo.org\/iiscielo-scholarone\/\">Continue reading <span class=\"meta-nav\">&rarr;<\/span><\/a><\/p>\n","protected":false},"author":3,"featured_media":0,"parent":0,"menu_order":0,"comment_status":"closed","ping_status":"closed","template":"","meta":{"footnotes":""},"class_list":["post-7","page","type-page","status-publish","hentry"],"aioseo_notices":[],"_links":{"self":[{"href":"https:\/\/eventos.scielo.org\/iiscielo-scholarone\/wp-json\/wp\/v2\/pages\/7","targetHints":{"allow":["GET"]}}],"collection":[{"href":"https:\/\/eventos.scielo.org\/iiscielo-scholarone\/wp-json\/wp\/v2\/pages"}],"about":[{"href":"https:\/\/eventos.scielo.org\/iiscielo-scholarone\/wp-json\/wp\/v2\/types\/page"}],"author":[{"embeddable":true,"href":"https:\/\/eventos.scielo.org\/iiscielo-scholarone\/wp-json\/wp\/v2\/users\/3"}],"replies":[{"embeddable":true,"href":"https:\/\/eventos.scielo.org\/iiscielo-scholarone\/wp-json\/wp\/v2\/comments?post=7"}],"version-history":[{"count":20,"href":"https:\/\/eventos.scielo.org\/iiscielo-scholarone\/wp-json\/wp\/v2\/pages\/7\/revisions"}],"predecessor-version":[{"id":133,"href":"https:\/\/eventos.scielo.org\/iiscielo-scholarone\/wp-json\/wp\/v2\/pages\/7\/revisions\/133"}],"wp:attachment":[{"href":"https:\/\/eventos.scielo.org\/iiscielo-scholarone\/wp-json\/wp\/v2\/media?parent=7"}],"curies":[{"name":"wp","href":"https:\/\/api.w.org\/{rel}","templated":true}]}}