{"id":22,"date":"2014-04-07T19:03:45","date_gmt":"2014-04-07T19:03:45","guid":{"rendered":"http:\/\/eventos.scielo.org\/imarcacaovirtualpmc\/?page_id=22"},"modified":"2014-04-08T12:30:38","modified_gmt":"2014-04-08T12:30:38","slug":"apresentacao-3","status":"publish","type":"page","link":"https:\/\/eventos.scielo.org\/imarcacaovirtualpmc\/","title":{"rendered":"Apresenta\u00e7\u00e3o"},"content":{"rendered":"<p>O objetivo da reuni\u00e3o ser\u00e1 apresentar e discutir a ado\u00e7\u00e3o \u00a0do novo sistema de marca\u00e7\u00e3o de textos completos dos peri\u00f3dicos SciELO em linguagem XMLseguindo o SciELO Publishing Schema (<a href=\"http:\/\/www.scielo.org\/php\/level.php?lang=pt&amp;component=56&amp;item=54\" target=\"_blank\">www.scielo.org\/php\/level.php?lang=pt&amp;component=56&amp;item=54<\/a>) adaptada com pequenas modifica\u00e7\u00f5es da norma\u00a0<a title=\"http:\/\/www.niso.org\/apps\/group_public\/download.php\/10591\/z39.96-2012.pdf\n\nCTRL\n\n+ Clique para seguir o link\" href=\"http:\/\/www.niso.org\/apps\/group_public\/download.php\/10591\/z39.96-2012.pdf\" target=\"_blank\">ANSI\/NISO Z39.96-2012, JATS: Journal Article Tag Suite (version 1.0)<\/a>, originada da DTD do PubMed Central da\u00a0<em>National Library of Medicine<\/em>\u00a0dos Estados Unidos.<\/p>\n<p>Todos os peri\u00f3dicos SciELO dever\u00e3o adotar a nova norma a partir de janeiro de 2015. Os peri\u00f3dicos da \u00e1rea de ci\u00eancias da sa\u00fade j\u00e1 est\u00e3o operando com a nova DTD desde Janeiro de 2014.<\/p>\n<p>A ado\u00e7\u00e3o da marca\u00e7\u00e3o do texto completo em XML \u00e9 parte da implanta\u00e7\u00e3o das linhas priorit\u00e1rias de a\u00e7\u00e3o de profissionaliza\u00e7\u00e3o, internacionaliza\u00e7\u00e3o e sustentabilidade do Programa SciELO com o objetivo de mover a edi\u00e7\u00e3o e publica\u00e7\u00e3o dos peri\u00f3dicos SciELO de acordo com o estado da arte internacional.<\/p>\n<p>A perspectiva \u00e9 que a partir de janeiro de 2015 todos os peri\u00f3dicos SciELO adotem o XML como o arquivo principal a partir do qual ser\u00e3o gerados os arquivos nos formatos HTML, PDF e EPUB e novos formatos que venham a ser desenvolvidos. A ado\u00e7\u00e3o do XML como o arquivo principal dos textos contribuir\u00e1 para melhorar a qualidade de estrutura\u00e7\u00e3o dos conte\u00fados assegurando a presen\u00e7a de todos os elementos bibliogr\u00e1ficos, facilitar\u00e1 a gera\u00e7\u00e3o de diferentes formatos de apresenta\u00e7\u00e3o para os diferentes meios de publica\u00e7\u00e3o e visualiza\u00e7\u00e3o e a preserva\u00e7\u00e3o dos textos e sua interoperabilidade.<\/p>\n<p><strong>Hor\u00e1rio<\/strong><\/p>\n<p>10h00 \u00e0s 12h00<\/p>\n<p>&nbsp;<\/p>\n<p><strong>Sala Elluminate:<\/strong><\/p>\n<p><a href=\"https:\/\/sas.elluminate.com\/m.jnlp?sid=1110&amp;password=M.01E9FBF9B44426B3DA83CF756B7C23\" target=\"_blank\">https:\/\/sas.elluminate.com\/m.jnlp?sid=1110&amp;password=M.01E9FBF9B44426B3DA83CF756B7C23<\/a><\/p>\n<p>Ao entrar na sala Elluminate, por favor, conecte-se usando seu nome e acr\u00f4nimo do peri\u00f3dico.<\/p>\n","protected":false},"excerpt":{"rendered":"<p>O objetivo da reuni\u00e3o ser\u00e1 apresentar e discutir a ado\u00e7\u00e3o \u00a0do novo sistema de marca\u00e7\u00e3o de textos completos dos peri\u00f3dicos SciELO em linguagem XMLseguindo o SciELO Publishing Schema (www.scielo.org\/php\/level.php?lang=pt&amp;component=56&amp;item=54) adaptada com pequenas modifica\u00e7\u00f5es da norma\u00a0ANSI\/NISO Z39.96-2012, JATS: Journal Article Tag &hellip; <a href=\"https:\/\/eventos.scielo.org\/imarcacaovirtualpmc\/\">Continue reading <span class=\"meta-nav\">&rarr;<\/span><\/a><\/p>\n","protected":false},"author":18,"featured_media":0,"parent":0,"menu_order":0,"comment_status":"closed","ping_status":"closed","template":"","meta":{"footnotes":""},"class_list":["post-22","page","type-page","status-publish","hentry"],"aioseo_notices":[],"_links":{"self":[{"href":"https:\/\/eventos.scielo.org\/imarcacaovirtualpmc\/wp-json\/wp\/v2\/pages\/22","targetHints":{"allow":["GET"]}}],"collection":[{"href":"https:\/\/eventos.scielo.org\/imarcacaovirtualpmc\/wp-json\/wp\/v2\/pages"}],"about":[{"href":"https:\/\/eventos.scielo.org\/imarcacaovirtualpmc\/wp-json\/wp\/v2\/types\/page"}],"author":[{"embeddable":true,"href":"https:\/\/eventos.scielo.org\/imarcacaovirtualpmc\/wp-json\/wp\/v2\/users\/18"}],"replies":[{"embeddable":true,"href":"https:\/\/eventos.scielo.org\/imarcacaovirtualpmc\/wp-json\/wp\/v2\/comments?post=22"}],"version-history":[{"count":10,"href":"https:\/\/eventos.scielo.org\/imarcacaovirtualpmc\/wp-json\/wp\/v2\/pages\/22\/revisions"}],"predecessor-version":[{"id":43,"href":"https:\/\/eventos.scielo.org\/imarcacaovirtualpmc\/wp-json\/wp\/v2\/pages\/22\/revisions\/43"}],"wp:attachment":[{"href":"https:\/\/eventos.scielo.org\/imarcacaovirtualpmc\/wp-json\/wp\/v2\/media?parent=22"}],"curies":[{"name":"wp","href":"https:\/\/api.w.org\/{rel}","templated":true}]}}