{"id":37,"date":"2014-04-08T12:13:19","date_gmt":"2014-04-08T12:13:19","guid":{"rendered":"http:\/\/eventos.scielo.org\/imarcacaovirtualpmc\/?page_id=37"},"modified":"2014-04-08T12:27:37","modified_gmt":"2014-04-08T12:27:37","slug":"registro","status":"publish","type":"page","link":"https:\/\/eventos.scielo.org\/imarcacaovirtualpmc\/registro\/","title":{"rendered":"Registro"},"content":{"rendered":"<div style=\"width: 100%; text-align: left;\"><iframe loading=\"lazy\" src=\"https:\/\/www.eventbrite.com\/tickets-external?eid=11235392361&amp;ref=etckt\" frameborder=\"0\" marginwidth=\"5\" marginheight=\"5\" scrolling=\"auto\" width=\"100%\" height=\"214\"><\/iframe><\/p>\n<div style=\"font-family: Helvetica, Arial; font-size: 10px; padding: 5px 0 5px; margin: 2px; width: 100%; text-align: left;\"><a style=\"color: #ddd; text-decoration: none;\" href=\"http:\/\/www.eventbrite.com\/r\/etckt\" target=\"_blank\">Online event registration<\/a><span style=\"color: #ddd;\"> for <\/span><a style=\"color: #ddd; text-decoration: none;\" href=\"https:\/\/www.eventbrite.com\/e\/i-reuniao-virtual-sobre-o-processo-de-adocao-do-novo-sistema-de-marcacao-tickets-11235392361?ref=etckt\" target=\"_blank\">I Reuni\u00e3o Virtual sobre o Processo de Ado\u00e7\u00e3o do novo Sistema de Marca\u00e7\u00e3o<\/a> <span style=\"color: #ddd;\">powered by<\/span> <a style=\"color: #ddd; text-decoration: none;\" href=\"http:\/\/www.eventbrite.com?ref=etckt\" target=\"_blank\">Eventbrite<\/a><\/div>\n<\/div>\n","protected":false},"excerpt":{"rendered":"<p>Online event registration for I Reuni\u00e3o Virtual sobre o Processo de Ado\u00e7\u00e3o do novo Sistema de Marca\u00e7\u00e3o powered by Eventbrite<\/p>\n","protected":false},"author":18,"featured_media":0,"parent":0,"menu_order":0,"comment_status":"closed","ping_status":"closed","template":"","meta":{"footnotes":""},"class_list":["post-37","page","type-page","status-publish","hentry"],"aioseo_notices":[],"_links":{"self":[{"href":"https:\/\/eventos.scielo.org\/imarcacaovirtualpmc\/wp-json\/wp\/v2\/pages\/37","targetHints":{"allow":["GET"]}}],"collection":[{"href":"https:\/\/eventos.scielo.org\/imarcacaovirtualpmc\/wp-json\/wp\/v2\/pages"}],"about":[{"href":"https:\/\/eventos.scielo.org\/imarcacaovirtualpmc\/wp-json\/wp\/v2\/types\/page"}],"author":[{"embeddable":true,"href":"https:\/\/eventos.scielo.org\/imarcacaovirtualpmc\/wp-json\/wp\/v2\/users\/18"}],"replies":[{"embeddable":true,"href":"https:\/\/eventos.scielo.org\/imarcacaovirtualpmc\/wp-json\/wp\/v2\/comments?post=37"}],"version-history":[{"count":2,"href":"https:\/\/eventos.scielo.org\/imarcacaovirtualpmc\/wp-json\/wp\/v2\/pages\/37\/revisions"}],"predecessor-version":[{"id":41,"href":"https:\/\/eventos.scielo.org\/imarcacaovirtualpmc\/wp-json\/wp\/v2\/pages\/37\/revisions\/41"}],"wp:attachment":[{"href":"https:\/\/eventos.scielo.org\/imarcacaovirtualpmc\/wp-json\/wp\/v2\/media?parent=37"}],"curies":[{"name":"wp","href":"https:\/\/api.w.org\/{rel}","templated":true}]}}