{"id":8,"date":"2014-04-07T18:01:01","date_gmt":"2014-04-07T18:01:01","guid":{"rendered":"http:\/\/eventos.scielo.org\/imarcacaovirtualpmc\/?page_id=8"},"modified":"2014-04-22T11:47:16","modified_gmt":"2014-04-22T11:47:16","slug":"programacao","status":"publish","type":"page","link":"https:\/\/eventos.scielo.org\/imarcacaovirtualpmc\/programacao\/","title":{"rendered":"Programa\u00e7\u00e3o"},"content":{"rendered":"<p><strong>10:00-10:45\u00a0 \u2013\u00a0 Abertura<\/strong><\/p>\n<ul>\n<li><a href=\"http:\/\/eventos.scielo.org\/imarcacaovirtualpmc\/files\/2014\/04\/SciELO-PMC-CWG-2014-04-17.pdf\" target=\"_blank\">Abel L. Packer<\/a>\u00a0\u2013 Diretor do Programa SciELO\/FAPESP<\/li>\n<\/ul>\n<p>&nbsp;<\/p>\n<p><strong>10:50-11:20<\/strong><strong>\u00a0<\/strong><strong>\u00a0 \u2013\u00a0 Textos completos em XML segundo SciELO Publishing Schema, derivado da norma <a title=\"http:\/\/www.niso.org\/apps\/group_public\/download.php\/10591\/z39.96-2012.pdf                                           CTRL                                              + Clique para seguir o link\" href=\"http:\/\/www.niso.org\/apps\/group_public\/download.php\/10591\/z39.96-2012.pdf\" target=\"_blank\">ANSI\/NISO Z39.96-2012, JATS: Journal Article Tag Suite (version 1.0)<\/a><\/strong><\/p>\n<ul>\n<li><a href=\"http:\/\/eventos.scielo.org\/imarcacaovirtualpmc\/files\/2014\/04\/I-Reuniao_SPS.pdf\" target=\"_blank\">Javani Araujo\/Eliana Salgado<\/a>\u00a0\u2013 Programa SciELO\/FAPESP, Bibliotec\u00e1rias de Produ\u00e7\u00e3o e Publica\u00e7\u00e3o<\/li>\n<\/ul>\n<p>&nbsp;<\/p>\n<p><strong>11:20-12:00\u00a0<\/strong><strong>\u00a0<\/strong><strong>\u2013<\/strong><strong>\u00a0<\/strong><strong>\u00a0<\/strong><strong>\u00a0<\/strong><strong>Encerramento, conclus\u00f5es e recomenda\u00e7\u00f5es<\/strong><\/p>\n","protected":false},"excerpt":{"rendered":"<p>10:00-10:45\u00a0 \u2013\u00a0 Abertura Abel L. Packer\u00a0\u2013 Diretor do Programa SciELO\/FAPESP &nbsp; 10:50-11:20\u00a0\u00a0 \u2013\u00a0 Textos completos em XML segundo SciELO Publishing Schema, derivado da norma ANSI\/NISO Z39.96-2012, JATS: Journal Article Tag Suite (version 1.0) Javani Araujo\/Eliana Salgado\u00a0\u2013 Programa SciELO\/FAPESP, Bibliotec\u00e1rias de &hellip; <a href=\"https:\/\/eventos.scielo.org\/imarcacaovirtualpmc\/programacao\/\">Continue reading <span class=\"meta-nav\">&rarr;<\/span><\/a><\/p>\n","protected":false},"author":18,"featured_media":0,"parent":0,"menu_order":0,"comment_status":"closed","ping_status":"closed","template":"","meta":{"footnotes":""},"class_list":["post-8","page","type-page","status-publish","hentry"],"aioseo_notices":[],"_links":{"self":[{"href":"https:\/\/eventos.scielo.org\/imarcacaovirtualpmc\/wp-json\/wp\/v2\/pages\/8","targetHints":{"allow":["GET"]}}],"collection":[{"href":"https:\/\/eventos.scielo.org\/imarcacaovirtualpmc\/wp-json\/wp\/v2\/pages"}],"about":[{"href":"https:\/\/eventos.scielo.org\/imarcacaovirtualpmc\/wp-json\/wp\/v2\/types\/page"}],"author":[{"embeddable":true,"href":"https:\/\/eventos.scielo.org\/imarcacaovirtualpmc\/wp-json\/wp\/v2\/users\/18"}],"replies":[{"embeddable":true,"href":"https:\/\/eventos.scielo.org\/imarcacaovirtualpmc\/wp-json\/wp\/v2\/comments?post=8"}],"version-history":[{"count":5,"href":"https:\/\/eventos.scielo.org\/imarcacaovirtualpmc\/wp-json\/wp\/v2\/pages\/8\/revisions"}],"predecessor-version":[{"id":49,"href":"https:\/\/eventos.scielo.org\/imarcacaovirtualpmc\/wp-json\/wp\/v2\/pages\/8\/revisions\/49"}],"wp:attachment":[{"href":"https:\/\/eventos.scielo.org\/imarcacaovirtualpmc\/wp-json\/wp\/v2\/media?parent=8"}],"curies":[{"name":"wp","href":"https:\/\/api.w.org\/{rel}","templated":true}]}}