{"id":7,"date":"2015-06-09T13:32:44","date_gmt":"2015-06-09T13:32:44","guid":{"rendered":"http:\/\/eventos.scielo.org\/iscielo-scholarone\/?page_id=7"},"modified":"2015-07-21T19:26:29","modified_gmt":"2015-07-21T19:26:29","slug":"apresentacao","status":"publish","type":"page","link":"https:\/\/eventos.scielo.org\/iscielo-scholarone\/","title":{"rendered":"Apresenta\u00e7\u00e3o"},"content":{"rendered":"<p>Como parte do programa de aperfei\u00e7oamento dos peri\u00f3dicos SciELO, temos a satisfa\u00e7\u00e3o de convid\u00e1-los a participar do\u00a0<strong>I Curso de Atualiza\u00e7\u00e3o SciELO-ScholarOne<\/strong>, que ser\u00e1 realizado no dia 07\u00a0de Agosto\u00a0de 2015 no Audit\u00f3rio Governador Carlos Alberto de Carvalho Pinto da FAPESP, em S\u00e3o Paulo.<\/p>\n<p>J\u00e1 s\u00e3o 86 peri\u00f3dicos da Cole\u00e7\u00e3o SciELO Brasil que utilizam o sistema diariamente, alguns h\u00e1 mais de 3 anos. Desde ent\u00e3o, v\u00e1rios peri\u00f3dicos passaram por mudan\u00e7as em suas equipes editoriais ou atualiza\u00e7\u00e3o das pol\u00edticas editorias. Ao mesmo tempo, novos recursos foram inseridos no sistema ScholarOne. O curso tem o prop\u00f3sito de atualizar e nivelar o conhecimento entre as equipes editoriais dos peri\u00f3dicos.<\/p>\n<p>A programa\u00e7\u00e3o abordar\u00e1 conte\u00fados avan\u00e7ados sobre o uso do sistema ScholarOne, boas pr\u00e1ticas, erros comuns, resolu\u00e7\u00e3o de problemas, dicas de uso, dentre outros. Est\u00e1 tamb\u00e9m prevista uma se\u00e7\u00e3o com aprofundamento sobre os <em>e-mails templates<\/em> e relat\u00f3rios de estat\u00edsticas do sistema com foco na cria\u00e7\u00e3o de relat\u00f3rios customizados para atender necessidades espec\u00edficas do peri\u00f3dico.<\/p>\n<p>O conte\u00fado do curso estar\u00e1 alinhado com os novos crit\u00e9rios de admiss\u00e3o e perman\u00eancia na Cole\u00e7\u00e3o SciELO Brasil (Setembro\/2014) e de que forma o ScholarOne pode ser configurado para ajudar a atend\u00ea-los.\u00a0Os Crit\u00e9rios SciELO Brasil exigem que at\u00e9 o final de 2015 todos os peri\u00f3dicos indexados devem processar a avalia\u00e7\u00e3o dos manuscritos online com um sistema ou servi\u00e7o pr\u00f3prio ou contratado que atenda os requisitos do SciELO na produ\u00e7\u00e3o de estat\u00edsticas sobre o fluxo de processamento de artigos, como s\u00e3o o n\u00famero de manuscritos recebidos, porcentagem de rejeitados imediatamente, porcentagem de aprovados ap\u00f3s avalia\u00e7\u00e3o por editores associados e pareceristas, afilia\u00e7\u00e3o nacional e estrangeira dos autores, editores e pareceristas envolvidos. Al\u00e9m do ScholarOne, o SciELO disponibiliza para os peri\u00f3dicos indexados o sistema de submiss\u00e3o OJS (Sistema SciELO de Publica\u00e7\u00e3o).<\/p>\n<p>Por fim e n\u00e3o menos importante, o curso promover\u00e1 a troca de experi\u00eancias entre as equipes editoriais dos peri\u00f3dicos participantes que abrangem diferentes \u00e1reas do conhecimento.<\/p>\n<p>A presen\u00e7a dos membros do corpo editorial e dos profissionais da equipe editorial \u00e9 muito importante para que o peri\u00f3dico possa tirar um maior proveito do sistema ScholarOne.<\/p>\n<p>Contamos com a participa\u00e7\u00e3o de todos.<\/p>\n<p><strong>P\u00fablico\u00a0<\/strong><\/p>\n<p>Equipes editoriais &#8212; incluindo editores-chefes, editores associados e membros da secretaria &#8212; dos peri\u00f3dicos SciELO que utilizam o sistema ScholarOne no processamento online de manuscritos.<\/p>\n<p><strong>Inscri\u00e7\u00f5es<\/strong><\/p>\n<p>As inscri\u00e7\u00f5es s\u00e3o limitadas e possuem valores promocionais para inscri\u00e7\u00f5es antecipadas e para m\u00faltiplos participantes. Garanta j\u00e1 a sua vaga,\u00a0<a title=\"Inscri\u00e7\u00f5es\" href=\"http:\/\/eventos.scielo.org\/iscielo-scholarone\/inscricoes\/\">registre-se<\/a>.<\/p>\n<p>Estes dados ser\u00e3o utilizados tamb\u00e9m para gerar o certificado de participa\u00e7\u00e3o no evento.<\/p>\n<h2>Local<\/h2>\n<p>Audit\u00f3rio Governador Carlos Alberto de Carvalho Pinto (FAPESP)<br \/>\nRua Pio XI, 1500<br \/>\nAlto da Lapa,\u00a0S\u00e3o Paulo-SP,\u00a005468-140.<\/p>\n<p><iframe loading=\"lazy\" style=\"border: 0;\" src=\"https:\/\/www.google.com\/maps\/embed?pb=!1m14!1m8!1m3!1d3657.8853884306786!2d-46.713847900000005!3d-23.5366243!3m2!1i1024!2i768!4f13.1!3m3!1m2!1s0x94cef8822717de01%3A0xef7a6dcb8bc5e0a8!2sR.+Pio+XI%2C+1500+-+Alto+de+Pinheiros%2C+S%C3%A3o+Paulo+-+SP%2C+05468-140!5e0!3m2!1spt-BR!2sbr!4v1412945467771\" width=\"80%\" height=\"500\" frameborder=\"0\"><\/iframe><\/p>\n<h2>Hot\u00e9is e estacionamentos<\/h2>\n<p>Sugest\u00f5es de hot\u00e9is e estacionamentos pr\u00f3ximos ao local do evento podem ser encontradas\u00a0<a href=\"http:\/\/www.fapesp.br\/5661\" target=\"_blank\">aqui<\/a>.<\/p>\n<h2>Patroc\u00ednio<\/h2>\n<p><a href=\"http:\/\/thomsonreuters.com\/\" target=\"_blank\"><img decoding=\"async\" src=\"http:\/\/eventos.scielo.org\/iscielo-scholarone\/files\/2015\/07\/logo_tr.png\" alt=\"Thomson Reuters\" \/><\/a><\/p>\n<h2>Apoio<\/h2>\n<p><a href=\"http:\/\/hgdesigndigital.com.br\/\" target=\"_blank\"><img decoding=\"async\" title=\"HG Design Digital\" src=\"http:\/\/eventos.scielo.org\/iscielo-scholarone\/files\/2015\/06\/logo_hg.png\" alt=\"HG Design Digital\" \/><\/a>\u00a0\u00a0\u00a0\u00a0\u00a0\u00a0<a href=\"http:\/\/www.editoracubo.com.br\/\" target=\"_blank\"><img decoding=\"async\" title=\"Editora Cubo\" src=\"http:\/\/eventos.scielo.org\/iscielo-scholarone\/files\/2015\/06\/logo_cubo.png\" alt=\"Editora Cubo\" \/><\/a>\u00a0\u00a0\u00a0\u00a0\u00a0\u00a0<a href=\"http:\/\/gn1.com.br\/\" target=\"_blank\"><img decoding=\"async\" title=\"GN1\" src=\"http:\/\/eventos.scielo.org\/iscielo-scholarone\/files\/2015\/07\/logo_gn1.png\" alt=\"GN1\" \/><\/a>\u00a0\u00a0\u00a0\u00a0\u00a0\u00a0<a href=\"http:\/\/www.caboverde.com.br\/\" target=\"_blank\"><img decoding=\"async\" title=\"Cabo Verde\" src=\"http:\/\/eventos.scielo.org\/iscielo-scholarone\/files\/2015\/07\/logo_caboverde.jpg\" alt=\"GN1\" \/><\/a><\/p>\n","protected":false},"excerpt":{"rendered":"<p>Como parte do programa de aperfei\u00e7oamento dos peri\u00f3dicos SciELO, temos a satisfa\u00e7\u00e3o de convid\u00e1-los a participar do\u00a0I Curso de Atualiza\u00e7\u00e3o SciELO-ScholarOne, que ser\u00e1 realizado no dia 07\u00a0de Agosto\u00a0de 2015 no Audit\u00f3rio Governador Carlos Alberto de Carvalho Pinto da FAPESP, em &hellip; <a href=\"https:\/\/eventos.scielo.org\/iscielo-scholarone\/\">Continue reading <span class=\"meta-nav\">&rarr;<\/span><\/a><\/p>\n","protected":false},"author":3,"featured_media":0,"parent":0,"menu_order":0,"comment_status":"closed","ping_status":"closed","template":"","meta":{"footnotes":""},"class_list":["post-7","page","type-page","status-publish","hentry"],"aioseo_notices":[],"_links":{"self":[{"href":"https:\/\/eventos.scielo.org\/iscielo-scholarone\/wp-json\/wp\/v2\/pages\/7","targetHints":{"allow":["GET"]}}],"collection":[{"href":"https:\/\/eventos.scielo.org\/iscielo-scholarone\/wp-json\/wp\/v2\/pages"}],"about":[{"href":"https:\/\/eventos.scielo.org\/iscielo-scholarone\/wp-json\/wp\/v2\/types\/page"}],"author":[{"embeddable":true,"href":"https:\/\/eventos.scielo.org\/iscielo-scholarone\/wp-json\/wp\/v2\/users\/3"}],"replies":[{"embeddable":true,"href":"https:\/\/eventos.scielo.org\/iscielo-scholarone\/wp-json\/wp\/v2\/comments?post=7"}],"version-history":[{"count":21,"href":"https:\/\/eventos.scielo.org\/iscielo-scholarone\/wp-json\/wp\/v2\/pages\/7\/revisions"}],"predecessor-version":[{"id":124,"href":"https:\/\/eventos.scielo.org\/iscielo-scholarone\/wp-json\/wp\/v2\/pages\/7\/revisions\/124"}],"wp:attachment":[{"href":"https:\/\/eventos.scielo.org\/iscielo-scholarone\/wp-json\/wp\/v2\/media?parent=7"}],"curies":[{"name":"wp","href":"https:\/\/api.w.org\/{rel}","templated":true}]}}