{"id":9,"date":"2015-06-09T13:33:06","date_gmt":"2015-06-09T13:33:06","guid":{"rendered":"http:\/\/eventos.scielo.org\/iscielo-scholarone\/?page_id=9"},"modified":"2015-08-11T14:38:16","modified_gmt":"2015-08-11T14:38:16","slug":"programa","status":"publish","type":"page","link":"https:\/\/eventos.scielo.org\/iscielo-scholarone\/programa\/","title":{"rendered":"Programa"},"content":{"rendered":"<p>Os pain\u00e9is ser\u00e3o ministrados por Alex Mendon\u00e7a (Unidade de Submiss\u00e3o Online do Programa SciELO), exceto quando indicado na programa\u00e7\u00e3o.<\/p>\n<div style=\"border-bottom: 1px dashed #800000;\"><span style=\"color: #800000;\">09:00 \u2013 09:30<\/span><\/div>\n<p style=\"padding-left: 30px; padding-top: 3%; font-size: 16px; color: #4d4f50;\"><strong>Abertura<br \/>\n<\/strong>Panorama geral do <em>ScholarOne<\/em> no mundo e na Cole\u00e7\u00e3o SciELO Brasil <a href=\"http:\/\/pt.slideshare.net\/scielo\/panorama-geral-do-scholar-one-no-mundo-e-na-coleo-scielo-brasil\" target=\"_blank\"><img loading=\"lazy\" decoding=\"async\" style=\"text-alignment: bottom;\" src=\"http:\/\/eventos.scielo.org\/ivreuniaoscielo\/files\/2014\/12\/download.png\" alt=\"download\" width=\"15\" height=\"16\" \/><\/a><\/p>\n<div style=\"border-bottom: 1px dashed #800000;\"><span style=\"color: #800000;\">09:30 \u2013 10:10<\/span><\/div>\n<p style=\"padding-left: 30px; padding-top: 3%; font-size: 16px; color: #4d4f50;\"><strong><em>Workshop &#8220;ScholarOne<\/em> e os Novos Crit\u00e9rios SciELO&#8221;<\/strong> <a href=\"http:\/\/pt.slideshare.net\/scielo\/workshop-scholar-one-e-os-novos-critrios-scielo-alex-mendona\" target=\"_blank\"><img loading=\"lazy\" decoding=\"async\" style=\"text-alignment: bottom;\" src=\"http:\/\/eventos.scielo.org\/ivreuniaoscielo\/files\/2014\/12\/download.png\" alt=\"download\" width=\"15\" height=\"16\" \/><\/a><\/p>\n<div style=\"border-bottom: 1px dashed #800000;\"><span style=\"color: #800000;\">10:10\u00a0\u2013 10:30<\/span><\/div>\n<p style=\"padding-left: 30px; padding-top: 3%; font-size: 16px; color: #4d4f50;\"><strong><em>ORCID &#8211; Open Researcher and Contributor ID<br \/>\n<\/em><\/strong>Lilian Pessoa, Diretora Regional do ORCID na Am\u00e9rica Latina [<a href=\"http:\/\/orcid.org\/0000-0002-3219-1820\" target=\"_blank\">ORCID ID<\/a>] <a href=\"http:\/\/pt.slideshare.net\/scielo\/scielo-7-july2015\" target=\"_blank\"><img loading=\"lazy\" decoding=\"async\" style=\"text-alignment: bottom;\" src=\"http:\/\/eventos.scielo.org\/ivreuniaoscielo\/files\/2014\/12\/download.png\" alt=\"download\" width=\"15\" height=\"16\" \/><\/a><\/p>\n<div style=\"border-bottom: 1px dashed #800000;\"><span style=\"color: #800000;\">10:30\u00a0\u2013 11:00<\/span><\/div>\n<p style=\"padding-left: 30px; padding-top: 3%; font-size: 16px; color: #4d4f50;\"><strong><em>Coffee Break<\/em><\/strong><\/p>\n<div style=\"border-bottom: 1px dashed #800000;\"><span style=\"color: #800000;\">11:00\u00a0\u2013 11:20<\/span><\/div>\n<p style=\"padding-left: 30px; padding-top: 3%; font-size: 16px; color: #4d4f50;\"><strong>Acordo ABEC\/<em>iThenticate<br \/>\n<\/em><\/strong>Silvia Galletti, vice-presidente da Associa\u00e7\u00e3o Brasileira de Editores Cient\u00edficos (ABEC)\u00a0[<a href=\"http:\/\/buscatextual.cnpq.br\/buscatextual\/visualizacv.do?metodo=apresentar&amp;id=K4799692T9\" target=\"_blank\">Lattes<\/a>] <a href=\"http:\/\/pt.slideshare.net\/scielo\/acordo-abecithenticate-silvia-galletti\" target=\"_blank\"><img loading=\"lazy\" decoding=\"async\" style=\"text-alignment: bottom;\" src=\"http:\/\/eventos.scielo.org\/ivreuniaoscielo\/files\/2014\/12\/download.png\" alt=\"download\" width=\"15\" height=\"16\" \/><\/a><\/p>\n<div style=\"border-bottom: 1px dashed #800000;\"><span style=\"color: #800000;\">11:20\u00a0\u2013 12:30<\/span><\/div>\n<p style=\"padding-left: 30px; padding-top: 3%; font-size: 16px; color: #4d4f50;\"><strong>Boas pr\u00e1ticas, erros comuns, resolu\u00e7\u00e3o de problemas\u00a0e\u00a0dicas de uso\u00a0no <em>ScholarOne<\/em><\/strong> <a href=\"http:\/\/pt.slideshare.net\/scielo\/boas-prticas-erros-comuns-resoluo-de-problemas-e-dicas-de-uso-no-scholarone-alex-mendona\" target=\"_blank\"><img loading=\"lazy\" decoding=\"async\" style=\"text-alignment: bottom;\" src=\"http:\/\/eventos.scielo.org\/ivreuniaoscielo\/files\/2014\/12\/download.png\" alt=\"download\" width=\"15\" height=\"16\" \/><\/a><\/p>\n<ul>\n<li style=\"padding-left: 30px;\">Controle de fasc\u00edculos (<em>Issue Management<\/em>)<\/li>\n<li style=\"padding-left: 30px;\">Submiss\u00f5es duplicadas (<em>Duplicate Submission Check<\/em>)<\/li>\n<li style=\"padding-left: 30px;\">Fluxo de autores convidados (<em>Invited Workflow<\/em>)<\/li>\n<li style=\"padding-left: 30px;\">Import\u00e2ncia do<em>\u00a0FundRef<\/em><\/li>\n<li style=\"padding-left: 30px;\">Uso incorreto\u00a0da Decis\u00e3o Imediata\u00a0(<em>Immediate Decision<\/em>)<\/li>\n<li style=\"padding-left: 30px;\">Teste de similaridade de textos para identifica\u00e7\u00e3o de poss\u00edveis pl\u00e1gios (<em>iThenticate<\/em>)<\/li>\n<li style=\"padding-left: 30px;\">Arquivamento de submiss\u00f5es<\/li>\n<li style=\"padding-left: 30px;\">Solu\u00e7\u00f5es para cobran\u00e7a de APC (<em>Article Processing Charge<\/em>)<\/li>\n<li style=\"padding-left: 30px;\">Outros<\/li>\n<\/ul>\n<div style=\"border-bottom: 1px dashed #800000;\"><span style=\"color: #800000;\">12:30\u00a0\u2013 13:30<\/span><\/div>\n<p style=\"padding-left: 30px; padding-top: 3%; font-size: 16px; color: #4d4f50;\"><strong>Almo\u00e7o <\/strong><em>(n\u00e3o incluso na inscri\u00e7\u00e3o)<\/em><\/p>\n<div style=\"border-bottom: 1px dashed #800000;\"><span style=\"color: #800000;\">13:30 \u2013 14:30<\/span><\/div>\n<p style=\"padding-left: 30px; padding-top: 3%; font-size: 16px; color: #4d4f50;\"><strong>Entendendo melhor\u00a0os <em>E-mail Templates<\/em><\/strong> <a href=\"http:\/\/pt.slideshare.net\/scielo\/entendendo-melhor-os-emails-templates-alex-mendona\" target=\"_blank\"><img loading=\"lazy\" decoding=\"async\" style=\"text-alignment: bottom;\" src=\"http:\/\/eventos.scielo.org\/ivreuniaoscielo\/files\/2014\/12\/download.png\" alt=\"download\" width=\"15\" height=\"16\" \/><\/a><\/p>\n<div style=\"border-bottom: 1px dashed #800000;\"><span style=\"color: #800000;\">14:30\u00a0\u2013 15:30<\/span><\/div>\n<p style=\"padding-left: 30px; padding-top: 3%; font-size: 16px; color: #4d4f50;\"><strong>Desmistificando o<em> Cognos<\/em> &#8211; Construindo relat\u00f3rios de estat\u00edsticas customizados<\/strong> <a href=\"http:\/\/pt.slideshare.net\/scielo\/desmistificando-o-cognos-construindo-relatrios-de-estatsticas-customizados-alex-mendona\" target=\"_blank\"><img loading=\"lazy\" decoding=\"async\" style=\"text-alignment: bottom;\" src=\"http:\/\/eventos.scielo.org\/ivreuniaoscielo\/files\/2014\/12\/download.png\" alt=\"download\" width=\"15\" height=\"16\" \/><\/a><\/p>\n<div style=\"border-bottom: 1px dashed #800000;\"><span style=\"color: #800000;\">15:30 \u2013 15:45<\/span><\/div>\n<p style=\"padding-left: 30px; padding-top: 3%; font-size: 16px; color: #4d4f50;\"><strong>Get Help Now e<em>\u00a0ScholarOne Ideas<\/em><\/strong> <a href=\"http:\/\/pt.slideshare.net\/scielo\/get-help-now-e-scholarone-ideas-alex-mendona\" target=\"_blank\"><img loading=\"lazy\" decoding=\"async\" style=\"text-alignment: bottom;\" src=\"http:\/\/eventos.scielo.org\/ivreuniaoscielo\/files\/2014\/12\/download.png\" alt=\"download\" width=\"15\" height=\"16\" \/><\/a><\/p>\n<div style=\"border-bottom: 1px dashed #800000;\"><span style=\"color: #800000;\">15:45 \u2013 16:15<\/span><\/div>\n<p style=\"padding-left: 30px; padding-top: 3%; font-size: 16px; color: #4d4f50;\"><strong>O que vem por a\u00ed? &#8211; Novidades e melhorias previstas nas pr\u00f3ximas vers\u00f5es do sistema<\/strong> <a href=\"http:\/\/pt.slideshare.net\/scielo\/o-que-vem-por-a-novidades-e-melhorias-previstas-nas-prximas-verses-do-sistema-alex-mendona\" target=\"_blank\"><img loading=\"lazy\" decoding=\"async\" style=\"text-alignment: bottom;\" src=\"http:\/\/eventos.scielo.org\/ivreuniaoscielo\/files\/2014\/12\/download.png\" alt=\"download\" width=\"15\" height=\"16\" \/><\/a><\/p>\n<div style=\"border-bottom: 1px dashed #800000;\"><span style=\"color: #800000;\">16:15 \u2013 16:45<\/span><\/div>\n<p style=\"padding-left: 30px; padding-top: 3%; font-size: 16px; color: #4d4f50;\"><strong>Perguntas e respostas, coment\u00e1rios\u00a0e\u00a0considera\u00e7\u00f5es finais<\/strong><\/p>\n<div style=\"border-bottom: 1px dashed #800000;\"><span style=\"color: #800000;\">16:45 \u2013 17:00<\/span><\/div>\n<p style=\"padding-left: 30px; padding-top: 3%; font-size: 16px; color: #4d4f50;\"><strong>Cerim\u00f4nia de\u00a0Reconhecimento <a href=\"http:\/\/pt.slideshare.net\/scielo\/cerimnia-de-reconhecimento-alex-mendona\" target=\"_blank\"><img loading=\"lazy\" decoding=\"async\" style=\"text-alignment: bottom;\" src=\"http:\/\/eventos.scielo.org\/ivreuniaoscielo\/files\/2014\/12\/download.png\" alt=\"download\" width=\"15\" height=\"16\" \/><\/a><br \/>\n<\/strong>Os peri\u00f3dicos e profissionais que merecem\u00a0destaque<strong><br \/>\n<\/strong><\/p>\n<div style=\"border-bottom: 1px dashed #800000;\"><span style=\"color: #800000;\">17:00<\/span><\/div>\n<p style=\"padding-left: 30px; padding-top: 3%; font-size: 16px; color: #4d4f50;\"><strong>Encerramento<\/strong><\/p>\n<p style=\"padding-top: 3%; font-size: 16px; color: #4d4f50; text-align: right;\"><em>* Programa\u00e7\u00e3o sujeita a altera\u00e7\u00e3o.<\/em><\/p>\n","protected":false},"excerpt":{"rendered":"<p>Os pain\u00e9is ser\u00e3o ministrados por Alex Mendon\u00e7a (Unidade de Submiss\u00e3o Online do Programa SciELO), exceto quando indicado na programa\u00e7\u00e3o. 09:00 \u2013 09:30 Abertura Panorama geral do ScholarOne no mundo e na Cole\u00e7\u00e3o SciELO Brasil 09:30 \u2013 10:10 Workshop &#8220;ScholarOne e &hellip; <a href=\"https:\/\/eventos.scielo.org\/iscielo-scholarone\/programa\/\">Continue reading <span class=\"meta-nav\">&rarr;<\/span><\/a><\/p>\n","protected":false},"author":3,"featured_media":0,"parent":0,"menu_order":0,"comment_status":"closed","ping_status":"closed","template":"","meta":{"footnotes":""},"class_list":["post-9","page","type-page","status-publish","hentry"],"aioseo_notices":[],"_links":{"self":[{"href":"https:\/\/eventos.scielo.org\/iscielo-scholarone\/wp-json\/wp\/v2\/pages\/9","targetHints":{"allow":["GET"]}}],"collection":[{"href":"https:\/\/eventos.scielo.org\/iscielo-scholarone\/wp-json\/wp\/v2\/pages"}],"about":[{"href":"https:\/\/eventos.scielo.org\/iscielo-scholarone\/wp-json\/wp\/v2\/types\/page"}],"author":[{"embeddable":true,"href":"https:\/\/eventos.scielo.org\/iscielo-scholarone\/wp-json\/wp\/v2\/users\/3"}],"replies":[{"embeddable":true,"href":"https:\/\/eventos.scielo.org\/iscielo-scholarone\/wp-json\/wp\/v2\/comments?post=9"}],"version-history":[{"count":29,"href":"https:\/\/eventos.scielo.org\/iscielo-scholarone\/wp-json\/wp\/v2\/pages\/9\/revisions"}],"predecessor-version":[{"id":212,"href":"https:\/\/eventos.scielo.org\/iscielo-scholarone\/wp-json\/wp\/v2\/pages\/9\/revisions\/212"}],"wp:attachment":[{"href":"https:\/\/eventos.scielo.org\/iscielo-scholarone\/wp-json\/wp\/v2\/media?parent=9"}],"curies":[{"name":"wp","href":"https:\/\/api.w.org\/{rel}","templated":true}]}}