{"id":11,"date":"2015-01-23T11:42:21","date_gmt":"2015-01-23T11:42:21","guid":{"rendered":"http:\/\/eventos.scielo.org\/ivccbhlscielo\/?page_id=11"},"modified":"2015-02-02T16:07:30","modified_gmt":"2015-02-02T16:07:30","slug":"apresentacao","status":"publish","type":"page","link":"https:\/\/eventos.scielo.org\/ivccbhlscielo\/","title":{"rendered":"Apresenta\u00e7\u00e3o"},"content":{"rendered":"<p>A IV Reuni\u00e3o do Comit\u00ea Consultivo da Rede BHL SciELO estar\u00e1 dedicada \u00e0 coordena\u00e7\u00e3o das a\u00e7\u00f5es necess\u00e1rias para a realiza\u00e7\u00e3o da reuni\u00e3o anual da Global Biodiversity Heritage Library (gBHL), no Brasil, nos dias 6 a 8 maio de 2015, \u00e0 an\u00e1lise dos avan\u00e7os e situa\u00e7\u00e3o atual da Rede BHL SciELO, bem como \u00e0 discuss\u00e3o de propostas e encaminhamentos para o seu desenvolvimento futuro.<\/p>\n","protected":false},"excerpt":{"rendered":"<p>A IV Reuni\u00e3o do Comit\u00ea Consultivo da Rede BHL SciELO estar\u00e1 dedicada \u00e0 coordena\u00e7\u00e3o das a\u00e7\u00f5es necess\u00e1rias para a realiza\u00e7\u00e3o da reuni\u00e3o anual da Global Biodiversity Heritage Library (gBHL), no Brasil, nos dias 6 a 8 maio de 2015, \u00e0 &hellip; <a href=\"https:\/\/eventos.scielo.org\/ivccbhlscielo\/\">Continue reading <span class=\"meta-nav\">&rarr;<\/span><\/a><\/p>\n","protected":false},"author":1,"featured_media":0,"parent":0,"menu_order":1,"comment_status":"closed","ping_status":"closed","template":"","meta":{"footnotes":""},"class_list":["post-11","page","type-page","status-publish","hentry"],"aioseo_notices":[],"_links":{"self":[{"href":"https:\/\/eventos.scielo.org\/ivccbhlscielo\/wp-json\/wp\/v2\/pages\/11","targetHints":{"allow":["GET"]}}],"collection":[{"href":"https:\/\/eventos.scielo.org\/ivccbhlscielo\/wp-json\/wp\/v2\/pages"}],"about":[{"href":"https:\/\/eventos.scielo.org\/ivccbhlscielo\/wp-json\/wp\/v2\/types\/page"}],"author":[{"embeddable":true,"href":"https:\/\/eventos.scielo.org\/ivccbhlscielo\/wp-json\/wp\/v2\/users\/1"}],"replies":[{"embeddable":true,"href":"https:\/\/eventos.scielo.org\/ivccbhlscielo\/wp-json\/wp\/v2\/comments?post=11"}],"version-history":[{"count":6,"href":"https:\/\/eventos.scielo.org\/ivccbhlscielo\/wp-json\/wp\/v2\/pages\/11\/revisions"}],"predecessor-version":[{"id":39,"href":"https:\/\/eventos.scielo.org\/ivccbhlscielo\/wp-json\/wp\/v2\/pages\/11\/revisions\/39"}],"wp:attachment":[{"href":"https:\/\/eventos.scielo.org\/ivccbhlscielo\/wp-json\/wp\/v2\/media?parent=11"}],"curies":[{"name":"wp","href":"https:\/\/api.w.org\/{rel}","templated":true}]}}