{"id":14,"date":"2015-01-23T11:50:44","date_gmt":"2015-01-23T11:50:44","guid":{"rendered":"http:\/\/eventos.scielo.org\/ivccbhlscielo\/?page_id=14"},"modified":"2015-02-24T16:40:34","modified_gmt":"2015-02-24T16:40:34","slug":"programa","status":"publish","type":"page","link":"https:\/\/eventos.scielo.org\/ivccbhlscielo\/programa\/","title":{"rendered":"Programa"},"content":{"rendered":"<div style=\"border-bottom: 1px dashed #800000;\"><span style=\"color: #800000;\">Tema 1<\/span><\/div>\n<p style=\"padding-left: 30px; padding-top: 3%; font-size: 18px; color: #4d4f50;\"><strong>Abertura,\u00a0<strong>apresenta\u00e7\u00e3o dos objetivos da reuni\u00e3o e revis\u00e3o da agenda<\/strong><\/strong><\/p>\n<p style=\"padding-left: 120px;\"><em>Abel L Packer,\u00a0Coordenador da Rede BHL-SciELO e do Comit\u00ea Consultivo da Rede BHL-SciELO<\/em><\/p>\n<div style=\"border-bottom: 1px dashed #800000;\"><span style=\"color: #800000;\">Tema 2<\/span><\/div>\n<p style=\"padding-left: 30px; padding-top: 3%; font-size: 18px; color: #4d4f50;\"><strong><strong>Reuni\u00e3o da Rede Global Biodiversity Heritage Library<\/strong><br \/>\n<\/strong><\/p>\n<p style=\"padding-left: 90px;\">A\u00e7\u00f5es cooperativas de organiza\u00e7\u00e3o e divulga\u00e7\u00e3o<\/p>\n<p style=\"padding-left: 90px;\">Agenda<\/p>\n<p style=\"padding-left: 120px;\"><em>Abel L Packer,\u00a0Coordenador da Rede BHL-SciELO\u00a0e\u00a0do Comit\u00ea Consultivo da Rede BHL-SciELO<\/em><\/p>\n<div style=\"border-bottom: 1px dashed #800000;\"><span style=\"color: #800000;\">Tema 3<\/span><\/div>\n<p style=\"padding-left: 30px; padding-top: 3%; font-size: 18px; color: #4d4f50;\"><strong>Apresenta\u00e7\u00e3o\u00a0e discuss\u00e3o dos avan\u00e7os e estado atual da Rede BHL SciELO\u00a0<a href=\"http:\/\/pt.slideshare.net\/scielo\/iv-reuniao-bhlscielofabianaabel\" target=\"_blank\"><img loading=\"lazy\" decoding=\"async\" style=\"text-alignment: bottom;\" src=\"http:\/\/eventos.scielo.org\/ivreuniaoscielo\/files\/2014\/12\/download.png\" alt=\"download\" width=\"15\" height=\"16\" \/><\/a><\/strong><\/p>\n<p style=\"padding-left: 90px;\">Portal da Rede BHL-SciELO e suas fontes de informa\u00e7\u00e3o<\/p>\n<p style=\"padding-left: 90px;\">Cole\u00e7\u00e3o de Obras Essenciais em Biodiversidade<\/p>\n<p style=\"padding-left: 120px;\"><em>Fabiana Montanari, Consultora<\/em><\/p>\n<div style=\"border-bottom: 1px dashed #800000;\"><span style=\"color: #800000;\">Tema\u00a04<\/span><\/div>\n<p style=\"padding-left: 30px; padding-top: 3%; font-size: 18px; color: #4d4f50;\"><strong><strong>Desenvolvimento futuro da Rede BHL-SciELO<\/strong><br \/>\n<\/strong><\/p>\n<p style=\"padding-left: 90px;\">Projeto para continuar com a digitaliza\u00e7\u00e3o e processamento das obras essenciais em biodiversidade<\/p>\n<p style=\"padding-left: 90px;\">A\u00e7\u00f5es conjuntas para a profissionaliza\u00e7\u00e3o, internacionaliza\u00e7\u00e3o e sustentabilidade financeira dos peri\u00f3dicos SciELO em Biodiversidade<\/p>\n<p style=\"padding-left: 90px;\">Blog SciELO em Perspectiva Biodiversidade<\/p>\n<p style=\"padding-left: 120px;\"><em>Abel L Packer,\u00a0Coordenador da Rede BHL-SciELO e\u00a0do Comit\u00ea Consultivo da Rede BHL-SciELO<\/em><\/p>\n<div style=\"border-bottom: 1px dashed #800000;\"><span style=\"color: #800000;\">Tema\u00a05<\/span><\/div>\n<p style=\"padding-left: 30px; padding-top: 3%; font-size: 18px; color: #800000;\"><strong><strong>Outros Temas<\/strong><\/strong><\/p>\n<div style=\"border-bottom: 1px dashed #800000;\"><span style=\"color: #800000;\">Tema\u00a06<\/span><\/div>\n<p style=\"padding-left: 30px; padding-top: 3%; font-size: 18px; color: #4d4f50;\"><strong>Conclus\u00f5es e recomenda\u00e7\u00f5es<\/strong><\/p>\n","protected":false},"excerpt":{"rendered":"<p>Tema 1 Abertura,\u00a0apresenta\u00e7\u00e3o dos objetivos da reuni\u00e3o e revis\u00e3o da agenda Abel L Packer,\u00a0Coordenador da Rede BHL-SciELO e do Comit\u00ea Consultivo da Rede BHL-SciELO Tema 2 Reuni\u00e3o da Rede Global Biodiversity Heritage Library A\u00e7\u00f5es cooperativas de organiza\u00e7\u00e3o e divulga\u00e7\u00e3o Agenda &hellip; <a href=\"https:\/\/eventos.scielo.org\/ivccbhlscielo\/programa\/\">Continue reading <span class=\"meta-nav\">&rarr;<\/span><\/a><\/p>\n","protected":false},"author":1,"featured_media":0,"parent":0,"menu_order":2,"comment_status":"closed","ping_status":"closed","template":"","meta":{"footnotes":""},"class_list":["post-14","page","type-page","status-publish","hentry"],"aioseo_notices":[],"_links":{"self":[{"href":"https:\/\/eventos.scielo.org\/ivccbhlscielo\/wp-json\/wp\/v2\/pages\/14","targetHints":{"allow":["GET"]}}],"collection":[{"href":"https:\/\/eventos.scielo.org\/ivccbhlscielo\/wp-json\/wp\/v2\/pages"}],"about":[{"href":"https:\/\/eventos.scielo.org\/ivccbhlscielo\/wp-json\/wp\/v2\/types\/page"}],"author":[{"embeddable":true,"href":"https:\/\/eventos.scielo.org\/ivccbhlscielo\/wp-json\/wp\/v2\/users\/1"}],"replies":[{"embeddable":true,"href":"https:\/\/eventos.scielo.org\/ivccbhlscielo\/wp-json\/wp\/v2\/comments?post=14"}],"version-history":[{"count":20,"href":"https:\/\/eventos.scielo.org\/ivccbhlscielo\/wp-json\/wp\/v2\/pages\/14\/revisions"}],"predecessor-version":[{"id":47,"href":"https:\/\/eventos.scielo.org\/ivccbhlscielo\/wp-json\/wp\/v2\/pages\/14\/revisions\/47"}],"wp:attachment":[{"href":"https:\/\/eventos.scielo.org\/ivccbhlscielo\/wp-json\/wp\/v2\/media?parent=14"}],"curies":[{"name":"wp","href":"https:\/\/api.w.org\/{rel}","templated":true}]}}