{"id":10,"date":"2013-01-30T18:18:17","date_gmt":"2013-01-30T18:18:17","guid":{"rendered":"http:\/\/eventos.scielo.org\/ivccscielolivros\/?page_id=10"},"modified":"2013-04-29T14:21:46","modified_gmt":"2013-04-29T14:21:46","slug":"participantes","status":"publish","type":"page","link":"https:\/\/eventos.scielo.org\/ivccscielolivros\/participantes\/","title":{"rendered":"Participantes"},"content":{"rendered":"<h1><span style=\"color: #800000\"><strong>Membros do Comit\u00ea Consultivo<\/strong><\/span><\/h1>\n<div>\n<p><strong>Abel L. Packer<\/strong><\/p>\n<p>Programa SciELO \/ FAPESP<\/p>\n<\/div>\n<p><strong>N\u00edsia Trindade Lima<\/strong><\/p>\n<p>Funda\u00e7\u00e3o Oswaldo Cruz &#8211; FIOCRUZ<\/p>\n<p><strong>Roberto Andr\u00e9 Kraenkel<\/strong><\/p>\n<p>Universidade Estadual Paulista J\u00falio Mesquita Filho \u2013 UNESP<\/p>\n<p><strong>Sheila Maluf<\/strong><\/p>\n<p>Associa\u00e7\u00e3o Brasileira de Editoras Universit\u00e1rias &#8211; ABEU<\/p>\n<p><strong>Wilson da Silva Gomes\u00a0<\/strong><\/p>\n<p>Universidade Federal da Bahia \u2013 UFBA<\/p>\n<p>&nbsp;<\/p>\n<h1><span style=\"color: #800000\"><strong>Membros Suplentes do Comit\u00ea Consultivo<\/strong><\/span><\/h1>\n<p><strong>Helena Bonito Couto Pereira<\/strong><\/p>\n<p>Associa\u00e7\u00e3o Brasileira de Editoras Universit\u00e1rias &#8211; ABEU<\/p>\n<p><strong>Alberto Brum Novais <\/strong><\/p>\n<p>Universidade Federal da Bahia &#8211; UFBA<\/p>\n<p><strong>Ricardo Ventura Santos<\/strong><\/p>\n<p>Funda\u00e7\u00e3o Oswaldo Cruz &#8211; FIOCRUZ<\/p>\n<p><strong><\/strong><strong>Antonio de Padua Pithon Cyrino<\/strong><\/p>\n<p><strong><\/strong>Universidade Estadual Paulista J\u00falio Mesquita Filho \u2013 UNES<\/p>\n<p>&nbsp;<\/p>\n<h1><span style=\"color: #800000\"><strong>Secretaria T\u00e9cnica<\/strong><\/span><\/h1>\n<p><strong>Adriana Luccisano<\/strong><\/p>\n<p>Colegiado Projeto SciELO, Coordenadora Operacional do Projeto SciELO Livros<\/p>\n<p><strong>Amanda Ramalho<\/strong><\/p>\n<p>Projeto SciELO \u2013 SciELO Livros<\/p>\n<p>&nbsp;<\/p>\n<h1 style=\"color: #800000\">Secretaria Executiva<\/h1>\n<div>\n<p><strong>Alex Mendon\u00e7a<\/strong><\/p>\n<p>Projeto SciELO \u2013 SciELO Livros<\/p>\n<\/div>\n<p><strong>Giovanna Marques Brito<\/strong><\/p>\n<p>Projeto SciELO \u2013 SciELO Livros Executiva do Projeto SciELO Livros<\/p>\n","protected":false},"excerpt":{"rendered":"<p>Membros do Comit\u00ea Consultivo Abel L. Packer Programa SciELO \/ FAPESP N\u00edsia Trindade Lima Funda\u00e7\u00e3o Oswaldo Cruz &#8211; FIOCRUZ Roberto Andr\u00e9 Kraenkel Universidade Estadual Paulista J\u00falio Mesquita Filho \u2013 UNESP Sheila Maluf Associa\u00e7\u00e3o Brasileira de Editoras Universit\u00e1rias &#8211; ABEU Wilson &hellip; <a href=\"https:\/\/eventos.scielo.org\/ivccscielolivros\/participantes\/\">Continue reading <span class=\"meta-nav\">&rarr;<\/span><\/a><\/p>\n","protected":false},"author":3,"featured_media":0,"parent":0,"menu_order":0,"comment_status":"closed","ping_status":"closed","template":"","meta":{"footnotes":""},"class_list":["post-10","page","type-page","status-publish","hentry"],"aioseo_notices":[],"_links":{"self":[{"href":"https:\/\/eventos.scielo.org\/ivccscielolivros\/wp-json\/wp\/v2\/pages\/10","targetHints":{"allow":["GET"]}}],"collection":[{"href":"https:\/\/eventos.scielo.org\/ivccscielolivros\/wp-json\/wp\/v2\/pages"}],"about":[{"href":"https:\/\/eventos.scielo.org\/ivccscielolivros\/wp-json\/wp\/v2\/types\/page"}],"author":[{"embeddable":true,"href":"https:\/\/eventos.scielo.org\/ivccscielolivros\/wp-json\/wp\/v2\/users\/3"}],"replies":[{"embeddable":true,"href":"https:\/\/eventos.scielo.org\/ivccscielolivros\/wp-json\/wp\/v2\/comments?post=10"}],"version-history":[{"count":17,"href":"https:\/\/eventos.scielo.org\/ivccscielolivros\/wp-json\/wp\/v2\/pages\/10\/revisions"}],"predecessor-version":[{"id":30,"href":"https:\/\/eventos.scielo.org\/ivccscielolivros\/wp-json\/wp\/v2\/pages\/10\/revisions\/30"}],"wp:attachment":[{"href":"https:\/\/eventos.scielo.org\/ivccscielolivros\/wp-json\/wp\/v2\/media?parent=10"}],"curies":[{"name":"wp","href":"https:\/\/api.w.org\/{rel}","templated":true}]}}