{"id":6,"date":"2013-01-30T18:10:34","date_gmt":"2013-01-30T18:10:34","guid":{"rendered":"http:\/\/eventos.scielo.org\/ivccscielolivros\/?page_id=6"},"modified":"2013-06-06T19:52:03","modified_gmt":"2013-06-06T19:52:03","slug":"apresentacao","status":"publish","type":"page","link":"https:\/\/eventos.scielo.org\/ivccscielolivros\/","title":{"rendered":"Apresenta\u00e7\u00e3o"},"content":{"rendered":"<p><strong>Rio de Janeiro, 17 de Abril de 2013.<\/strong><\/p>\n<p><strong>Termos de refer\u00eancia:<\/strong>\u00a0A IV Reuni\u00e3o do Comit\u00ea Consultivo SciELO Livros estar\u00e1 dedicada \u00e0 an\u00e1lise e avalia\u00e7\u00e3o das submiss\u00f5es de livros, cole\u00e7\u00f5es tem\u00e1ticas e editoras universit\u00e1rias para indexa\u00e7\u00e3o e publica\u00e7\u00e3o na Cole\u00e7\u00e3o SciELO Livros.<\/p>\n<p><strong>Local<\/strong><\/p>\n<p><a href=\"http:\/\/maps.google.com.br\/maps?f=q&amp;source=embed&amp;hl=pt-BR&amp;geocode=&amp;q=Avenida+Brasil,+4036&amp;aq=&amp;sll=-14.408749,-54.042208&amp;sspn=47.767068,86.572266&amp;ie=UTF8&amp;hq=&amp;hnear=Av.+Brasil,+4036+-+Manguinhos,+Rio+de+Janeiro,+21040-361&amp;t=m&amp;z=14&amp;ll=-22.87788,-43.24079\">Exibir mapa ampliado<\/a><\/p>\n<p><strong>Editora Fiocruz<\/strong><br \/>\nAvenida Brasil, 4036, t\u00e9rreo | Manguinhos<br \/>\n21040-361 | Rio de Janeiro, RJ<br \/>\nTels.: (21) 3882-9060 | 3882-9039 | 3882-9041<\/p>\n<p>Importante: a Editora fica no pr\u00e9dio de expans\u00e3o da Fiocruz, do outro lado do campus. Indica\u00e7\u00f5es: Avenida Brasil, pista lateral direita de subida, sentido Caju \u2013 Bonsucesso. Depois da Refinaria de Manguinhos e antes do viaduto da Linha Amarela\/Bonsucesso \u00e9 o \u00fanico pr\u00e9dio da regi\u00e3o (10 andares).<\/p>\n","protected":false},"excerpt":{"rendered":"<p>Rio de Janeiro, 17 de Abril de 2013. Termos de refer\u00eancia:\u00a0A IV Reuni\u00e3o do Comit\u00ea Consultivo SciELO Livros estar\u00e1 dedicada \u00e0 an\u00e1lise e avalia\u00e7\u00e3o das submiss\u00f5es de livros, cole\u00e7\u00f5es tem\u00e1ticas e editoras universit\u00e1rias para indexa\u00e7\u00e3o e publica\u00e7\u00e3o na Cole\u00e7\u00e3o SciELO &hellip; <a href=\"https:\/\/eventos.scielo.org\/ivccscielolivros\/\">Continue reading <span class=\"meta-nav\">&rarr;<\/span><\/a><\/p>\n","protected":false},"author":3,"featured_media":0,"parent":0,"menu_order":0,"comment_status":"closed","ping_status":"closed","template":"","meta":{"footnotes":""},"class_list":["post-6","page","type-page","status-publish","hentry"],"aioseo_notices":[],"_links":{"self":[{"href":"https:\/\/eventos.scielo.org\/ivccscielolivros\/wp-json\/wp\/v2\/pages\/6","targetHints":{"allow":["GET"]}}],"collection":[{"href":"https:\/\/eventos.scielo.org\/ivccscielolivros\/wp-json\/wp\/v2\/pages"}],"about":[{"href":"https:\/\/eventos.scielo.org\/ivccscielolivros\/wp-json\/wp\/v2\/types\/page"}],"author":[{"embeddable":true,"href":"https:\/\/eventos.scielo.org\/ivccscielolivros\/wp-json\/wp\/v2\/users\/3"}],"replies":[{"embeddable":true,"href":"https:\/\/eventos.scielo.org\/ivccscielolivros\/wp-json\/wp\/v2\/comments?post=6"}],"version-history":[{"count":16,"href":"https:\/\/eventos.scielo.org\/ivccscielolivros\/wp-json\/wp\/v2\/pages\/6\/revisions"}],"predecessor-version":[{"id":42,"href":"https:\/\/eventos.scielo.org\/ivccscielolivros\/wp-json\/wp\/v2\/pages\/6\/revisions\/42"}],"wp:attachment":[{"href":"https:\/\/eventos.scielo.org\/ivccscielolivros\/wp-json\/wp\/v2\/media?parent=6"}],"curies":[{"name":"wp","href":"https:\/\/api.w.org\/{rel}","templated":true}]}}