{"id":8,"date":"2013-01-30T18:16:02","date_gmt":"2013-01-30T18:16:02","guid":{"rendered":"http:\/\/eventos.scielo.org\/ivccscielolivros\/?page_id=8"},"modified":"2013-04-03T12:36:15","modified_gmt":"2013-04-03T12:36:15","slug":"programacao","status":"publish","type":"page","link":"https:\/\/eventos.scielo.org\/ivccscielolivros\/programacao\/","title":{"rendered":"Programa\u00e7\u00e3o"},"content":{"rendered":"<p><strong>IV Reuni\u00e3o Comit\u00ea Consultivo SciELO Livros<\/strong><\/p>\n<p><strong>17 de Abril de 2013<\/strong><\/p>\n<p><strong>09:30 \u2013 09:45<\/strong><\/p>\n<p><span style=\"color: #800000\">Abertura e apresenta\u00e7\u00e3o dos objetivos da reuni\u00e3o<\/span><\/p>\n<ul>\n<li><em>Abel L. Packer<\/em><\/li>\n<\/ul>\n<p><strong>09:45 \u2013 10:30<\/strong><\/p>\n<p><span style=\"color: #800000\">Avalia\u00e7\u00e3o de inclus\u00e3o de novas editoras: EDUEM e FapUNIFESP<\/span><\/p>\n<ul>\n<li><em>Todos os participantes<\/em><\/li>\n<\/ul>\n<p><strong>10:30 \u2013 10:45<\/strong><\/p>\n<p><span style=\"color: #800000\">Avalia\u00e7\u00e3o de inclus\u00e3o da cole\u00e7\u00e3o: Centro Edelstein<\/span><\/p>\n<ul>\n<li><em>Todos os participantes<\/em><\/li>\n<\/ul>\n<p><strong>10:45 \u2013 11:00<\/strong><\/p>\n<p><span style=\"color: #800000\">Avalia\u00e7\u00e3o de inclus\u00e3o de livros acad\u00eamicos da cole\u00e7\u00e3o UNESP<\/span><\/p>\n<ul>\n<li><em>Todos os participantes<\/em><\/li>\n<\/ul>\n<p><strong>11:00 \u2013 11:15<\/strong><\/p>\n<p><span style=\"color: #800000\">Avalia\u00e7\u00e3o de inclus\u00e3o de livros\u00a0acad\u00eamicos\u00a0da cole\u00e7\u00e3o EDUEL<\/span><\/p>\n<ul>\n<li><em>Todos os participantes<\/em><\/li>\n<\/ul>\n<p><strong>11:15 \u2013 11:30<\/strong><\/p>\n<p><span style=\"color: #800000\">Avalia\u00e7\u00e3o de inclus\u00e3o de livros\u00a0acad\u00eamicos da cole\u00e7\u00e3o\u00a0EDUFSCAR<\/span><\/p>\n<ul>\n<li><em>Todos os participantes<\/em><\/li>\n<\/ul>\n<p><strong>11:30 \u2013 12:00<\/strong><\/p>\n<p><span style=\"color: #800000\">Avalia\u00e7\u00e3o de inclus\u00e3o de livros\u00a0acad\u00eamicos da cole\u00e7\u00e3o\u00a0EDUEM<\/span><\/p>\n<ul>\n<li><em>Todos os participantes<\/em><\/li>\n<\/ul>\n<p><span style=\"color: #800000\">Almo\u00e7o<\/span><\/p>\n<p><strong>13:30 \u2013 15:00<\/strong><\/p>\n<p><span style=\"color: #800000\">Outros temas<\/span><\/p>\n<p style=\"padding-left: 30px;color: #800000\">Decis\u00e3o final sobre inclus\u00e3o das Cole\u00e7\u00f5es SBMAC e Sa\u00fade Coletiva<\/p>\n<ul>\n<li><em>Todos os participantes<\/em><\/li>\n<\/ul>\n<p><strong>15:00 \u2013 15:30<\/strong><\/p>\n<p><span style=\"color: #800000\">Conclus\u00f5es e recomenda\u00e7\u00f5es<\/span><\/p>\n<ul>\n<li><em>Todos os participantes<\/em><\/li>\n<\/ul>\n","protected":false},"excerpt":{"rendered":"<p>IV Reuni\u00e3o Comit\u00ea Consultivo SciELO Livros 17 de Abril de 2013 09:30 \u2013 09:45 Abertura e apresenta\u00e7\u00e3o dos objetivos da reuni\u00e3o Abel L. Packer 09:45 \u2013 10:30 Avalia\u00e7\u00e3o de inclus\u00e3o de novas editoras: EDUEM e FapUNIFESP Todos os participantes 10:30 &hellip; <a href=\"https:\/\/eventos.scielo.org\/ivccscielolivros\/programacao\/\">Continue reading <span class=\"meta-nav\">&rarr;<\/span><\/a><\/p>\n","protected":false},"author":3,"featured_media":0,"parent":0,"menu_order":0,"comment_status":"closed","ping_status":"closed","template":"","meta":{"footnotes":""},"class_list":["post-8","page","type-page","status-publish","hentry"],"aioseo_notices":[],"_links":{"self":[{"href":"https:\/\/eventos.scielo.org\/ivccscielolivros\/wp-json\/wp\/v2\/pages\/8","targetHints":{"allow":["GET"]}}],"collection":[{"href":"https:\/\/eventos.scielo.org\/ivccscielolivros\/wp-json\/wp\/v2\/pages"}],"about":[{"href":"https:\/\/eventos.scielo.org\/ivccscielolivros\/wp-json\/wp\/v2\/types\/page"}],"author":[{"embeddable":true,"href":"https:\/\/eventos.scielo.org\/ivccscielolivros\/wp-json\/wp\/v2\/users\/3"}],"replies":[{"embeddable":true,"href":"https:\/\/eventos.scielo.org\/ivccscielolivros\/wp-json\/wp\/v2\/comments?post=8"}],"version-history":[{"count":8,"href":"https:\/\/eventos.scielo.org\/ivccscielolivros\/wp-json\/wp\/v2\/pages\/8\/revisions"}],"predecessor-version":[{"id":46,"href":"https:\/\/eventos.scielo.org\/ivccscielolivros\/wp-json\/wp\/v2\/pages\/8\/revisions\/46"}],"wp:attachment":[{"href":"https:\/\/eventos.scielo.org\/ivccscielolivros\/wp-json\/wp\/v2\/media?parent=8"}],"curies":[{"name":"wp","href":"https:\/\/api.w.org\/{rel}","templated":true}]}}