{"id":13,"date":"2011-09-26T18:35:39","date_gmt":"2011-09-26T18:35:39","guid":{"rendered":"http:\/\/eventos.scielo.org\/ivcgscielolivros\/?page_id=13"},"modified":"2011-10-04T12:12:38","modified_gmt":"2011-10-04T12:12:38","slug":"participantes","status":"publish","type":"page","link":"https:\/\/eventos.scielo.org\/ivcgscielolivros\/participantes\/","title":{"rendered":"Participantes"},"content":{"rendered":"<p><span style=\"color: #993300;\"><strong>Comit\u00ea Gestor do Projeto SciELO Livros<\/strong><\/span><\/p>\n<ul>\n<li><strong>Flavia Rosa<\/strong><br \/>\nEditora da Universidade Federal da Bahia<br \/>\n<strong><br \/>\n<\/strong><\/li>\n<li><strong>J\u00e9zio Hernani Bomfim Gutierre<br \/>\n<\/strong>Editora da Universidade Estadual Paulista J\u00falio Mesquita Filho<\/li>\n<\/ul>\n<ul>\n<li><strong>Jo\u00e3o Canossa Mendes<\/strong><br \/>\nEditora da Funda\u00e7\u00e3o Oswaldo Cruz<\/li>\n<\/ul>\n<ul>\n<li><strong>Abel L. Packer<\/strong><br \/>\nProjeto SciELO, Coordena\u00e7\u00e3o Operacional,<br \/>\nAssessor de Informa\u00e7\u00e3o e Comunica\u00e7\u00e3o em Ci\u00eancia<br \/>\nFunda\u00e7\u00e3o de Apoio \u00e0 UNIFESP \u2013 FapUNIFESP<\/li>\n<\/ul>\n<ul>\n<li><strong>Renato T. Murasaki<br \/>\n<\/strong>Gerente de Metodologias e Tecnologias de Informa\u00e7\u00e3o, MTI, BIREME\/OPAS\/OMS<\/li>\n<\/ul>\n<p><span class=\"Apple-style-span\" style=\"font-family: 'Helvetica Neue', Helvetica, Arial, sans-serif;\"><strong><span style=\"color: #993300;\">S<\/span><span style=\"color: #993300;\">ecretaria t\u00e9cnica do Comit\u00ea Gestor SciELO Livros<\/span><\/strong><\/span><\/p>\n<ul>\n<li><strong>Adriana Luccisano<\/strong><br \/>\nColegiado de Coordena\u00e7\u00e3o do Projeto SciELO,\u00a0Funda\u00e7\u00e3o de Apoio \u00e0 UNIFESP<\/li>\n<\/ul>\n<ul>\n<li><strong>Solange Santos<\/strong><br \/>\nColegiado de Coordena\u00e7\u00e3o do Projeto SciELO,\u00a0Funda\u00e7\u00e3o de Apoio \u00e0 UNIFESP<\/li>\n<\/ul>\n<p><span style=\"color: #993300;\"><strong>Convidados<\/strong><\/span><\/p>\n<ul>\n<li><strong>Nicholas Cop<\/strong><br \/>\nConsultor Internacional &#8211; Nicholas Cop Consulting<\/li>\n<\/ul>\n<ul>\n<li><strong>William FilgueirasSolange Santos<\/strong><br \/>\nConsultor Jur\u00eddico do Projeto SciELO<\/li>\n<\/ul>\n","protected":false},"excerpt":{"rendered":"<p>Comit\u00ea Gestor do Projeto SciELO Livros Flavia Rosa Editora da Universidade Federal da Bahia J\u00e9zio Hernani Bomfim Gutierre Editora da Universidade Estadual Paulista J\u00falio Mesquita Filho Jo\u00e3o Canossa Mendes Editora da Funda\u00e7\u00e3o Oswaldo Cruz Abel L. Packer Projeto SciELO, Coordena\u00e7\u00e3o &hellip; <a href=\"https:\/\/eventos.scielo.org\/ivcgscielolivros\/participantes\/\">Continue reading <span class=\"meta-nav\">&rarr;<\/span><\/a><\/p>\n","protected":false},"author":3,"featured_media":0,"parent":0,"menu_order":0,"comment_status":"closed","ping_status":"closed","template":"","meta":{"footnotes":""},"class_list":["post-13","page","type-page","status-publish","hentry"],"aioseo_notices":[],"_links":{"self":[{"href":"https:\/\/eventos.scielo.org\/ivcgscielolivros\/wp-json\/wp\/v2\/pages\/13","targetHints":{"allow":["GET"]}}],"collection":[{"href":"https:\/\/eventos.scielo.org\/ivcgscielolivros\/wp-json\/wp\/v2\/pages"}],"about":[{"href":"https:\/\/eventos.scielo.org\/ivcgscielolivros\/wp-json\/wp\/v2\/types\/page"}],"author":[{"embeddable":true,"href":"https:\/\/eventos.scielo.org\/ivcgscielolivros\/wp-json\/wp\/v2\/users\/3"}],"replies":[{"embeddable":true,"href":"https:\/\/eventos.scielo.org\/ivcgscielolivros\/wp-json\/wp\/v2\/comments?post=13"}],"version-history":[{"count":12,"href":"https:\/\/eventos.scielo.org\/ivcgscielolivros\/wp-json\/wp\/v2\/pages\/13\/revisions"}],"predecessor-version":[{"id":15,"href":"https:\/\/eventos.scielo.org\/ivcgscielolivros\/wp-json\/wp\/v2\/pages\/13\/revisions\/15"}],"wp:attachment":[{"href":"https:\/\/eventos.scielo.org\/ivcgscielolivros\/wp-json\/wp\/v2\/media?parent=13"}],"curies":[{"name":"wp","href":"https:\/\/api.w.org\/{rel}","templated":true}]}}