{"id":2,"date":"2011-09-26T17:17:30","date_gmt":"2011-09-26T17:17:30","guid":{"rendered":"http:\/\/eventos.scielo.org\/ivcgscielolivros\/?page_id=2"},"modified":"2011-09-29T11:18:25","modified_gmt":"2011-09-29T11:18:25","slug":"apresentacao","status":"publish","type":"page","link":"https:\/\/eventos.scielo.org\/ivcgscielolivros\/","title":{"rendered":"Apresenta\u00e7\u00e3o"},"content":{"rendered":"<p><strong>S\u00e3o Paulo, 05 de outubro de 2011<\/strong><\/p>\n<p><strong>Termos de refer\u00eancia:<\/strong>\u00a0An\u00e1lise e discuss\u00e3o do modelo de neg\u00f3cios do SciELO Livros, incluindo op\u00e7\u00f5es e condi\u00e7\u00f5es contratuais de distribui\u00e7\u00e3o, publica\u00e7\u00e3o e comercializa\u00e7\u00e3o.<\/p>\n","protected":false},"excerpt":{"rendered":"<p>S\u00e3o Paulo, 05 de outubro de 2011 Termos de refer\u00eancia:\u00a0An\u00e1lise e discuss\u00e3o do modelo de neg\u00f3cios do SciELO Livros, incluindo op\u00e7\u00f5es e condi\u00e7\u00f5es contratuais de distribui\u00e7\u00e3o, publica\u00e7\u00e3o e comercializa\u00e7\u00e3o.<\/p>\n","protected":false},"author":1,"featured_media":0,"parent":0,"menu_order":0,"comment_status":"closed","ping_status":"closed","template":"","meta":{"footnotes":""},"class_list":["post-2","page","type-page","status-publish","hentry"],"aioseo_notices":[],"_links":{"self":[{"href":"https:\/\/eventos.scielo.org\/ivcgscielolivros\/wp-json\/wp\/v2\/pages\/2","targetHints":{"allow":["GET"]}}],"collection":[{"href":"https:\/\/eventos.scielo.org\/ivcgscielolivros\/wp-json\/wp\/v2\/pages"}],"about":[{"href":"https:\/\/eventos.scielo.org\/ivcgscielolivros\/wp-json\/wp\/v2\/types\/page"}],"author":[{"embeddable":true,"href":"https:\/\/eventos.scielo.org\/ivcgscielolivros\/wp-json\/wp\/v2\/users\/1"}],"replies":[{"embeddable":true,"href":"https:\/\/eventos.scielo.org\/ivcgscielolivros\/wp-json\/wp\/v2\/comments?post=2"}],"version-history":[{"count":7,"href":"https:\/\/eventos.scielo.org\/ivcgscielolivros\/wp-json\/wp\/v2\/pages\/2\/revisions"}],"predecessor-version":[{"id":49,"href":"https:\/\/eventos.scielo.org\/ivcgscielolivros\/wp-json\/wp\/v2\/pages\/2\/revisions\/49"}],"wp:attachment":[{"href":"https:\/\/eventos.scielo.org\/ivcgscielolivros\/wp-json\/wp\/v2\/media?parent=2"}],"curies":[{"name":"wp","href":"https:\/\/api.w.org\/{rel}","templated":true}]}}