{"id":5,"date":"2011-09-26T17:21:00","date_gmt":"2011-09-26T17:21:00","guid":{"rendered":"http:\/\/eventos.scielo.org\/ivcgscielolivros\/?page_id=5"},"modified":"2011-09-29T11:03:57","modified_gmt":"2011-09-29T11:03:57","slug":"programacao","status":"publish","type":"page","link":"https:\/\/eventos.scielo.org\/ivcgscielolivros\/programacao\/","title":{"rendered":"Programa\u00e7\u00e3o"},"content":{"rendered":"<h1>IV Reuni\u00e3o do Comit\u00ea Gestor do Projeto SciELO Livros<\/h1>\n<h1><strong>Local<\/strong><\/h1>\n<p>FapUNIFESP<br \/>\nProjeto SciELO &#8211; Scientific Electronic Library Online<br \/>\nRua Machado Bittencourt, 430 &#8211; Vila Clementino<br \/>\n04044-001 S\u00e3o Paulo SP\u00a0\u00a0<a href=\"http:\/\/maps.google.com.br\/maps?hl=pt-BR&amp;gl=br&amp;ie=UTF8&amp;view=map&amp;cid=10874782631059386761&amp;q=Faculdade+de+Sa%C3%BAde+P%C3%BAblica+da+Universidade+de+S%C3%A3o+Paulo&amp;iwloc=A&amp;ved=0CGoQpQY&amp;sa=X&amp;ei=glFhTOCNIonkygS1oJUq\" target=\"_blank\">Localiza\u00e7\u00e3o<\/a><\/p>\n<p><strong>Quarta-feira, 05 de Outubro de 2011<br \/>\n<\/strong><br \/>\n<strong>14:00-14:15<\/strong><\/p>\n<p style=\"padding-left: 30px;\"><span style=\"color: #993300;\">Abertura e apresenta\u00e7\u00e3o dos objetivos da reuni\u00e3o<\/span><\/p>\n<blockquote>\n<ul>\n<li>Abel L. Packer<\/li>\n<\/ul>\n<\/blockquote>\n<p><strong>14:15-15:00<\/strong><\/p>\n<p style=\"padding-left: 30px;\"><span style=\"color: #993300;\">Levantamento e avalia\u00e7\u00e3o de canais de distribui\u00e7\u00e3o das cole\u00e7\u00f5es do SciELO Livros<\/span><\/p>\n<blockquote>\n<ul>\n<li>Nicholas Cop<\/li>\n<\/ul>\n<\/blockquote>\n<p><strong>15:15-16:15<\/strong><\/p>\n<p style=\"padding-left: 30px;\"><span style=\"color: #993300;\">Discuss\u00e3o<\/span><\/p>\n<blockquote>\n<ul>\n<li>Abel L. Packer<\/li>\n<li>Adriana Luccisano<\/li>\n<li>Flavia Rosa<\/li>\n<li>J\u00e9zio Hernani Bomfim Gutierre<\/li>\n<li>Jo\u00e3o Canossa Mendes<\/li>\n<li>Renato T. Murasaki<\/li>\n<li>Solange Santos<\/li>\n<li>William Filgueiras<\/li>\n<\/ul>\n<\/blockquote>\n<p><strong>16:15-16:45<\/strong><\/p>\n<p style=\"padding-left: 30px;\"><span style=\"color: #993300;\">Apresenta\u00e7\u00e3o da vers\u00e3o atual do portal SciELO Livros<\/span><\/p>\n<blockquote>\n<ul>\n<li>Adriana Luccisano<\/li>\n<\/ul>\n<\/blockquote>\n<p><strong>16:45-17:00<\/strong><\/p>\n<p style=\"padding-left: 30px;\"><span style=\"color: #993300;\">Apresenta\u00e7\u00e3o\/Discuss\u00e3o<\/span><\/p>\n<p style=\"padding-left: 30px;\">Outros temas: Utiliza\u00e7\u00e3o de Thesauros para a indexa\u00e7\u00e3o dos livros<\/p>\n<blockquote>\n<ul>\n<li>Abel L. Packer<\/li>\n<li>Adriana Luccisano<\/li>\n<li>Flavia Rosa<\/li>\n<li>J\u00e9zio Hernani Bomfim Gutierre<\/li>\n<li>Jo\u00e3o Canossa Mendes<\/li>\n<li>Renato T. Murasaki<\/li>\n<li>Solange Santos<\/li>\n<li>William Filgueiras<\/li>\n<\/ul>\n<\/blockquote>\n<p><strong>17:00-18:00<\/strong><\/p>\n<p style=\"padding-left: 30px;\"><span style=\"color: #993300;\">Conclus\u00f5es, recomenda\u00e7\u00f5es e encerramento<\/span><\/p>\n<blockquote>\n<ul>\n<li>Abel L. Packer<\/li>\n<li>Adriana Luccisano<\/li>\n<li>Flavia Rosa<\/li>\n<li>J\u00e9zio Hernani Bomfim Gutierre<\/li>\n<li>Jo\u00e3o Canossa Mendes<\/li>\n<li>Renato T. Murasaki<\/li>\n<li>Solange Santos<\/li>\n<li>William Filgueiras<\/li>\n<\/ul>\n<\/blockquote>\n","protected":false},"excerpt":{"rendered":"<p>IV Reuni\u00e3o do Comit\u00ea Gestor do Projeto SciELO Livros Local FapUNIFESP Projeto SciELO &#8211; Scientific Electronic Library Online Rua Machado Bittencourt, 430 &#8211; Vila Clementino 04044-001 S\u00e3o Paulo SP\u00a0\u00a0Localiza\u00e7\u00e3o Quarta-feira, 05 de Outubro de 2011 14:00-14:15 Abertura e apresenta\u00e7\u00e3o dos &hellip; <a href=\"https:\/\/eventos.scielo.org\/ivcgscielolivros\/programacao\/\">Continue reading <span class=\"meta-nav\">&rarr;<\/span><\/a><\/p>\n","protected":false},"author":3,"featured_media":0,"parent":0,"menu_order":0,"comment_status":"closed","ping_status":"closed","template":"","meta":{"footnotes":""},"class_list":["post-5","page","type-page","status-publish","hentry"],"aioseo_notices":[],"_links":{"self":[{"href":"https:\/\/eventos.scielo.org\/ivcgscielolivros\/wp-json\/wp\/v2\/pages\/5","targetHints":{"allow":["GET"]}}],"collection":[{"href":"https:\/\/eventos.scielo.org\/ivcgscielolivros\/wp-json\/wp\/v2\/pages"}],"about":[{"href":"https:\/\/eventos.scielo.org\/ivcgscielolivros\/wp-json\/wp\/v2\/types\/page"}],"author":[{"embeddable":true,"href":"https:\/\/eventos.scielo.org\/ivcgscielolivros\/wp-json\/wp\/v2\/users\/3"}],"replies":[{"embeddable":true,"href":"https:\/\/eventos.scielo.org\/ivcgscielolivros\/wp-json\/wp\/v2\/comments?post=5"}],"version-history":[{"count":17,"href":"https:\/\/eventos.scielo.org\/ivcgscielolivros\/wp-json\/wp\/v2\/pages\/5\/revisions"}],"predecessor-version":[{"id":9,"href":"https:\/\/eventos.scielo.org\/ivcgscielolivros\/wp-json\/wp\/v2\/pages\/5\/revisions\/9"}],"wp:attachment":[{"href":"https:\/\/eventos.scielo.org\/ivcgscielolivros\/wp-json\/wp\/v2\/media?parent=5"}],"curies":[{"name":"wp","href":"https:\/\/api.w.org\/{rel}","templated":true}]}}