{"id":6,"date":"2014-02-21T12:57:00","date_gmt":"2014-02-21T12:57:00","guid":{"rendered":"http:\/\/eventos.scielo.org\/ivmarcacaopmc\/?page_id=6"},"modified":"2014-02-28T11:58:11","modified_gmt":"2014-02-28T11:58:11","slug":"apresentacao","status":"publish","type":"page","link":"https:\/\/eventos.scielo.org\/ivmarcacaopmc\/","title":{"rendered":"Apresenta\u00e7\u00e3o"},"content":{"rendered":"<p>O objetivo da reuni\u00e3o ser\u00e1 apresentar e discutir a ado\u00e7\u00e3o \u00a0do novo sistema de marca\u00e7\u00e3o de textos completos dos peri\u00f3dicos SciELO em linguagem XML seguindo o SciELO Publishing Schema (<a href=\"www.scielo.org\/php\/level.php?lang=pt&amp;component=56&amp;item=54\">www.scielo.org\/php\/level.php?lang=pt&amp;component=56&amp;item=54<\/a>) adaptada com pequenas modifica\u00e7\u00f5es da norma ANSI\/NISO Z39.96-2012, JATS: Journal Article Tag Suite (version 1.0), originada da DTD do PubMed Central da <em>National Library of Medicine<\/em> dos Estados Unidos.<\/p>\n<p>Todos os peri\u00f3dicos SciELO dever\u00e3o adotar a nova norma a partir de janeiro de 2015. Os peri\u00f3dicos da \u00e1rea de ci\u00eancias da sa\u00fade j\u00e1 est\u00e3o operando com a nova DTD desde Janeiro de 2014.<\/p>\n<p>A ado\u00e7\u00e3o da marca\u00e7\u00e3o do texto completo em XML \u00e9 parte da implanta\u00e7\u00e3o das linhas priorit\u00e1rias de a\u00e7\u00e3o de profissionaliza\u00e7\u00e3o, internacionaliza\u00e7\u00e3o e sustentabilidade do Programa SciELO com o objetivo de mover a edi\u00e7\u00e3o e publica\u00e7\u00e3o dos peri\u00f3dicos SciELO de acordo com o estado da arte internacional.<\/p>\n<p>A perspectiva \u00e9 que a partir de janeiro de 2015 todos os peri\u00f3dicos SciELO adotem o XML como o arquivo principal a partir do qual ser\u00e3o gerados os arquivos nos formatos HTML, PDF e EPUB e novos formatos que venham a ser desenvolvidos. A ado\u00e7\u00e3o do XML como o arquivo principal dos textos contribuir\u00e1 para melhorar a qualidade de estrutura\u00e7\u00e3o dos conte\u00fados assegurando a presen\u00e7a de todos os elementos bibliogr\u00e1ficos, facilitar\u00e1 a gera\u00e7\u00e3o de diferentes formatos de apresenta\u00e7\u00e3o para os diferentes meios de publica\u00e7\u00e3o e visualiza\u00e7\u00e3o e a preserva\u00e7\u00e3o dos textos e sua interoperabilidade.<\/p>\n<p><strong>Hor\u00e1rio<\/strong><\/p>\n<p>10h00 \u00e0s 13h00<\/p>\n<p><strong>Local<\/strong><\/p>\n<p>Anfiteatro Paula Souza da Faculdade de Sa\u00fade P\u00fablica \u2013 USP<br \/>\nAv. Dr. Arnaldo, 715<br \/>\nConsola\u00e7\u00e3o \u2013 S\u00e3o Paulo \u2013 SP<\/p>\n<p><a href=\"https:\/\/maps.google.com\/maps?f=q&amp;source=embed&amp;hl=pt-PT&amp;geocode=&amp;q=Av.+Dr.+Arnaldo,+715,+S%C3%A3o+Paulo,+Brasil&amp;aq=0&amp;oq=Av.+Dr.+Arnaldo,+715+sa&amp;sll=37.0625,-95.677068&amp;sspn=55.937499,135.263672&amp;ie=UTF8&amp;hq=&amp;hnear=Av.+Dr.+Arnaldo,+715+-+Consola%C3%A7%C3%A3o,+S%C3%A3o+Paulo,+01255-000,+Brasil&amp;t=m&amp;z=14&amp;iwloc=lyrftr:m,6762599161655142084,-23.553262,-46.673452\"><img loading=\"lazy\" decoding=\"async\" class=\"alignnone size-full wp-image-20\" src=\"http:\/\/eventos.scielo.org\/ivmarcacaopmc\/files\/2014\/02\/mapa1.jpg\" alt=\"\" width=\"552\" height=\"352\" \/><\/a><\/p>\n<p><a href=\"https:\/\/maps.google.com\/maps?f=q&amp;source=embed&amp;hl=pt-PT&amp;geocode=&amp;q=Av.+Dr.+Arnaldo,+715,+S%C3%A3o+Paulo,+Brasil&amp;aq=0&amp;oq=Av.+Dr.+Arnaldo,+715+sa&amp;sll=37.0625,-95.677068&amp;sspn=55.937499,135.263672&amp;ie=UTF8&amp;hq=&amp;hnear=Av.+Dr.+Arnaldo,+715+-+Consola%C3%A7%C3%A3o,+S%C3%A3o+Paulo,+01255-000,+Brasil&amp;t=m&amp;z=14&amp;iwloc=lyrftr:m,6762599161655142084,-23.553262,-46.673452\">Ver mapa maior<\/a><\/p>\n","protected":false},"excerpt":{"rendered":"<p>O objetivo da reuni\u00e3o ser\u00e1 apresentar e discutir a ado\u00e7\u00e3o \u00a0do novo sistema de marca\u00e7\u00e3o de textos completos dos peri\u00f3dicos SciELO em linguagem XML seguindo o SciELO Publishing Schema (www.scielo.org\/php\/level.php?lang=pt&amp;component=56&amp;item=54) adaptada com pequenas modifica\u00e7\u00f5es da norma ANSI\/NISO Z39.96-2012, JATS: Journal &hellip; <a href=\"https:\/\/eventos.scielo.org\/ivmarcacaopmc\/\">Continue reading <span class=\"meta-nav\">&rarr;<\/span><\/a><\/p>\n","protected":false},"author":3,"featured_media":0,"parent":0,"menu_order":0,"comment_status":"closed","ping_status":"closed","template":"sidebar-page.php","meta":{"footnotes":""},"class_list":["post-6","page","type-page","status-publish","hentry"],"aioseo_notices":[],"_links":{"self":[{"href":"https:\/\/eventos.scielo.org\/ivmarcacaopmc\/wp-json\/wp\/v2\/pages\/6","targetHints":{"allow":["GET"]}}],"collection":[{"href":"https:\/\/eventos.scielo.org\/ivmarcacaopmc\/wp-json\/wp\/v2\/pages"}],"about":[{"href":"https:\/\/eventos.scielo.org\/ivmarcacaopmc\/wp-json\/wp\/v2\/types\/page"}],"author":[{"embeddable":true,"href":"https:\/\/eventos.scielo.org\/ivmarcacaopmc\/wp-json\/wp\/v2\/users\/3"}],"replies":[{"embeddable":true,"href":"https:\/\/eventos.scielo.org\/ivmarcacaopmc\/wp-json\/wp\/v2\/comments?post=6"}],"version-history":[{"count":7,"href":"https:\/\/eventos.scielo.org\/ivmarcacaopmc\/wp-json\/wp\/v2\/pages\/6\/revisions"}],"predecessor-version":[{"id":30,"href":"https:\/\/eventos.scielo.org\/ivmarcacaopmc\/wp-json\/wp\/v2\/pages\/6\/revisions\/30"}],"wp:attachment":[{"href":"https:\/\/eventos.scielo.org\/ivmarcacaopmc\/wp-json\/wp\/v2\/media?parent=6"}],"curies":[{"name":"wp","href":"https:\/\/api.w.org\/{rel}","templated":true}]}}