{"id":10,"date":"2014-09-22T13:23:58","date_gmt":"2014-09-22T13:23:58","guid":{"rendered":"http:\/\/eventos.scielo.org\/ivreuniaoscielo\/?page_id=10"},"modified":"2014-12-09T16:12:21","modified_gmt":"2014-12-09T16:12:21","slug":"programa","status":"publish","type":"page","link":"https:\/\/eventos.scielo.org\/ivreuniaoscielo\/programa\/","title":{"rendered":"Programa"},"content":{"rendered":"<div style=\"border-bottom: 1px dashed #800000;\"><span style=\"color: #800000;\">09:00 \u2013 09:30<\/span><\/div>\n<p style=\"padding-left: 30px; padding-top: 3%; font-size: 18px; color: #4d4f50;\"><strong>Abertura<\/strong><\/p>\n<p style=\"padding-left: 60px;\"><strong><span style=\"color: #222222;\">Sobre o impacto dos artigos cient\u00edficos de autores no Brasil\u00a0<a href=\"http:\/\/pt.slideshare.net\/scielo\/sobre-o-impacto-dos-artigos-cientficos-de-autores-no-brasil\" target=\"_blank\"><img loading=\"lazy\" decoding=\"async\" style=\"text-alignment: bottom;\" src=\"http:\/\/eventos.scielo.org\/ivreuniaoscielo\/files\/2014\/12\/download.png\" alt=\"download\" width=\"15\" height=\"16\" \/><\/a><\/span><\/strong><\/p>\n<p style=\"padding-left: 90px;\">Carlos Henrique Brito Cruz, Diretor Cient\u00edfico da FAPESP, [<a href=\"http:\/\/buscatextual.cnpq.br\/buscatextual\/cv?id=2423378571102463\" target=\"_blank\">Lattes<\/a>, <a href=\"http:\/\/scholar.google.com\/citations?user=CZp3uv4AAAAJ&amp;hl=en\" target=\"_blank\">Google profile<\/a>]<\/p>\n<div style=\"border-bottom: 1px dashed #800000;\"><span style=\"color: #800000;\">09:30 \u2013 10:30<\/span><\/div>\n<p style=\"padding-left: 30px; padding-top: 3%; font-size: 18px; color: #4d4f50;\"><strong>Desempenho dos peri\u00f3dicos SciELO e novos Crit\u00e9rios de Indexa\u00e7\u00e3o<br \/>\n<\/strong><\/p>\n<p style=\"padding-left: 60px;\"><strong><span style=\"color: #222222;\">Dimens\u00f5es nacional e internacional\u00a0do impacto e consumo de informa\u00e7\u00e3o dos peri\u00f3dicos SciELO Brasil\u00a0<strong style=\"color: #333333;\"><a href=\"http:\/\/pt.slideshare.net\/scielo\/2014-mugnaini-scielo\" target=\"_blank\"><img loading=\"lazy\" decoding=\"async\" src=\"http:\/\/eventos.scielo.org\/ivreuniaoscielo\/files\/2014\/12\/download.png\" alt=\"download\" width=\"15\" height=\"16\" \/><\/a><\/strong><\/span><\/strong><\/p>\n<p style=\"padding-left: 90px;\">Rogerio Mugnaini, <span style=\"color: #222222;\">Professor ECA\/USP,<\/span>\u00a0[<a href=\"http:\/\/buscatextual.cnpq.br\/buscatextual\/cv?id=6156509933307243\" target=\"_blank\">Lattes<\/a>, <a href=\"http:\/\/scholar.google.com\/citations?user=yg0B5VUAAAAJ&amp;hl=en\" target=\"_blank\">Google profile<\/a>]<\/p>\n<p style=\"padding-left: 60px;\"><strong><span style=\"color: #222222;\">&#8220;Peri\u00f3dicos nacionais&#8221;, dando vaz\u00e3o \u00e0 produ\u00e7\u00e3o cient\u00edfica nacional\u00a0<strong style=\"color: #333333;\"><a href=\"http:\/\/pt.slideshare.net\/scielo\/rogerio-meneghini-apresentao-fapesp-scielo-dez-2014\" target=\"_blank\"><img loading=\"lazy\" decoding=\"async\" src=\"http:\/\/eventos.scielo.org\/ivreuniaoscielo\/files\/2014\/12\/download.png\" alt=\"download\" width=\"15\" height=\"16\" \/><\/a><\/strong><\/span><\/strong><\/p>\n<p style=\"padding-left: 90px;\">Rogerio Meneghini, Diretor Cient\u00edfico do SciELO, [<a href=\"http:\/\/buscatextual.cnpq.br\/buscatextual\/cv?id=4760273612238540\" target=\"_blank\">Lattes<\/a>, <a href=\"http:\/\/scholar.google.com\/citations?user=q8vky2oAAAAJ&amp;hl=en\" target=\"_blank\">Google profile<\/a>]<\/p>\n<p style=\"padding-left: 60px;\"><strong>Crit\u00e9rios SciELO de indexa\u00e7\u00e3o\u00a0<strong><span style=\"color: #222222;\"><a href=\"http:\/\/pt.slideshare.net\/scielo\/sci-elo-critrios-de-indexao2014a3\" target=\"_blank\"><img loading=\"lazy\" decoding=\"async\" src=\"http:\/\/eventos.scielo.org\/ivreuniaoscielo\/files\/2014\/12\/download.png\" alt=\"download\" width=\"15\" height=\"16\" \/><\/a><\/span><\/strong><\/strong><\/p>\n<p style=\"padding-left: 90px;\">Abel L Packer, Diretor do Programa SciELO, [<a href=\"http:\/\/buscatextual.cnpq.br\/buscatextual\/cv?id=6603329734556632\" target=\"_blank\">Lattes<\/a>, <a href=\"http:\/\/scholar.google.com\/citations?user=l1BPPUUAAAAJ&amp;hl=en\" target=\"_blank\">Google profile<\/a>]<\/p>\n<div style=\"border-bottom: 1px dashed #800000;\"><span style=\"color: #800000;\">10:30 \u2013 11:00<\/span><\/div>\n<p style=\"padding-left: 30px; padding-top: 3%; font-size: 18px; color: #4d4f50;\"><strong>Intervalo<\/strong><\/p>\n<div style=\"border-bottom: 1px dashed #800000;\"><span style=\"color: #800000;\">11:00 \u2013 12:30<\/span><\/div>\n<p style=\"padding-left: 30px; padding-top: 3%; font-size: 18px; color: #4d4f50;\"><strong>Painel: Os editores e o aperfei\u00e7oamento dos peri\u00f3dicos<\/strong><\/p>\n<p style=\"padding-left: 60px;\"><span style=\"color: #222222;\"><strong>Homenagem ao Prof. Dr. Lewis J. Greene, Editor do Brazilian Journal of Medical and Biological Research,<\/strong> [<a href=\"http:\/\/buscatextual.cnpq.br\/buscatextual\/visualizacv.do?metodo=apresentar&amp;id=K4788140T9\" target=\"_blank\">Lattes<\/a>]\u00a0[leia <a href=\"http:\/\/blog.scielo.org\/blog\/2014\/11\/28\/ciencia-e-vida-homenagem-ao-dr-greene\/\" target=\"_blank\">entrevista<\/a> concedida para o Blog <em>SciELO em Perspectiva<\/em>]\u00a0<strong style=\"color: #333333;\"><strong style=\"color: #333333;\"><a href=\"http:\/\/youtu.be\/B_j8Uq-Fhu0\" target=\"_blank\"><img decoding=\"async\" src=\"http:\/\/eventos.scielo.org\/ivreuniaoscielo\/files\/2014\/12\/video.png\" alt=\"download\" \/><\/a><\/strong><\/strong><\/span><\/p>\n<p style=\"padding-left: 60px;\"><strong>O que caracteriza um peri\u00f3dico de prestigio internacional\u00a0<strong><span style=\"color: #222222;\"><a href=\"http:\/\/pt.slideshare.net\/scielo\/hooman-momen-o-que-caracteriza-um-peridico-de-prestigio-internacional\" target=\"_blank\"><img loading=\"lazy\" decoding=\"async\" src=\"http:\/\/eventos.scielo.org\/ivreuniaoscielo\/files\/2014\/12\/download.png\" alt=\"download\" width=\"15\" height=\"16\" \/><\/a><\/span><\/strong><\/strong><\/p>\n<p style=\"padding-left: 90px;\">Hooman Momen, Mem\u00f3rias do Instituto Oswaldo Cruz, [<a href=\"http:\/\/buscatextual.cnpq.br\/buscatextual\/visualizacv.do?metodo=apresentar&amp;id=K4783525U8\" target=\"_blank\">Lattes<\/a>, <a href=\"http:\/\/scholar.google.com\/citations?user=M7ND-8cAAAAJ&amp;hl=en\" target=\"_blank\">Google profile<\/a>]<\/p>\n<p style=\"padding-left: 60px;\"><strong>Aperfei\u00e7oando um peri\u00f3dico acad\u00eamico internacional no Brasil\u00a0<strong><span style=\"color: #222222;\"><a href=\"http:\/\/pt.slideshare.net\/scielo\/carlos-menck-gmb-as-international-122014\" target=\"_blank\"><img loading=\"lazy\" decoding=\"async\" src=\"http:\/\/eventos.scielo.org\/ivreuniaoscielo\/files\/2014\/12\/download.png\" alt=\"download\" width=\"15\" height=\"16\" \/><\/a><\/span><\/strong><\/strong><\/p>\n<p style=\"padding-left: 90px;\">Carlos F. M. Menck, Editor do Genetics and Molecular Biology [<a href=\"http:\/\/buscatextual.cnpq.br\/buscatextual\/cv?id=8043136069525312\" target=\"_blank\">Lattes<\/a>, <a href=\"http:\/\/scholar.google.com\/citations?user=Z6faNa0AAAAJ&amp;hl=en\" target=\"_blank\">Google profile<\/a>]<\/p>\n<p style=\"padding-left: 60px;\"><strong>Local \/ universal: quest\u00f5es e desafios para os peri\u00f3dicos das ci\u00eancias humanas e sociais\u00a0<strong><strong><span style=\"color: #222222;\"><a href=\"http:\/\/pt.slideshare.net\/scielo\/nelson-sanjad-reuniao-anualscielo-sanjad\" target=\"_blank\"><img loading=\"lazy\" decoding=\"async\" src=\"http:\/\/eventos.scielo.org\/ivreuniaoscielo\/files\/2014\/12\/download.png\" alt=\"download\" width=\"15\" height=\"16\" \/><\/a><\/span><\/strong><\/strong><\/strong><\/p>\n<p style=\"padding-left: 90px;\">Nelson Sanjad, Editor do Boletim do Museu Paraense Em\u00edlio Goeldi. Ci\u00eancias Humanas, [<a href=\"http:\/\/buscatextual.cnpq.br\/buscatextual\/cv?id=9110037947248805\" target=\"_blank\">Lattes<\/a>]<\/p>\n<p style=\"padding-left: 60px;\"><strong>A ABEC e a internacionaliza\u00e7\u00e3o dos peri\u00f3dicos do Brasil\u00a0<strong><span style=\"color: #222222;\"><a href=\"http:\/\/pt.slideshare.net\/scielo\/o-papel-da-abec-brasil-na-internacionalizao-dos-peridicos-cientficos\" target=\"_blank\"><img loading=\"lazy\" decoding=\"async\" src=\"http:\/\/eventos.scielo.org\/ivreuniaoscielo\/files\/2014\/12\/download.png\" alt=\"download\" width=\"15\" height=\"16\" \/><\/a><\/span><\/strong><\/strong><\/p>\n<p style=\"padding-left: 90px;\">Sigmar de Mello Rode, Presidente da ABEC, [<a href=\"http:\/\/buscatextual.cnpq.br\/buscatextual\/visualizacv.do?metodo=apresentar&amp;id=K4782138J6\" target=\"_blank\">Lattes<\/a>, <a href=\"http:\/\/scholar.google.com\/citations?user=1M5K4loAAAAJ&amp;hl=en\" target=\"_blank\">Google profile<\/a>]<\/p>\n<div style=\"border-bottom: 1px dashed #800000;\"><span style=\"color: #800000;\">12:30<\/span><\/div>\n<p style=\"padding-left: 30px; padding-top: 3%; font-size: 18px; color: #4d4f50;\"><strong>Encerramento<\/strong><\/p>\n","protected":false},"excerpt":{"rendered":"<p>09:00 \u2013 09:30 Abertura Sobre o impacto dos artigos cient\u00edficos de autores no Brasil\u00a0 Carlos Henrique Brito Cruz, Diretor Cient\u00edfico da FAPESP, [Lattes, Google profile] 09:30 \u2013 10:30 Desempenho dos peri\u00f3dicos SciELO e novos Crit\u00e9rios de Indexa\u00e7\u00e3o Dimens\u00f5es nacional e &hellip; <a href=\"https:\/\/eventos.scielo.org\/ivreuniaoscielo\/programa\/\">Continue reading <span class=\"meta-nav\">&rarr;<\/span><\/a><\/p>\n","protected":false},"author":3,"featured_media":0,"parent":0,"menu_order":0,"comment_status":"closed","ping_status":"closed","template":"","meta":{"footnotes":""},"class_list":["post-10","page","type-page","status-publish","hentry"],"aioseo_notices":[],"_links":{"self":[{"href":"https:\/\/eventos.scielo.org\/ivreuniaoscielo\/wp-json\/wp\/v2\/pages\/10","targetHints":{"allow":["GET"]}}],"collection":[{"href":"https:\/\/eventos.scielo.org\/ivreuniaoscielo\/wp-json\/wp\/v2\/pages"}],"about":[{"href":"https:\/\/eventos.scielo.org\/ivreuniaoscielo\/wp-json\/wp\/v2\/types\/page"}],"author":[{"embeddable":true,"href":"https:\/\/eventos.scielo.org\/ivreuniaoscielo\/wp-json\/wp\/v2\/users\/3"}],"replies":[{"embeddable":true,"href":"https:\/\/eventos.scielo.org\/ivreuniaoscielo\/wp-json\/wp\/v2\/comments?post=10"}],"version-history":[{"count":56,"href":"https:\/\/eventos.scielo.org\/ivreuniaoscielo\/wp-json\/wp\/v2\/pages\/10\/revisions"}],"predecessor-version":[{"id":105,"href":"https:\/\/eventos.scielo.org\/ivreuniaoscielo\/wp-json\/wp\/v2\/pages\/10\/revisions\/105"}],"wp:attachment":[{"href":"https:\/\/eventos.scielo.org\/ivreuniaoscielo\/wp-json\/wp\/v2\/media?parent=10"}],"curies":[{"name":"wp","href":"https:\/\/api.w.org\/{rel}","templated":true}]}}