{"id":8,"date":"2014-09-22T13:23:42","date_gmt":"2014-09-22T13:23:42","guid":{"rendered":"http:\/\/eventos.scielo.org\/ivreuniaoscielo\/?page_id=8"},"modified":"2014-10-31T09:57:34","modified_gmt":"2014-10-31T09:57:34","slug":"apresentacao","status":"publish","type":"page","link":"https:\/\/eventos.scielo.org\/ivreuniaoscielo\/","title":{"rendered":"Apresenta\u00e7\u00e3o"},"content":{"rendered":"<p>A IV Reuni\u00e3o Anual do SciELO de 2014 retoma a an\u00e1lise e discuss\u00e3o sobre o fortalecimento da qualidade dos peri\u00f3dicos do Brasil com \u00eanfase nos indexados no SciELO e com vistas ao aumento do seu impacto nacional e internacionalmente.<\/p>\n<p><span style=\"color: #373737;\">A partir de 2015 o SciELO Brasil passa a operar com novos crit\u00e9rios de indexa\u00e7\u00e3o baseados no cumprimento de uma lista de requisitos e indicadores sobre a ado\u00e7\u00e3o das linhas de a\u00e7\u00e3o orientadas \u00e0\u00a0profissionaliza\u00e7\u00e3o, internacionaliza\u00e7\u00e3o e sustentabilidade financeira dos peri\u00f3dicos que o Programa SciELO vem promovendo.<\/span><\/p>\n<p>Estas linhas de a\u00e7\u00e3o visam contribuir para o\u00a0melhor\u00a0desempenho dos peri\u00f3dicos. A lideran\u00e7a dos editores-chefes \u00e9 determinante na ado\u00e7\u00e3o das linhas de a\u00e7\u00e3o.<\/p>\n<p>A pauta da reuni\u00e3o abarcar\u00e1 tr\u00eas temas principais:<\/p>\n<ul>\n<li>o desempenho dos peri\u00f3dicos SciELO;<\/li>\n<li>os novos crit\u00e9rios de indexa\u00e7\u00e3o do SciELO Brasil; e<\/li>\n<li>a fun\u00e7\u00e3o e responsabilidade dos editores no avan\u00e7o dos peri\u00f3dicos.<\/li>\n<\/ul>\n<p><strong>P\u00fablico\u00a0<\/strong><\/p>\n<p>Editores e membros das equipes editoriais dos peri\u00f3dicos do Brasil, pesquisadores, bibliotec\u00e1rios, profissionais de informa\u00e7\u00e3o, autoridades na gest\u00e3o da ci\u00eancia e comunica\u00e7\u00e3o cient\u00edfica e demais interessados.<\/p>\n<p><strong>Inscri\u00e7\u00f5es<\/strong><\/p>\n<p>A participa\u00e7\u00e3o na Reuni\u00e3o\u00a0\u00e9 gratuita,\u00a0por\u00e9m as vagas s\u00e3o limitadas. Para inscri\u00e7\u00f5es,\u00a0<a title=\"Inscri\u00e7\u00f5es\" href=\"http:\/\/eventos.scielo.org\/ivreuniaoscielo\/inscricoes\/\">registre-se<\/a>.<\/p>\n<p>Estes dados ser\u00e3o utilizados tamb\u00e9m para gerar o certificado de participa\u00e7\u00e3o no evento.<\/p>\n<h2>Local<\/h2>\n<p>Audit\u00f3rio Governador Carlos Alberto de Carvalho Pinto (FAPESP)<br \/>\nRua Pio XI, 1500<br \/>\nAlto da Lapa,\u00a0S\u00e3o Paulo-SP,\u00a005468-140.<\/p>\n<p><iframe loading=\"lazy\" style=\"border:0\" src=\"https:\/\/www.google.com\/maps\/embed?pb=!1m14!1m8!1m3!1d3657.8853884306786!2d-46.713847900000005!3d-23.5366243!3m2!1i1024!2i768!4f13.1!3m3!1m2!1s0x94cef8822717de01%3A0xef7a6dcb8bc5e0a8!2sR.+Pio+XI%2C+1500+-+Alto+de+Pinheiros%2C+S%C3%A3o+Paulo+-+SP%2C+05468-140!5e0!3m2!1spt-BR!2sbr!4v1412945467771\" width=\"80%\" height=\"500\" frameborder=\"0\"><\/iframe><\/p>\n","protected":false},"excerpt":{"rendered":"<p>A IV Reuni\u00e3o Anual do SciELO de 2014 retoma a an\u00e1lise e discuss\u00e3o sobre o fortalecimento da qualidade dos peri\u00f3dicos do Brasil com \u00eanfase nos indexados no SciELO e com vistas ao aumento do seu impacto nacional e internacionalmente. A &hellip; <a href=\"https:\/\/eventos.scielo.org\/ivreuniaoscielo\/\">Continue reading <span class=\"meta-nav\">&rarr;<\/span><\/a><\/p>\n","protected":false},"author":3,"featured_media":0,"parent":0,"menu_order":0,"comment_status":"closed","ping_status":"closed","template":"","meta":{"footnotes":""},"class_list":["post-8","page","type-page","status-publish","hentry"],"aioseo_notices":[],"_links":{"self":[{"href":"https:\/\/eventos.scielo.org\/ivreuniaoscielo\/wp-json\/wp\/v2\/pages\/8","targetHints":{"allow":["GET"]}}],"collection":[{"href":"https:\/\/eventos.scielo.org\/ivreuniaoscielo\/wp-json\/wp\/v2\/pages"}],"about":[{"href":"https:\/\/eventos.scielo.org\/ivreuniaoscielo\/wp-json\/wp\/v2\/types\/page"}],"author":[{"embeddable":true,"href":"https:\/\/eventos.scielo.org\/ivreuniaoscielo\/wp-json\/wp\/v2\/users\/3"}],"replies":[{"embeddable":true,"href":"https:\/\/eventos.scielo.org\/ivreuniaoscielo\/wp-json\/wp\/v2\/comments?post=8"}],"version-history":[{"count":11,"href":"https:\/\/eventos.scielo.org\/ivreuniaoscielo\/wp-json\/wp\/v2\/pages\/8\/revisions"}],"predecessor-version":[{"id":40,"href":"https:\/\/eventos.scielo.org\/ivreuniaoscielo\/wp-json\/wp\/v2\/pages\/8\/revisions\/40"}],"wp:attachment":[{"href":"https:\/\/eventos.scielo.org\/ivreuniaoscielo\/wp-json\/wp\/v2\/media?parent=8"}],"curies":[{"name":"wp","href":"https:\/\/api.w.org\/{rel}","templated":true}]}}