{"id":40,"date":"2019-06-18T14:20:56","date_gmt":"2019-06-18T14:20:56","guid":{"rendered":"http:\/\/eventos.scielo.org\/ivscielo-scholarone\/?page_id=40"},"modified":"2019-09-17T12:06:13","modified_gmt":"2019-09-17T12:06:13","slug":"programa","status":"publish","type":"page","link":"https:\/\/eventos.scielo.org\/ivscielo-scholarone\/programa\/","title":{"rendered":"Programa"},"content":{"rendered":"<div style=\"border-bottom: 1px dashed #800000;\"><span style=\"color: #800000;\">09:00 \u2013 09:15<\/span><\/div>\n<p style=\"padding-left: 30px; padding-top: 3%; font-size: 18px; color: #4d4f50;\">Abertura<\/p>\n<p style=\"padding-left: 60px;\">Alex Mendon\u00e7a,\u00a0Coordenador da Unidade de Submiss\u00e3o Online do Programa SciELO<\/p>\n<div style=\"border-bottom: 1px dashed #800000;\"><span style=\"color: #800000;\">09:15\u00a0\u2013 10:35<\/span><\/div>\n<p style=\"padding-left: 30px; padding-top: 3%; font-size: 18px; color: #4d4f50;\"><a href=\"https:\/\/www.slideshare.net\/scielo\/panorama-geral-do-scholarone-na-coleo-scielo-brasil-e-retrospectiva-20172018-iv-curso-scieloscholarone\" target=\"_blank\">Panorama geral do <em>ScholarOne<\/em>\u00a0na Cole\u00e7\u00e3o SciELO Brasil e retrospectiva 2017-2019<\/a><\/p>\n<p style=\"padding-left: 60px;\">Alex Mendon\u00e7a,\u00a0Coordenador da Unidade de Submiss\u00e3o Online do Programa SciELO<\/p>\n<div style=\"border-bottom: 1px dashed #800000;\"><span style=\"color: #800000;\">10:35 \u2013 10:50<\/span><\/div>\n<p style=\"padding-left: 30px; padding-top: 3%; font-size: 18px; color: #4d4f50;\"><em>Coffee Break<\/em><\/p>\n<div style=\"border-bottom: 1px dashed #800000;\"><span style=\"color: #800000;\">10:50 \u2013 12:00<\/span><\/div>\n<p style=\"padding-left: 30px; padding-top: 3%; font-size: 18px; color: #4d4f50;\"><a href=\"https:\/\/www.slideshare.net\/scielo\/profissionalizao-iv-curso-scieloscholarone\" target=\"_blank\">Profissionaliza\u00e7\u00e3o &#8211; boas pr\u00e1ticas e dicas de uso<\/a><\/p>\n<p style=\"padding-left: 60px;\">Alex Mendon\u00e7a,\u00a0Coordenador da Unidade de Submiss\u00e3o Online do Programa SciELO<\/p>\n<div style=\"border-bottom: 1px dashed #800000;\"><span style=\"color: #800000;\">12:00 \u2013 13:30<\/span><\/div>\n<p style=\"padding-left: 30px; padding-top: 3%; font-size: 18px; color: #4d4f50;\">Almo\u00e7o <em>(n\u00e3o incluso na inscri\u00e7\u00e3o)<\/em><\/p>\n<div style=\"border-bottom: 1px dashed #800000;\"><span style=\"color: #800000;\">13:30 \u2013 15:00<\/span><\/div>\n<p style=\"padding-left: 30px; padding-top: 3%; font-size: 18px; color: #4d4f50;\"><a href=\"https:\/\/www.slideshare.net\/scielo\/publons-iv-curso-scieloscholarone\" target=\"_blank\">Publons: Reviewer Connect e Reviewer Recognition<\/a><\/p>\n<p style=\"padding-left: 60px;\">Deborah\u00a0Assis Dias, Solution Specialist, Clarivate Analytics<\/p>\n<div style=\"border-bottom: 1px dashed #800000;\"><span style=\"color: #800000;\">15:00 \u2013 16:00<\/span><\/div>\n<p style=\"padding-left: 30px; padding-top: 3%; font-size: 18px; color: #4d4f50;\"><a href=\"http:\/\/eventos.scielo.org\/ivscielo-scholarone\/files\/2019\/09\/Tabelas-Din\u00e2micas-no-ScholarOne.pdf\" target=\"_blank\">Mini-curso Cognos: Trabalhando com tabelas din\u00e2micas<\/a><\/p>\n<p style=\"padding-left: 60px;\">Alex Mendon\u00e7a,\u00a0Coordenador da Unidade de Submiss\u00e3o Online do Programa SciELO<\/p>\n<div style=\"border-bottom: 1px dashed #800000;\"><span style=\"color: #800000;\">16:00 \u2013 16:45<\/span><\/div>\n<p style=\"padding-left: 30px; padding-top: 3%; font-size: 18px; color: #4d4f50;\"><a href=\"https:\/\/www.slideshare.net\/scielo\/plano-de-produto-scholarone-novidades-e-melhorias-previstas-nas-prximas-verses-do-sistema-iv-curso-scieloscholarone\" target=\"_blank\">Plano de produto ScholarOne\u00a0\u2013 Novidades e melhorias previstas nas pr\u00f3ximas vers\u00f5es do sistema<\/a><\/p>\n<p style=\"padding-left: 60px;\">Alex Mendon\u00e7a,\u00a0Coordenador da Unidade de Submiss\u00e3o Online do Programa SciELO<\/p>\n<div style=\"border-bottom: 1px dashed #800000;\"><span style=\"color: #800000;\">16:45 \u2013 17:00<\/span><\/div>\n<p style=\"padding-left: 30px; padding-top: 3%; font-size: 18px; color: #4d4f50;\"><a href=\"https:\/\/www.slideshare.net\/scielo\/cerimnia-de-reconhecimento-iv-curso-scieloscholarone\" target=\"_blank\">Cerim\u00f4nia de\u00a0Reconhecimento<\/a><\/p>\n<p style=\"padding-left: 30px;\">Os peri\u00f3dicos e profissionais que merecem\u00a0destaque<\/p>\n<div style=\"border-bottom: 1px dashed #800000;\"><span style=\"color: #800000;\">17:00<\/span><\/div>\n<p style=\"padding-left: 30px; padding-top: 3%; font-size: 18px; color: #4d4f50;\">Encerramento<\/p>\n","protected":false},"excerpt":{"rendered":"<p>09:00 \u2013 09:15 Abertura Alex Mendon\u00e7a,\u00a0Coordenador da Unidade de Submiss\u00e3o Online do Programa SciELO 09:15\u00a0\u2013 10:35 Panorama geral do ScholarOne\u00a0na Cole\u00e7\u00e3o SciELO Brasil e retrospectiva 2017-2019 Alex Mendon\u00e7a,\u00a0Coordenador da Unidade de Submiss\u00e3o Online do Programa SciELO 10:35 \u2013 10:50 Coffee Break 10:50 \u2013 12:00 Profissionaliza\u00e7\u00e3o &#8211; boas pr\u00e1ticas e dicas de uso Alex Mendon\u00e7a,\u00a0Coordenador da &hellip; <\/p>\n<p class=\"link-more\"><a href=\"https:\/\/eventos.scielo.org\/ivscielo-scholarone\/programa\/\" class=\"more-link\">Continue reading<span class=\"screen-reader-text\"> &#8220;Programa&#8221;<\/span><\/a><\/p>\n","protected":false},"author":3,"featured_media":46,"parent":0,"menu_order":0,"comment_status":"closed","ping_status":"closed","template":"","meta":{"footnotes":""},"class_list":["post-40","page","type-page","status-publish","has-post-thumbnail","hentry"],"aioseo_notices":[],"_links":{"self":[{"href":"https:\/\/eventos.scielo.org\/ivscielo-scholarone\/wp-json\/wp\/v2\/pages\/40","targetHints":{"allow":["GET"]}}],"collection":[{"href":"https:\/\/eventos.scielo.org\/ivscielo-scholarone\/wp-json\/wp\/v2\/pages"}],"about":[{"href":"https:\/\/eventos.scielo.org\/ivscielo-scholarone\/wp-json\/wp\/v2\/types\/page"}],"author":[{"embeddable":true,"href":"https:\/\/eventos.scielo.org\/ivscielo-scholarone\/wp-json\/wp\/v2\/users\/3"}],"replies":[{"embeddable":true,"href":"https:\/\/eventos.scielo.org\/ivscielo-scholarone\/wp-json\/wp\/v2\/comments?post=40"}],"version-history":[{"count":17,"href":"https:\/\/eventos.scielo.org\/ivscielo-scholarone\/wp-json\/wp\/v2\/pages\/40\/revisions"}],"predecessor-version":[{"id":108,"href":"https:\/\/eventos.scielo.org\/ivscielo-scholarone\/wp-json\/wp\/v2\/pages\/40\/revisions\/108"}],"wp:featuredmedia":[{"embeddable":true,"href":"https:\/\/eventos.scielo.org\/ivscielo-scholarone\/wp-json\/wp\/v2\/media\/46"}],"wp:attachment":[{"href":"https:\/\/eventos.scielo.org\/ivscielo-scholarone\/wp-json\/wp\/v2\/media?parent=40"}],"curies":[{"name":"wp","href":"https:\/\/api.w.org\/{rel}","templated":true}]}}