{"id":5,"date":"2017-01-18T13:14:12","date_gmt":"2017-01-18T13:14:12","guid":{"rendered":"http:\/\/eventos.scielo.org\/ixccscielolivros\/?page_id=5"},"modified":"2017-01-19T20:40:38","modified_gmt":"2017-01-19T20:40:38","slug":"apresentacao","status":"publish","type":"page","link":"https:\/\/eventos.scielo.org\/ixccscielolivros\/","title":{"rendered":"Apresenta\u00e7\u00e3o"},"content":{"rendered":"<p><strong>02\u00a0de Fevereiro\u00a0de 2017.<\/strong><\/p>\n<p><strong>Termos de refer\u00eancia:<\/strong>\u00a0<span style=\"color: #373737;\">A IX\u00a0Reuni\u00e3o do Comit\u00ea Consultivo SciELO Livros tem por objetivo analisar e avaliar submiss\u00f5es de livros, cole\u00e7\u00f5es tem\u00e1ticas e editoras acad\u00eamicas para indexa\u00e7\u00e3o e publica\u00e7\u00e3o na Cole\u00e7\u00e3o SciELO Livros<\/span>.<\/p>\n","protected":false},"excerpt":{"rendered":"<p>02\u00a0de Fevereiro\u00a0de 2017. Termos de refer\u00eancia:\u00a0A IX\u00a0Reuni\u00e3o do Comit\u00ea Consultivo SciELO Livros tem por objetivo analisar e avaliar submiss\u00f5es de livros, cole\u00e7\u00f5es tem\u00e1ticas e editoras acad\u00eamicas para indexa\u00e7\u00e3o e publica\u00e7\u00e3o na Cole\u00e7\u00e3o SciELO Livros.<\/p>\n","protected":false},"author":16,"featured_media":0,"parent":0,"menu_order":0,"comment_status":"closed","ping_status":"closed","template":"","meta":{"footnotes":""},"class_list":["post-5","page","type-page","status-publish","hentry"],"aioseo_notices":[],"_links":{"self":[{"href":"https:\/\/eventos.scielo.org\/ixccscielolivros\/wp-json\/wp\/v2\/pages\/5","targetHints":{"allow":["GET"]}}],"collection":[{"href":"https:\/\/eventos.scielo.org\/ixccscielolivros\/wp-json\/wp\/v2\/pages"}],"about":[{"href":"https:\/\/eventos.scielo.org\/ixccscielolivros\/wp-json\/wp\/v2\/types\/page"}],"author":[{"embeddable":true,"href":"https:\/\/eventos.scielo.org\/ixccscielolivros\/wp-json\/wp\/v2\/users\/16"}],"replies":[{"embeddable":true,"href":"https:\/\/eventos.scielo.org\/ixccscielolivros\/wp-json\/wp\/v2\/comments?post=5"}],"version-history":[{"count":2,"href":"https:\/\/eventos.scielo.org\/ixccscielolivros\/wp-json\/wp\/v2\/pages\/5\/revisions"}],"predecessor-version":[{"id":15,"href":"https:\/\/eventos.scielo.org\/ixccscielolivros\/wp-json\/wp\/v2\/pages\/5\/revisions\/15"}],"wp:attachment":[{"href":"https:\/\/eventos.scielo.org\/ixccscielolivros\/wp-json\/wp\/v2\/media?parent=5"}],"curies":[{"name":"wp","href":"https:\/\/api.w.org\/{rel}","templated":true}]}}