{"id":2,"date":"2011-07-25T20:55:59","date_gmt":"2011-07-25T20:55:59","guid":{"rendered":"http:\/\/eventos.scielo.org\/jcr2011\/?page_id=2"},"modified":"2011-08-05T14:03:23","modified_gmt":"2011-08-05T14:03:23","slug":"presentation","status":"publish","type":"page","link":"https:\/\/eventos.scielo.org\/jcr2010\/","title":{"rendered":"Apresenta\u00e7\u00e3o"},"content":{"rendered":"<div>\n<p><strong>Termos de refer\u00eancia<\/strong><\/p>\n<p>A vers\u00e3o atualizada at\u00e9 o ano 2010 do Journal Citation Reports (JCR), publicada em 28 de junho de 2011, apresenta resultados que confirmam o novo cen\u00e1rio de amplia\u00e7\u00e3o e fortalecimento da inser\u00e7\u00e3o internacional dos peri\u00f3dicos brasileiros caracterizado por:<\/p>\n<p>\u2022 O n\u00famero de peri\u00f3dicos brasileiros indexados no JCR2010, incluindo as cole\u00e7\u00f5es JCR Science e JCR Social Sciences, soma 103, que representa um aumento de 43% em rela\u00e7\u00e3o \u00e0 cole\u00e7\u00e3o de 2009. A pol\u00edtica da Thomson Reuters de aumentar o n\u00famero dos chamados peri\u00f3dicos regionais tem implica\u00e7\u00f5es para o posicionamento internacional da ci\u00eancia brasileira e, em particular, para o\u00a0 desempenho dos peri\u00f3dicos brasileiros;<\/p>\n<p>\u2022 11 peri\u00f3dicos brasileiros mantiveram em 2010 Fator de Impacto maior que 1, o que representa um avance not\u00e1vel para a pesquisa cient\u00edfica brasileira;<\/p>\n<p>\u2022 o comportamento e distribui\u00e7\u00e3o das cita\u00e7\u00f5es segundo as \u00e1reas tem\u00e1ticas ocorrem e influenciam de modo diferenciado os peri\u00f3dicos;<\/p>\n<p>\u2022 o desempenho relativo dos peri\u00f3dicos brasileiros apresenta avan\u00e7os not\u00e1veis em rela\u00e7\u00e3o aos demais pa\u00edses latino-americanos e emergentes;<\/p>\n<p>\u2022 a grande maioria dos peri\u00f3dicos SciELO no JCR mantiveram ou melhoraram o desempenho em termos de cita\u00e7\u00f5es recebidas.<\/p>\n<p>O semin\u00e1rio dar\u00e1 sequ\u00eancia \u00e0 analise e discuss\u00e3o sobre as caracter\u00edsticas e conseq\u00fc\u00eancias que emergem deste novo contexto com a participa\u00e7\u00e3o de especialistas em comunica\u00e7\u00e3o cient\u00edfica e cienciometria.<\/p>\n<p><strong>P\u00fablico <\/strong><strong><br \/>\n<\/strong><br \/>\nAutores, pesquisadores, estudantes, editores de peri\u00f3dicos cient\u00edficas, bibliotec\u00e1rios, profissionais de informa\u00e7\u00e3o, autoridades na gest\u00e3o da ci\u00eancia e comunica\u00e7\u00e3o cient\u00edfica e demais interessados.<\/p>\n<p><strong>Inscri\u00e7\u00f5es<\/strong><strong><\/strong><\/p>\n<p>A participa\u00e7\u00e3o no Semin\u00e1rio \u00e9 livre de custo,\u00a0por\u00e9m as vagas s\u00e3o limitadas. Para inscri\u00e7\u00f5es, <a href=\"http:\/\/eventos.scielo.org\/jcr2010\/registro-2\/\">registre-se<\/a> no site.<\/p>\n<p>Estes dados ser\u00e3o utilizados para gerar o certificado de participa\u00e7\u00e3o no evento.<\/p>\n<p><strong>Local<\/strong><em><a href=\"http:\/\/maps.google.com.br\/maps?q=Rua+Pio+XI,+1500+Alto+da+Lapa+%E2%80%93+S%C3%A3o+Paulo\/SP&amp;oe=utf-8&amp;rls=org.mozilla:pt-BR:official&amp;client=firefox-a&amp;um=1&amp;ie=UTF-8&amp;hq=&amp;hnear=0x94cef88220cde169:0xd503b389e5f24830,R.+Pio+XI,+1500+-+Alto+de+Pinheiros,+S%C3%A3o+Paulo,+05468-140&amp;gl=br&amp;ei=NZY5TpbROund0QGF5rT-Aw&amp;sa=X&amp;oi=geocode_result&amp;ct=title&amp;resnum=1&amp;ved=0CB8Q8gEwAA\" target=\"_blank\"><img loading=\"lazy\" decoding=\"async\" class=\"alignright size-full wp-image-85\" src=\"http:\/\/eventos.scielo.org\/jcr2010\/files\/2011\/07\/mapa1.jpg\" alt=\"\" width=\"318\" height=\"208\" \/><\/a><\/em><strong><\/strong><\/p>\n<p>Audit\u00f3rio<em><\/em><em><\/em><br \/>\n<em>FAPESP <\/em><em>&#8211; <\/em><em>Funda\u00e7\u00e3o de Amparo \u00e0 Pesquisa do Estado de S\u00e3o Paulo<\/em><em><br \/>\nAudit\u00f3rio <\/em><em>Governador Carlos Alberto de Carvalho Pinto<br \/>\nRua Pio XI, 1500<br \/>\nAlto da Lapa &#8211; S\u00e3o Paulo\/SP \u2013 Brasil<\/em><\/p>\n<\/div>\n","protected":false},"excerpt":{"rendered":"<p>Termos de refer\u00eancia A vers\u00e3o atualizada at\u00e9 o ano 2010 do Journal Citation Reports (JCR), publicada em 28 de junho de 2011, apresenta resultados que confirmam o novo cen\u00e1rio de amplia\u00e7\u00e3o e fortalecimento da inser\u00e7\u00e3o internacional dos peri\u00f3dicos brasileiros caracterizado &hellip; <a href=\"https:\/\/eventos.scielo.org\/jcr2010\/\">Continue reading <span class=\"meta-nav\">&rarr;<\/span><\/a><\/p>\n","protected":false},"author":1,"featured_media":0,"parent":0,"menu_order":0,"comment_status":"closed","ping_status":"closed","template":"","meta":{"footnotes":""},"class_list":["post-2","page","type-page","status-publish","hentry"],"aioseo_notices":[],"_links":{"self":[{"href":"https:\/\/eventos.scielo.org\/jcr2010\/wp-json\/wp\/v2\/pages\/2","targetHints":{"allow":["GET"]}}],"collection":[{"href":"https:\/\/eventos.scielo.org\/jcr2010\/wp-json\/wp\/v2\/pages"}],"about":[{"href":"https:\/\/eventos.scielo.org\/jcr2010\/wp-json\/wp\/v2\/types\/page"}],"author":[{"embeddable":true,"href":"https:\/\/eventos.scielo.org\/jcr2010\/wp-json\/wp\/v2\/users\/1"}],"replies":[{"embeddable":true,"href":"https:\/\/eventos.scielo.org\/jcr2010\/wp-json\/wp\/v2\/comments?post=2"}],"version-history":[{"count":14,"href":"https:\/\/eventos.scielo.org\/jcr2010\/wp-json\/wp\/v2\/pages\/2\/revisions"}],"predecessor-version":[{"id":72,"href":"https:\/\/eventos.scielo.org\/jcr2010\/wp-json\/wp\/v2\/pages\/2\/revisions\/72"}],"wp:attachment":[{"href":"https:\/\/eventos.scielo.org\/jcr2010\/wp-json\/wp\/v2\/media?parent=2"}],"curies":[{"name":"wp","href":"https:\/\/api.w.org\/{rel}","templated":true}]}}