{"id":10,"date":"2012-08-07T19:25:51","date_gmt":"2012-08-07T19:25:51","guid":{"rendered":"http:\/\/eventos.scielo.org\/jcr2011\/?page_id=10"},"modified":"2022-05-20T17:54:58","modified_gmt":"2022-05-20T17:54:58","slug":"programacao","status":"publish","type":"page","link":"https:\/\/eventos.scielo.org\/jcr2011\/programacao\/","title":{"rendered":"Programa\u00e7\u00e3o"},"content":{"rendered":"<p><span style=\"color: #333399;\"><strong>9:00 \u2013 9:30 \u2013 Abertura<\/strong><\/span><\/p>\n<p style=\"padding-left: 30px;\"><strong><\/strong>&#8212;&nbsp;<a href=\"http:\/\/lattes.cnpq.br\/2378134462243674\" target=\"_blank\" rel=\"noopener\">Celso Lafer<\/a>, Presidente da FAPESP<br \/>\n&#8212;&nbsp;<a href=\"http:\/\/lattes.cnpq.br\/1807399214239200\" target=\"_blank\" rel=\"noopener\">Jos\u00e9 Arana Varela<\/a>, Diretor-Presidente do CTA &nbsp;da FAPESP<\/p>\n<p><span style=\"color: #333399;\"><strong>9:30 \u2013 10:30 \u2013 Confer\u00eancia sobre gest\u00e3o avan\u00e7ada de peri\u00f3dicos<\/strong><\/span><\/p>\n<p style=\"padding-left: 30px;\"><strong>&#8211; Scientific journals: raising profiles, prospects, and impact factors (<a href=\"http:\/\/eventos.scielo.org\/jcr2011\/files\/2012\/10\/Sue-Silver-Scielo-2012-Brazil-2012-DC_edited.ppsx\">&gt;&gt; Download<\/a>)<\/strong><br \/>\n&#8212; <a title=\"Sue Silver\" href=\"http:\/\/eventos.scielo.org\/jcr2011\/sue-silver\/\">Sue Silver<\/a>, Editor in Chief of Frontiers in Ecology and the Environment<\/p>\n<p><span style=\"color: #333399;\"><strong>10:30 \u2013 11:00 \u2013 Intervalo<\/strong><\/span><\/p>\n<p><span style=\"color: #333399;\"><strong>11:00 \u2013 11:10&nbsp;<strong>\u2013 Sobre o Programa SciELO<\/strong><\/strong><\/span><\/p>\n<p style=\"padding-left: 30px;\">&#8212;&nbsp;<a href=\"http:\/\/lattes.cnpq.br\/2423378571102463\" target=\"_blank\" rel=\"noopener\">Carlos Henrique de Brito Cruz<\/a>, Diretor Cient\u00edfico da FAPESP<\/p>\n<p><span style=\"color: #333399;\"><strong>11:10 \u2013 12:00 <strong>\u2013&nbsp;<\/strong>Painel sobre o desempenho dos peri\u00f3dicos brasileiros<\/strong><\/span><\/p>\n<p style=\"padding-left: 30px;\"><strong>&#8211; O desempenho dos peri\u00f3dicos brasileiros no JCR e SciELO (<a href=\"http:\/\/eventos.scielo.org\/jcr2011\/files\/2012\/10\/AbelLPackerLM-JCR2011.ppsx\" target=\"_blank\" rel=\"noopener\">&gt;&gt; Download<\/a>)<\/strong><br \/>\n&#8212; <a href=\"http:\/\/lattes.cnpq.br\/6603329734556632\" target=\"_blank\" rel=\"noopener\">Abel L. Packer<\/a>, Coordenador do Programa SciELO \/ FAPESP<\/p>\n<p style=\"padding-left: 30px;\"><strong>&#8211; A perspectiva de uma sociedade cient\u00edfica (<a href=\"http:\/\/eventos.scielo.org\/jcr2011\/files\/2012\/10\/Luis-Henrique-C-atalani-apresenta\u00e7\u00e3o-fapesp-092012.ppsx\" target=\"_blank\" rel=\"noopener\">&gt;&gt; Download<\/a>)<\/strong><br \/>\n&#8212; <a href=\"http:\/\/buscatextual.cnpq.br\/buscatextual\/visualizacv.do?id=K4783191H1\" target=\"_blank\" rel=\"noopener\">Luiz Henrique Catalani<\/a>, Representante da&nbsp;Sociedade Brasileira de Qu\u00edmica<\/p>\n<p style=\"padding-left: 30px;\"><strong>&#8211; A perspectiva dos que publicam internacionalmente (<a href=\"http:\/\/eventos.scielo.org\/jcr2011\/files\/2012\/10\/Rogerio-Meneghini-FAPESP-JCR-2011.ppsx\" target=\"_blank\" rel=\"noopener\">&gt;&gt; Download<\/a>)<\/strong><br \/>\n&#8212; <a href=\"http:\/\/lattes.cnpq.br\/4760273612238540\" target=\"_blank\" rel=\"noopener\">Rogerio Meneghini<\/a>, Coordenador Cient\u00edfico do SciELO<\/p>\n<p style=\"padding-left: 30px;\"><strong>&#8211; A perspectiva de um editor (<a href=\"http:\/\/eventos.scielo.org\/jcr2011\/files\/2012\/10\/Carlos-Augusto-Monteiro-Fapesp_seminario_periodicos-brasileiros_RSP_Monteiro.ppsx\" target=\"_blank\" rel=\"noopener\">&gt;&gt; Download<\/a>)<\/strong><br \/>\n&#8212; <a href=\"http:\/\/lattes.cnpq.br\/9217754427341680\" target=\"_blank\" rel=\"noopener\">Carlos Augusto Monteiro<\/a>, Editor da Revista de Sa\u00fade P\u00fablica<\/p>\n<p><span style=\"color: #333399;\">&nbsp;<strong>12:00&nbsp;<strong>\u2013&nbsp;<\/strong>12:45&nbsp;&nbsp;\u2013 Coment\u00e1rios e debate aberto<\/strong><\/span><\/p>\n<p style=\"padding-left: 30px;\">&#8212; <strong>Comentaristas<br \/>\n<\/strong>&#8212; <a href=\"http:\/\/lattes.cnpq.br\/0523061502973878\" target=\"_blank\" rel=\"noopener\">Adeilton Alves Brand\u00e3o<\/a>, Editor de Pol\u00edticas das Mem\u00f3rias do Instituto Oswaldo Cruz<br \/>\n&#8212; <a href=\"http:\/\/buscatextual.cnpq.br\/buscatextual\/visualizacv.do?id=K4784927T5\" target=\"_blank\" rel=\"noopener\">Teresa Cristina Rego<\/a>, Editora da Revista Educa\u00e7\u00e3o e Pesquisa<br \/>\n&#8212; <a href=\"http:\/\/lattes.cnpq.br\/0564778663100780\" target=\"_blank\" rel=\"noopener\">Lu\u00eds Reynaldo Ferracci\u00fa Alleoni<\/a>, Editor da&nbsp;<span style=\"color: #373737; font-family: Arial, Helvetica, Arial, sans-serif;\">Scientia Agricola (<a href=\"http:\/\/eventos.scielo.org\/jcr2011\/files\/2012\/10\/Luis-Reynaldo-F-Alleoni-Apresenta\u00e7\u00e3o-Alleoni-FAPESP-JCR-2011-270912.ppsx\" target=\"_blank\" rel=\"noopener\">&gt;&gt; Download<\/a>)<\/span><br \/>\n&#8212; <a href=\"http:\/\/lattes.cnpq.br\/9237540758582694\" target=\"_blank\" rel=\"noopener\">Mauricio Rocha-e-Silva<\/a>, Editor da Clinics<\/p>\n<p><span style=\"color: #333399;\"><strong>12:45 \u2013 Encerramento<\/strong><\/span><\/p>\n","protected":false},"excerpt":{"rendered":"<p>9:00 \u2013 9:30 \u2013 Abertura &#8212;&nbsp;Celso Lafer, Presidente da FAPESP &#8212;&nbsp;Jos\u00e9 Arana Varela, Diretor-Presidente do CTA &nbsp;da FAPESP 9:30 \u2013 10:30 \u2013 Confer\u00eancia sobre gest\u00e3o avan\u00e7ada de peri\u00f3dicos &#8211; Scientific journals: raising profiles, prospects, and impact factors (&gt;&gt; Download) &#8212; &hellip; <a href=\"https:\/\/eventos.scielo.org\/jcr2011\/programacao\/\">Continue reading <span class=\"meta-nav\">&rarr;<\/span><\/a><\/p>\n","protected":false},"author":3,"featured_media":0,"parent":0,"menu_order":0,"comment_status":"closed","ping_status":"open","template":"","meta":{"footnotes":""},"class_list":["post-10","page","type-page","status-publish","hentry"],"aioseo_notices":[],"_links":{"self":[{"href":"https:\/\/eventos.scielo.org\/jcr2011\/wp-json\/wp\/v2\/pages\/10","targetHints":{"allow":["GET"]}}],"collection":[{"href":"https:\/\/eventos.scielo.org\/jcr2011\/wp-json\/wp\/v2\/pages"}],"about":[{"href":"https:\/\/eventos.scielo.org\/jcr2011\/wp-json\/wp\/v2\/types\/page"}],"author":[{"embeddable":true,"href":"https:\/\/eventos.scielo.org\/jcr2011\/wp-json\/wp\/v2\/users\/3"}],"replies":[{"embeddable":true,"href":"https:\/\/eventos.scielo.org\/jcr2011\/wp-json\/wp\/v2\/comments?post=10"}],"version-history":[{"count":33,"href":"https:\/\/eventos.scielo.org\/jcr2011\/wp-json\/wp\/v2\/pages\/10\/revisions"}],"predecessor-version":[{"id":143,"href":"https:\/\/eventos.scielo.org\/jcr2011\/wp-json\/wp\/v2\/pages\/10\/revisions\/143"}],"wp:attachment":[{"href":"https:\/\/eventos.scielo.org\/jcr2011\/wp-json\/wp\/v2\/media?parent=10"}],"curies":[{"name":"wp","href":"https:\/\/api.w.org\/{rel}","templated":true}]}}