{"id":42,"date":"2012-09-13T17:49:08","date_gmt":"2012-09-13T17:49:08","guid":{"rendered":"http:\/\/eventos.scielo.org\/jcr2011\/?page_id=42"},"modified":"2012-09-13T18:30:53","modified_gmt":"2012-09-13T18:30:53","slug":"sue-silver","status":"publish","type":"page","link":"https:\/\/eventos.scielo.org\/jcr2011\/sue-silver\/","title":{"rendered":"Sue Silver"},"content":{"rendered":"<p><img loading=\"lazy\" decoding=\"async\" class=\"alignleft\" title=\"01-Sue_Silver\" src=\"http:\/\/eventos.scielo.org\/jcr2011\/files\/2012\/09\/01-Sue_Silver.jpg\" alt=\"\" width=\"140\" height=\"149\" \/>Sue Silver obteve seu PHD pela Universidade de Londres. Ap\u00f3s dois p\u00f3s-doutorados em fisiologia sensorial de invertebrados, ela mudou-se para a \u00e1rea de comunica\u00e7\u00e3o cient\u00edfica. Trabalhou com uma ampla gama de peri\u00f3dicos de diferentes organiza\u00e7\u00f5es, como Anaesthesia, The Journal of Arid Environments e The British Dental Journal, antes de ser nomeada Editora do Biologist, publicado pelo Institute of Biology do Reino Unido. Deixou o IOB para lan\u00e7ar e editar o The Lancet Oncology, o primeiro de uma s\u00e9rie de peri\u00f3dicos de revis\u00f5es em especialidades m\u00e9dicas publicadas pela conhecida editora The Lancet. Em 2002, Sue mudou-se para os Estados Unidos para lan\u00e7ar e editar o novo peri\u00f3dico Frontiers in Ecology and the Environment daSociedade de Ecologia da Am\u00e9rica. O Frontiers foi indexado no WoS em 2003 e seu Fator de Impacto no JCR vem crescendo anualmente passando de 3,32 em 2004 para 9,113 em 2011, ocupando a segunda posi\u00e7\u00e3o no ranking dos 205 peri\u00f3dicos indexados em Ci\u00eancias do Ambiente e quarto entre os 131 de Ecologia.<\/p>\n<p><a title=\"Programa\u00e7\u00e3o\" href=\"http:\/\/eventos.scielo.org\/jcr2011\/programacao\/\">&lt;&lt; Programa\u00e7\u00e3o<\/a><\/p>\n","protected":false},"excerpt":{"rendered":"<p>Sue Silver obteve seu PHD pela Universidade de Londres. Ap\u00f3s dois p\u00f3s-doutorados em fisiologia sensorial de invertebrados, ela mudou-se para a \u00e1rea de comunica\u00e7\u00e3o cient\u00edfica. Trabalhou com uma ampla gama de peri\u00f3dicos de diferentes organiza\u00e7\u00f5es, como Anaesthesia, The Journal of &hellip; <a href=\"https:\/\/eventos.scielo.org\/jcr2011\/sue-silver\/\">Continue reading <span class=\"meta-nav\">&rarr;<\/span><\/a><\/p>\n","protected":false},"author":3,"featured_media":0,"parent":0,"menu_order":0,"comment_status":"closed","ping_status":"closed","template":"","meta":{"footnotes":""},"class_list":["post-42","page","type-page","status-publish","hentry"],"aioseo_notices":[],"_links":{"self":[{"href":"https:\/\/eventos.scielo.org\/jcr2011\/wp-json\/wp\/v2\/pages\/42","targetHints":{"allow":["GET"]}}],"collection":[{"href":"https:\/\/eventos.scielo.org\/jcr2011\/wp-json\/wp\/v2\/pages"}],"about":[{"href":"https:\/\/eventos.scielo.org\/jcr2011\/wp-json\/wp\/v2\/types\/page"}],"author":[{"embeddable":true,"href":"https:\/\/eventos.scielo.org\/jcr2011\/wp-json\/wp\/v2\/users\/3"}],"replies":[{"embeddable":true,"href":"https:\/\/eventos.scielo.org\/jcr2011\/wp-json\/wp\/v2\/comments?post=42"}],"version-history":[{"count":6,"href":"https:\/\/eventos.scielo.org\/jcr2011\/wp-json\/wp\/v2\/pages\/42\/revisions"}],"predecessor-version":[{"id":47,"href":"https:\/\/eventos.scielo.org\/jcr2011\/wp-json\/wp\/v2\/pages\/42\/revisions\/47"}],"wp:attachment":[{"href":"https:\/\/eventos.scielo.org\/jcr2011\/wp-json\/wp\/v2\/media?parent=42"}],"curies":[{"name":"wp","href":"https:\/\/api.w.org\/{rel}","templated":true}]}}