{"id":8,"date":"2012-08-07T19:25:21","date_gmt":"2012-08-07T19:25:21","guid":{"rendered":"http:\/\/eventos.scielo.org\/jcr2011\/?page_id=8"},"modified":"2012-08-30T17:14:17","modified_gmt":"2012-08-30T17:14:17","slug":"apresentacao","status":"publish","type":"page","link":"https:\/\/eventos.scielo.org\/jcr2011\/","title":{"rendered":"Apresenta\u00e7\u00e3o"},"content":{"rendered":"<p>O III Semin\u00e1rio de Avalia\u00e7\u00e3o do Desempenho dos Peri\u00f3dicos Brasileiros no JCR 2011 retoma a an\u00e1lise e discuss\u00e3o sobre os avan\u00e7os alcan\u00e7ados e os desafios persistentes que caracterizam os esfor\u00e7os para o desenvolvimento da qualidade dos peri\u00f3dicos brasileiros e para o aumento do seu impacto internacional.<\/p>\n<p>O desempenho dos peri\u00f3dicos brasileiros na \u00faltima edi\u00e7\u00e3o do JCR, atualizada com os dados do ano 2011 e publicada em julho de 2012, mostra avan\u00e7os significativos mas revela tamb\u00e9m a persist\u00eancia de condi\u00e7\u00f5es e barreiras que dificultam o aumento do impacto.<\/p>\n<p>Entre os avan\u00e7os, destaca-se a presen\u00e7a de dois peri\u00f3dicos nacionais, as Mem\u00f3rias do Instituto Oswaldo Cruz e Clinics, com Fator de Impacto maior que 2. Houve tamb\u00e9m um aumento de 11 para 16 do n\u00famero de peri\u00f3dicos com Fator de Impacto maior que 1. Entretanto, o conjunto dos 111 t\u00edtulos indexados no JCR apresenta desempenho relativamente baixo, pois a grande maioria permanece com Fator de Impacto abaixo da mediana em suas \u00e1reas tem\u00e1ticas.<\/p>\n<p>As an\u00e1lises e os debates do evento deste ano ser\u00e3o motivados pelas perspectivas de um editor internacional, uma sociedade cient\u00edfica e de editores nacionais.<\/p>\n<p>O semin\u00e1rio est\u00e1 orientado aos pesquisadores e profissionais de informa\u00e7\u00e3o e comunica\u00e7\u00e3o cient\u00edfica.<\/p>\n<p><strong>Inscri\u00e7\u00f5es<\/strong><strong><\/strong><\/p>\n<p>A participa\u00e7\u00e3o no Semin\u00e1rio \u00e9 livre de custo,\u00a0por\u00e9m as vagas s\u00e3o limitadas. <a title=\"Inscri\u00e7\u00f5es\" href=\"http:\/\/eventos.scielo.org\/jcr2011\/inscricoes\/\">Inscreva-se aqui<\/a>.<\/p>\n<p>Estes dados ser\u00e3o utilizados para gerar o certificado de participa\u00e7\u00e3o no evento.<\/p>\n<p><strong>Local<\/strong><em><\/em><strong><\/strong><\/p>\n<p><em>FAPESP\u00a0<\/em><em>&#8211;\u00a0<\/em><em>Funda\u00e7\u00e3o de Amparo \u00e0 Pesquisa do Estado de S\u00e3o Paulo<\/em><em><br \/>\nAudit\u00f3rio\u00a0<\/em><em>Governador Carlos Alberto de Carvalho Pinto<br \/>\nRua Pio XI, 1500<br \/>\nAlto da Lapa \u2013 S\u00e3o Paulo\/SP \u2013 Brasil<\/em><\/p>\n<p><iframe loading=\"lazy\" src=\"http:\/\/maps.google.com.br\/maps?q=Rua+Pio+XI,+1500+Alto+da+Lapa+%E2%80%93+S%C3%A3o+Paulo%2FSP&amp;oe=utf-8&amp;client=firefox-a&amp;ie=UTF8&amp;hq=&amp;hnear=R.+Pio+XI,+1500+-+Alto+de+Pinheiros,+S%C3%A3o+Paulo,+05468-140&amp;gl=br&amp;t=m&amp;z=14&amp;ll=-23.536503,-46.713842&amp;output=embed\" frameborder=\"0\" marginwidth=\"0\" marginheight=\"0\" scrolling=\"no\" width=\"425\" height=\"350\"><\/iframe><br \/>\n<small><a style=\"color: #0000ff; text-align: left;\" href=\"http:\/\/maps.google.com.br\/maps?q=Rua+Pio+XI,+1500+Alto+da+Lapa+%E2%80%93+S%C3%A3o+Paulo%2FSP&amp;oe=utf-8&amp;client=firefox-a&amp;ie=UTF8&amp;hq=&amp;hnear=R.+Pio+XI,+1500+-+Alto+de+Pinheiros,+S%C3%A3o+Paulo,+05468-140&amp;gl=br&amp;t=m&amp;z=14&amp;ll=-23.536503,-46.713842&amp;source=embed\">Exibir mapa ampliado<\/a><\/small><\/p>\n","protected":false},"excerpt":{"rendered":"<p>O III Semin\u00e1rio de Avalia\u00e7\u00e3o do Desempenho dos Peri\u00f3dicos Brasileiros no JCR 2011 retoma a an\u00e1lise e discuss\u00e3o sobre os avan\u00e7os alcan\u00e7ados e os desafios persistentes que caracterizam os esfor\u00e7os para o desenvolvimento da qualidade dos peri\u00f3dicos brasileiros e para &hellip; <a href=\"https:\/\/eventos.scielo.org\/jcr2011\/\">Continue reading <span class=\"meta-nav\">&rarr;<\/span><\/a><\/p>\n","protected":false},"author":3,"featured_media":0,"parent":0,"menu_order":0,"comment_status":"closed","ping_status":"closed","template":"","meta":{"footnotes":""},"class_list":["post-8","page","type-page","status-publish","hentry"],"aioseo_notices":[],"_links":{"self":[{"href":"https:\/\/eventos.scielo.org\/jcr2011\/wp-json\/wp\/v2\/pages\/8","targetHints":{"allow":["GET"]}}],"collection":[{"href":"https:\/\/eventos.scielo.org\/jcr2011\/wp-json\/wp\/v2\/pages"}],"about":[{"href":"https:\/\/eventos.scielo.org\/jcr2011\/wp-json\/wp\/v2\/types\/page"}],"author":[{"embeddable":true,"href":"https:\/\/eventos.scielo.org\/jcr2011\/wp-json\/wp\/v2\/users\/3"}],"replies":[{"embeddable":true,"href":"https:\/\/eventos.scielo.org\/jcr2011\/wp-json\/wp\/v2\/comments?post=8"}],"version-history":[{"count":6,"href":"https:\/\/eventos.scielo.org\/jcr2011\/wp-json\/wp\/v2\/pages\/8\/revisions"}],"predecessor-version":[{"id":28,"href":"https:\/\/eventos.scielo.org\/jcr2011\/wp-json\/wp\/v2\/pages\/8\/revisions\/28"}],"wp:attachment":[{"href":"https:\/\/eventos.scielo.org\/jcr2011\/wp-json\/wp\/v2\/media?parent=8"}],"curies":[{"name":"wp","href":"https:\/\/api.w.org\/{rel}","templated":true}]}}