{"id":12,"date":"2023-11-30T17:21:28","date_gmt":"2023-11-30T14:21:28","guid":{"rendered":"https:\/\/eventos.scielo.org\/lancamento-bhl\/?page_id=12"},"modified":"2023-11-30T17:21:28","modified_gmt":"2023-11-30T14:21:28","slug":"termos-de-referencia","status":"publish","type":"page","link":"https:\/\/eventos.scielo.org\/lancamento-bhl\/","title":{"rendered":"Termos de refer\u00eancia"},"content":{"rendered":"\n<p>Lan\u00e7amento Oficial da Rede BHL SciELO e socializa\u00e7\u00e3o dos fundamentos e objetivos dos projetos financiados pelo Minist\u00e9rio do Meio Ambiente e pela FAPESP para a gest\u00e3o e dissemina\u00e7\u00e3o de literatura cient\u00edfica e t\u00e9cnica em biodiversidade, como resultado da converg\u00eancia dos projetos. Na ocasi\u00e3o, tamb\u00e9m ser\u00e1 apresentada a primeira vers\u00e3o do Portal BHL SciELO, com acessos aos conte\u00fados das bases da BHL e SciELO. <\/p>\n","protected":false},"excerpt":{"rendered":"<p>Lan\u00e7amento Oficial da Rede BHL SciELO e socializa\u00e7\u00e3o dos fundamentos e objetivos dos projetos financiados pelo Minist\u00e9rio do Meio Ambiente e pela FAPESP para a gest\u00e3o e dissemina\u00e7\u00e3o de literatura cient\u00edfica e t\u00e9cnica em biodiversidade, como resultado da converg\u00eancia dos projetos. Na ocasi\u00e3o, tamb\u00e9m ser\u00e1 apresentada a primeira vers\u00e3o do Portal BHL SciELO, com acessos &hellip; <\/p>\n<p class=\"link-more\"><a href=\"https:\/\/eventos.scielo.org\/lancamento-bhl\/\" class=\"more-link\">Continue lendo<span class=\"screen-reader-text\"> &#8220;Termos de refer\u00eancia&#8221;<\/span><\/a><\/p>\n","protected":false},"author":18,"featured_media":0,"parent":0,"menu_order":0,"comment_status":"closed","ping_status":"closed","template":"","meta":{"footnotes":""},"class_list":["post-12","page","type-page","status-publish","hentry"],"aioseo_notices":[],"_links":{"self":[{"href":"https:\/\/eventos.scielo.org\/lancamento-bhl\/wp-json\/wp\/v2\/pages\/12","targetHints":{"allow":["GET"]}}],"collection":[{"href":"https:\/\/eventos.scielo.org\/lancamento-bhl\/wp-json\/wp\/v2\/pages"}],"about":[{"href":"https:\/\/eventos.scielo.org\/lancamento-bhl\/wp-json\/wp\/v2\/types\/page"}],"author":[{"embeddable":true,"href":"https:\/\/eventos.scielo.org\/lancamento-bhl\/wp-json\/wp\/v2\/users\/18"}],"replies":[{"embeddable":true,"href":"https:\/\/eventos.scielo.org\/lancamento-bhl\/wp-json\/wp\/v2\/comments?post=12"}],"version-history":[{"count":1,"href":"https:\/\/eventos.scielo.org\/lancamento-bhl\/wp-json\/wp\/v2\/pages\/12\/revisions"}],"predecessor-version":[{"id":13,"href":"https:\/\/eventos.scielo.org\/lancamento-bhl\/wp-json\/wp\/v2\/pages\/12\/revisions\/13"}],"wp:attachment":[{"href":"https:\/\/eventos.scielo.org\/lancamento-bhl\/wp-json\/wp\/v2\/media?parent=12"}],"curies":[{"name":"wp","href":"https:\/\/api.w.org\/{rel}","templated":true}]}}