{"id":15,"date":"2023-11-30T17:22:03","date_gmt":"2023-11-30T14:22:03","guid":{"rendered":"https:\/\/eventos.scielo.org\/lancamento-bhl\/?page_id=15"},"modified":"2023-11-30T22:18:36","modified_gmt":"2023-11-30T19:18:36","slug":"agenda","status":"publish","type":"page","link":"https:\/\/eventos.scielo.org\/lancamento-bhl\/agenda\/","title":{"rendered":"Agenda"},"content":{"rendered":"\n<figure class=\"wp-block-table\"><table><tbody><tr><td><strong>Dia 1\/12<\/strong><strong><\/strong><\/td><td><strong>Objetivos<\/strong><strong><\/strong><\/td><td><strong>Respons\u00e1vel<\/strong><strong><\/strong><\/td><\/tr><tr><td>9h<br>9h20<\/td><td>Boas-vindas<\/td><td><em>Hussam Zaher<\/em><br>Diretor do Museu de Zoologia \u2013 USP<br>Projeto SciELO Biodiversidade, Coordenador Cient\u00edfico<\/td><\/tr><tr><td>9h20<br>9h30<\/td><td>A import\u00e2ncia da gest\u00e3o de informa\u00e7\u00e3o e interc\u00e2mbio de conhecimento em biodiversidade<\/td><td><em>Hussam Zaher<\/em><br>Projeto SciELO Biodiversidade, Coordenador Cient\u00edfico<\/td><\/tr><tr><td>9h30<br>9h40<\/td><td>Rede BHL SciELO \u2013 apresenta\u00e7\u00e3o da demo do Portal <strong>[<a href=\"https:\/\/doi.org\/10.48331\/scielo.ATKQLQ\" target=\"_blank\" rel=\"noopener\" title=\"\">DOWNLOAD<\/a>]<\/strong> <strong>[<a href=\"https:\/\/doi.org\/10.48331\/scielo.D0KWKY\" target=\"_blank\" rel=\"noopener\" title=\"\">DOWNLOAD<\/a>]<\/strong><\/td><td><em>Abel L. Packer<\/em><br>Projeto SciELO, Coordenador Operacional<\/td><\/tr><tr><td>9h40<br>9h50<\/td><td>Programa BIOTA\/FAPESP<\/td><td><em>Carlos Henrique de Brito Cruz<\/em><br>FAPESP, Diretor Cient\u00edfico<\/td><\/tr><tr><td>9h50<br>10h00<\/td><td>MMA<\/td><td><strong><em>Izabella Teixeira<\/em><\/strong><strong><br>Minist\u00e9rio do Meio Ambiente, Ministra<\/strong><strong><\/strong><\/td><\/tr><tr><td>10h00<br>10h10<\/td><td>Rede BHL<\/td><td><strong><em>Thomas Garnett<\/em><\/strong><strong><br><\/strong><strong>Biodiversity Heritage Library \u2013 USA<\/strong><\/td><\/tr><tr><td>10h10<br>10h20<\/td><td>Pol\u00edtica nacional de biodiversidade e a gest\u00e3o de informa\u00e7\u00e3o e interc\u00e2mbio de conhecimento<\/td><td><strong><em>Br\u00e1ulio Ferreira de Souza Dias<\/em><\/strong><strong><br>Minist\u00e9rio do Meio Ambiente, Secret\u00e1rio<\/strong><strong><\/strong><\/td><\/tr><tr><td>10h20<br>10h30<\/td><td>Conclus\u00f5es e recomenda\u00e7\u00f5es<\/td><td><em>Abel L. Packer<\/em><br>Projeto SciELO, Coordenador Operacional<\/td><\/tr><\/tbody><\/table><\/figure>\n","protected":false},"excerpt":{"rendered":"<p>Dia 1\/12 Objetivos Respons\u00e1vel 9h9h20 Boas-vindas Hussam ZaherDiretor do Museu de Zoologia \u2013 USPProjeto SciELO Biodiversidade, Coordenador Cient\u00edfico 9h209h30 A import\u00e2ncia da gest\u00e3o de informa\u00e7\u00e3o e interc\u00e2mbio de conhecimento em biodiversidade Hussam ZaherProjeto SciELO Biodiversidade, Coordenador Cient\u00edfico 9h309h40 Rede BHL SciELO \u2013 apresenta\u00e7\u00e3o da demo do Portal [DOWNLOAD] [DOWNLOAD] Abel L. PackerProjeto SciELO, Coordenador Operacional &hellip; <\/p>\n<p class=\"link-more\"><a href=\"https:\/\/eventos.scielo.org\/lancamento-bhl\/agenda\/\" class=\"more-link\">Continue lendo<span class=\"screen-reader-text\"> &#8220;Agenda&#8221;<\/span><\/a><\/p>\n","protected":false},"author":18,"featured_media":0,"parent":0,"menu_order":0,"comment_status":"closed","ping_status":"closed","template":"","meta":{"footnotes":""},"class_list":["post-15","page","type-page","status-publish","hentry"],"aioseo_notices":[],"_links":{"self":[{"href":"https:\/\/eventos.scielo.org\/lancamento-bhl\/wp-json\/wp\/v2\/pages\/15","targetHints":{"allow":["GET"]}}],"collection":[{"href":"https:\/\/eventos.scielo.org\/lancamento-bhl\/wp-json\/wp\/v2\/pages"}],"about":[{"href":"https:\/\/eventos.scielo.org\/lancamento-bhl\/wp-json\/wp\/v2\/types\/page"}],"author":[{"embeddable":true,"href":"https:\/\/eventos.scielo.org\/lancamento-bhl\/wp-json\/wp\/v2\/users\/18"}],"replies":[{"embeddable":true,"href":"https:\/\/eventos.scielo.org\/lancamento-bhl\/wp-json\/wp\/v2\/comments?post=15"}],"version-history":[{"count":2,"href":"https:\/\/eventos.scielo.org\/lancamento-bhl\/wp-json\/wp\/v2\/pages\/15\/revisions"}],"predecessor-version":[{"id":154,"href":"https:\/\/eventos.scielo.org\/lancamento-bhl\/wp-json\/wp\/v2\/pages\/15\/revisions\/154"}],"wp:attachment":[{"href":"https:\/\/eventos.scielo.org\/lancamento-bhl\/wp-json\/wp\/v2\/media?parent=15"}],"curies":[{"name":"wp","href":"https:\/\/api.w.org\/{rel}","templated":true}]}}