{"id":17,"date":"2023-11-30T17:28:11","date_gmt":"2023-11-30T14:28:11","guid":{"rendered":"https:\/\/eventos.scielo.org\/lancamento-bhl\/?page_id=17"},"modified":"2023-11-30T17:28:12","modified_gmt":"2023-11-30T14:28:12","slug":"participantes","status":"publish","type":"page","link":"https:\/\/eventos.scielo.org\/lancamento-bhl\/participantes\/","title":{"rendered":"Participantes"},"content":{"rendered":"\n<p>O Lan\u00e7amento Oficial da Rede BHL SciELO contar\u00e1 com a participa\u00e7\u00e3o de representantes das seguintes institui\u00e7\u00f5es:<\/p>\n\n\n\n<ul class=\"wp-block-list\">\n<li>Biblioteca Nacional<\/li>\n\n\n\n<li>Biodiversity Heritage Library<\/li>\n\n\n\n<li>BIREME\/PAHO\/WHO<\/li>\n\n\n\n<li>Centro de Refer\u00eancia em Informa\u00e7\u00e3o Ambiental<\/li>\n\n\n\n<li>FAPESP, Programa BIOTA<\/li>\n\n\n\n<li>FIOCRUZ<\/li>\n\n\n\n<li>Funda\u00e7\u00e3o Zoobot\u00e2nica<\/li>\n\n\n\n<li>Instituto de Bot\u00e2nica do Estado de S\u00e3o Paulo<\/li>\n\n\n\n<li>Jardim Bot\u00e2nico do Rio de Janeiro<\/li>\n\n\n\n<li>Minist\u00e9rio da Ci\u00eancia e Tecnologia<\/li>\n\n\n\n<li>Minist\u00e9rio do Meio Ambiente<\/li>\n\n\n\n<li>Museu Nacional<\/li>\n\n\n\n<li>Museu Paraense Em\u00edlio Goeldi<\/li>\n\n\n\n<li>Universidade de S\u00e3o Paulo, por meio do Museu de Zoologia, Instituto de Bioci\u00eancias e Sistema Integrado de Bibliotecas<\/li>\n\n\n\n<li>Universidade Federal do Paran\u00e1<\/li>\n<\/ul>\n","protected":false},"excerpt":{"rendered":"<p>O Lan\u00e7amento Oficial da Rede BHL SciELO contar\u00e1 com a participa\u00e7\u00e3o de representantes das seguintes institui\u00e7\u00f5es:<\/p>\n","protected":false},"author":18,"featured_media":0,"parent":0,"menu_order":0,"comment_status":"closed","ping_status":"closed","template":"","meta":{"footnotes":""},"class_list":["post-17","page","type-page","status-publish","hentry"],"aioseo_notices":[],"_links":{"self":[{"href":"https:\/\/eventos.scielo.org\/lancamento-bhl\/wp-json\/wp\/v2\/pages\/17","targetHints":{"allow":["GET"]}}],"collection":[{"href":"https:\/\/eventos.scielo.org\/lancamento-bhl\/wp-json\/wp\/v2\/pages"}],"about":[{"href":"https:\/\/eventos.scielo.org\/lancamento-bhl\/wp-json\/wp\/v2\/types\/page"}],"author":[{"embeddable":true,"href":"https:\/\/eventos.scielo.org\/lancamento-bhl\/wp-json\/wp\/v2\/users\/18"}],"replies":[{"embeddable":true,"href":"https:\/\/eventos.scielo.org\/lancamento-bhl\/wp-json\/wp\/v2\/comments?post=17"}],"version-history":[{"count":1,"href":"https:\/\/eventos.scielo.org\/lancamento-bhl\/wp-json\/wp\/v2\/pages\/17\/revisions"}],"predecessor-version":[{"id":18,"href":"https:\/\/eventos.scielo.org\/lancamento-bhl\/wp-json\/wp\/v2\/pages\/17\/revisions\/18"}],"wp:attachment":[{"href":"https:\/\/eventos.scielo.org\/lancamento-bhl\/wp-json\/wp\/v2\/media?parent=17"}],"curies":[{"name":"wp","href":"https:\/\/api.w.org\/{rel}","templated":true}]}}