{"id":12,"date":"2012-05-23T14:36:44","date_gmt":"2012-05-23T14:36:44","guid":{"rendered":"http:\/\/eventos.scielo.org\/marcacaopmc\/?page_id=12"},"modified":"2012-06-20T19:11:54","modified_gmt":"2012-06-20T19:11:54","slug":"programacao","status":"publish","type":"page","link":"https:\/\/eventos.scielo.org\/marcacaopmc\/programacao\/","title":{"rendered":"Programa\u00e7\u00e3o"},"content":{"rendered":"<p>&nbsp;<\/p>\n<p><strong>10:00-10:30 &#8211;\u00a0 Apresenta\u00e7\u00e3o e introdu\u00e7\u00e3o ao PMC <\/strong><strong><br \/>\n<\/strong><\/p>\n<ul>\n<li>Abel L. Packer &#8211; Coordenador Operacional do Projeto SciELO (&gt;&gt; <a href=\"http:\/\/eventos.scielo.org\/marcacaopmc\/files\/2012\/05\/Packer_Abel_SciELO-PMC-2012-06-18_11.pdf\">Download<\/a>)<strong><strong><br \/>\n<\/strong><br \/>\n<\/strong><\/li>\n<\/ul>\n<p><strong>10:30-11:15 &#8211; Experi\u00eancias de peri\u00f3dicos na ado\u00e7\u00e3o do PMC <\/strong><strong><br \/>\n<\/strong><\/p>\n<ul>\n<li><span style=\"color: #000000\">Mauricio Rocha-e-Silva &#8211; Editor da Revista Clinics<br \/>\n<\/span><\/li>\n<li><span style=\"color: #ff0000\"><span style=\"color: #000000\">Klaus Hartfelder &#8211; Editor da Revista Genetics and Molecular Biology <strong><\/strong>(&gt;&gt; <a href=\"http:\/\/eventos.scielo.org\/marcacaopmc\/files\/2012\/05\/Hartfelder_Klauss_GMB-PMC_SciELO-18-6-2012.pdf\">Download<\/a>)<strong><\/strong><\/span><br \/>\n<\/span><\/li>\n<\/ul>\n<p><strong>11:15-12:00 &#8211; Ado\u00e7\u00e3o do PMC pelo SciELO: processo, custos, colabora\u00e7\u00e3o SciELO e peri\u00f3dicos<\/strong><\/p>\n<ul>\n<li><span style=\"color: #000000\">Roberta Takenaka &#8211; Programa SciELO\/FAPESP,\u00a0Analista de Sistemas <strong><\/strong>(&gt;&gt; <a href=\"http:\/\/eventos.scielo.org\/marcacaopmc\/files\/2012\/05\/Takenaka_Roberta_SciELO_MarkupPMC.pdf\">Download<\/a>)<strong><\/strong><br \/>\n<\/span><\/li>\n<li><span style=\"color: #000000\">Solange Santos &#8211; Programa SciELO\/FAPESP,\u00a0Supervisora de Produ\u00e7\u00e3o e Publica\u00e7\u00e3o <strong><\/strong>(&gt;&gt; <a href=\"http:\/\/eventos.scielo.org\/marcacaopmc\/files\/2012\/05\/Santos_Sloange_Marcacao_PMC_20120618.pdf\">Download<\/a>)<strong><\/strong><br \/>\n<\/span><\/li>\n<\/ul>\n<p><strong>12:00-12:30 &#8211; Conclus\u00f5es e recomenda\u00e7\u00f5es<\/strong><\/p>\n<ul>\n<li><span style=\"color: #ff0000\"><span style=\"color: #000000\">Todos os participantes<\/span><br \/>\n<\/span><\/li>\n<\/ul>\n","protected":false},"excerpt":{"rendered":"<p>&nbsp; 10:00-10:30 &#8211;\u00a0 Apresenta\u00e7\u00e3o e introdu\u00e7\u00e3o ao PMC Abel L. Packer &#8211; Coordenador Operacional do Projeto SciELO (&gt;&gt; Download) 10:30-11:15 &#8211; Experi\u00eancias de peri\u00f3dicos na ado\u00e7\u00e3o do PMC Mauricio Rocha-e-Silva &#8211; Editor da Revista Clinics Klaus Hartfelder &#8211; Editor da &hellip; <a href=\"https:\/\/eventos.scielo.org\/marcacaopmc\/programacao\/\">Continue reading <span class=\"meta-nav\">&rarr;<\/span><\/a><\/p>\n","protected":false},"author":1,"featured_media":0,"parent":0,"menu_order":0,"comment_status":"closed","ping_status":"closed","template":"","meta":{"footnotes":""},"class_list":["post-12","page","type-page","status-publish","hentry"],"aioseo_notices":[],"_links":{"self":[{"href":"https:\/\/eventos.scielo.org\/marcacaopmc\/wp-json\/wp\/v2\/pages\/12","targetHints":{"allow":["GET"]}}],"collection":[{"href":"https:\/\/eventos.scielo.org\/marcacaopmc\/wp-json\/wp\/v2\/pages"}],"about":[{"href":"https:\/\/eventos.scielo.org\/marcacaopmc\/wp-json\/wp\/v2\/types\/page"}],"author":[{"embeddable":true,"href":"https:\/\/eventos.scielo.org\/marcacaopmc\/wp-json\/wp\/v2\/users\/1"}],"replies":[{"embeddable":true,"href":"https:\/\/eventos.scielo.org\/marcacaopmc\/wp-json\/wp\/v2\/comments?post=12"}],"version-history":[{"count":20,"href":"https:\/\/eventos.scielo.org\/marcacaopmc\/wp-json\/wp\/v2\/pages\/12\/revisions"}],"predecessor-version":[{"id":36,"href":"https:\/\/eventos.scielo.org\/marcacaopmc\/wp-json\/wp\/v2\/pages\/12\/revisions\/36"}],"wp:attachment":[{"href":"https:\/\/eventos.scielo.org\/marcacaopmc\/wp-json\/wp\/v2\/media?parent=12"}],"curies":[{"name":"wp","href":"https:\/\/api.w.org\/{rel}","templated":true}]}}