{"id":45,"date":"2012-05-24T15:51:07","date_gmt":"2012-05-24T15:51:07","guid":{"rendered":"http:\/\/eventos.scielo.org\/marcacaopmc\/?page_id=45"},"modified":"2012-06-18T18:28:19","modified_gmt":"2012-06-18T18:28:19","slug":"registro","status":"publish","type":"page","link":"https:\/\/eventos.scielo.org\/marcacaopmc\/registro\/","title":{"rendered":"Registro"},"content":{"rendered":"<p><strong>As inscri\u00e7\u00f5es para esse evento est\u00e3o encerradas.<\/strong><\/p>\n","protected":false},"excerpt":{"rendered":"<p>As inscri\u00e7\u00f5es para esse evento est\u00e3o encerradas.<\/p>\n","protected":false},"author":1,"featured_media":0,"parent":0,"menu_order":0,"comment_status":"closed","ping_status":"closed","template":"","meta":{"footnotes":""},"class_list":["post-45","page","type-page","status-publish","hentry"],"aioseo_notices":[],"_links":{"self":[{"href":"https:\/\/eventos.scielo.org\/marcacaopmc\/wp-json\/wp\/v2\/pages\/45","targetHints":{"allow":["GET"]}}],"collection":[{"href":"https:\/\/eventos.scielo.org\/marcacaopmc\/wp-json\/wp\/v2\/pages"}],"about":[{"href":"https:\/\/eventos.scielo.org\/marcacaopmc\/wp-json\/wp\/v2\/types\/page"}],"author":[{"embeddable":true,"href":"https:\/\/eventos.scielo.org\/marcacaopmc\/wp-json\/wp\/v2\/users\/1"}],"replies":[{"embeddable":true,"href":"https:\/\/eventos.scielo.org\/marcacaopmc\/wp-json\/wp\/v2\/comments?post=45"}],"version-history":[{"count":5,"href":"https:\/\/eventos.scielo.org\/marcacaopmc\/wp-json\/wp\/v2\/pages\/45\/revisions"}],"predecessor-version":[{"id":48,"href":"https:\/\/eventos.scielo.org\/marcacaopmc\/wp-json\/wp\/v2\/pages\/45\/revisions\/48"}],"wp:attachment":[{"href":"https:\/\/eventos.scielo.org\/marcacaopmc\/wp-json\/wp\/v2\/media?parent=45"}],"curies":[{"name":"wp","href":"https:\/\/api.w.org\/{rel}","templated":true}]}}