{"id":8,"date":"2012-05-23T14:36:26","date_gmt":"2012-05-23T14:36:26","guid":{"rendered":"http:\/\/eventos.scielo.org\/marcacaopmc\/?page_id=8"},"modified":"2012-06-15T12:17:55","modified_gmt":"2012-06-15T12:17:55","slug":"apresentacao","status":"publish","type":"page","link":"https:\/\/eventos.scielo.org\/marcacaopmc\/","title":{"rendered":"Apresenta\u00e7\u00e3o"},"content":{"rendered":"<p>&nbsp;<\/p>\n<p>A reuni\u00e3o tem por objetivo analisar o sistema de marca\u00e7\u00e3o de textos do PubMed Central que ser\u00e1 adotado pelo SciELO em colabora\u00e7\u00e3o com os peri\u00f3dicos, inicialmente para a \u00e1rea de ci\u00eancias da sa\u00fade. Al\u00e9m de abrir perspectivas de inclus\u00e3o dos peri\u00f3dicos no PMC, a metodologia enriquece os textos com marca\u00e7\u00e3o detalhada que facilitar\u00e1 diferentes tipos de\u00a0 formata\u00e7\u00e3o (XML, HTML, PDF, EPUB) e apresenta\u00e7\u00e3o em diferentes dispositivos.<\/p>\n<p>A reuni\u00e3o abordar\u00e1 tamb\u00e9m a coopera\u00e7\u00e3o entre o SciELO e os peri\u00f3dicos na ado\u00e7\u00e3o do PMC.<\/p>\n<p>&nbsp;<\/p>\n<h4><strong>Hor\u00e1rio<\/strong><\/h4>\n<p>Das 10h00 ao 12h30<\/p>\n<p>&nbsp;<\/p>\n<h4><strong>Local:<br \/>\n<\/strong><\/h4>\n<p>Audit\u00f3rio Paula Souza da Faculdade de Sa\u00fade P\u00fablica &#8211; USP<br \/>\nAv. Dr. Arnaldo, 715 &#8211; Consola\u00e7\u00e3o &#8211; S\u00e3o Paulo &#8211; SP<\/p>\n<p><a href=\"http:\/\/maps.google.com.br\/maps?q=Av.+Dr.+Arnaldo,+715+-+Consola%C3%A7%C3%A3o&amp;hl=pt-BR&amp;ie=UTF8&amp;ll=-23.55313,-46.673344&amp;spn=0.006796,0.011362&amp;sll=-14.239424,-53.186502&amp;sspn=56.572795,93.076172&amp;hnear=Av.+Dr.+Arnaldo,+715+-+Consola%C3%A7%C3%A3o,+S%C3%A3o+Paulo,+01255-000&amp;t=m&amp;z=17\"><img loading=\"lazy\" decoding=\"async\" class=\"alignleft size-full wp-image-95\" src=\"http:\/\/eventos.scielo.org\/marcacaopmc\/files\/2012\/05\/local_alfa.jpg\" alt=\"\" width=\"394\" height=\"289\" \/><\/a><\/p>\n<p>&nbsp;<\/p>\n<p>&nbsp;<\/p>\n","protected":false},"excerpt":{"rendered":"<p>&nbsp; A reuni\u00e3o tem por objetivo analisar o sistema de marca\u00e7\u00e3o de textos do PubMed Central que ser\u00e1 adotado pelo SciELO em colabora\u00e7\u00e3o com os peri\u00f3dicos, inicialmente para a \u00e1rea de ci\u00eancias da sa\u00fade. Al\u00e9m de abrir perspectivas de inclus\u00e3o &hellip; <a href=\"https:\/\/eventos.scielo.org\/marcacaopmc\/\">Continue reading <span class=\"meta-nav\">&rarr;<\/span><\/a><\/p>\n","protected":false},"author":1,"featured_media":0,"parent":0,"menu_order":0,"comment_status":"closed","ping_status":"closed","template":"","meta":{"footnotes":""},"class_list":["post-8","page","type-page","status-publish","hentry"],"aioseo_notices":[],"_links":{"self":[{"href":"https:\/\/eventos.scielo.org\/marcacaopmc\/wp-json\/wp\/v2\/pages\/8","targetHints":{"allow":["GET"]}}],"collection":[{"href":"https:\/\/eventos.scielo.org\/marcacaopmc\/wp-json\/wp\/v2\/pages"}],"about":[{"href":"https:\/\/eventos.scielo.org\/marcacaopmc\/wp-json\/wp\/v2\/types\/page"}],"author":[{"embeddable":true,"href":"https:\/\/eventos.scielo.org\/marcacaopmc\/wp-json\/wp\/v2\/users\/1"}],"replies":[{"embeddable":true,"href":"https:\/\/eventos.scielo.org\/marcacaopmc\/wp-json\/wp\/v2\/comments?post=8"}],"version-history":[{"count":51,"href":"https:\/\/eventos.scielo.org\/marcacaopmc\/wp-json\/wp\/v2\/pages\/8\/revisions"}],"predecessor-version":[{"id":19,"href":"https:\/\/eventos.scielo.org\/marcacaopmc\/wp-json\/wp\/v2\/pages\/8\/revisions\/19"}],"wp:attachment":[{"href":"https:\/\/eventos.scielo.org\/marcacaopmc\/wp-json\/wp\/v2\/media?parent=8"}],"curies":[{"name":"wp","href":"https:\/\/api.w.org\/{rel}","templated":true}]}}