{"id":13,"date":"2017-09-18T18:16:24","date_gmt":"2017-09-18T18:16:24","guid":{"rendered":"http:\/\/eventos.scielo.org\/reuniao-prestadoras-sps\/?page_id=13"},"modified":"2017-09-22T14:42:10","modified_gmt":"2017-09-22T14:42:10","slug":"apresentacao","status":"publish","type":"page","link":"https:\/\/eventos.scielo.org\/reuniao-prestadoras-sps\/","title":{"rendered":"Apresenta\u00e7\u00e3o"},"content":{"rendered":"<p>A reuni\u00e3o tem por objetivo discutir\u00a0o estado de avan\u00e7o do Programa SciELO e proje\u00e7\u00f5es futuras.<\/p>\n<p>Contar\u00e1 com a participa\u00e7\u00e3o de\u00a0prestadores de servi\u00e7os, empresas ou indiv\u00edduos, com\u00a0atestado de capacidade t\u00e9cnica para marca\u00e7\u00e3o de textos completos de acordo com Metodologia SciELO Publishing Schema (SciELO PS).<\/p>\n<h2>Hor\u00e1rio<\/h2>\n<p>14h30 \u00e0s 16h00<\/p>\n<h2>Local<\/h2>\n<div>Sala Samuel Murgel Branco, 1o. andar da Faculdade de Sa\u00fade P\u00fablica &#8211; USP<br \/>\nAv. Dr. Arnaldo, 715. Cerqueira Cesar (pr\u00f3x. Metr\u00f4 Cl\u00ednicas)<br \/>\nS\u00e3o Paulo \u2013 SP<\/div>\n<p><iframe loading=\"lazy\" style=\"border: 0;\" src=\"https:\/\/www.google.com\/maps\/embed?pb=!1m18!1m12!1m3!1d3657.39395569531!2d-46.67478593444938!3d-23.554290467217555!2m3!1f0!2f0!3f0!3m2!1i1024!2i768!4f13.1!3m3!1m2!1s0x94ce578624b7977d%3A0x160f1eff46c38182!2sAv.+Dr.+Arnaldo%2C+715%2C+S%C3%A3o+Paulo+-+SP!5e0!3m2!1sen!2sbr!4v1506091304181\" width=\"600\" height=\"450\" frameborder=\"0\" allowfullscreen=\"allowfullscreen\"><\/iframe><\/p>\n","protected":false},"excerpt":{"rendered":"<p>A reuni\u00e3o tem por objetivo discutir\u00a0o estado de avan\u00e7o do Programa SciELO e proje\u00e7\u00f5es futuras. Contar\u00e1 com a participa\u00e7\u00e3o de\u00a0prestadores de servi\u00e7os, empresas ou indiv\u00edduos, com\u00a0atestado de capacidade t\u00e9cnica para marca\u00e7\u00e3o de textos completos de acordo com Metodologia SciELO Publishing Schema (SciELO PS). Hor\u00e1rio 14h30 \u00e0s 16h00 Local Sala Samuel Murgel Branco, 1o. andar da &hellip; <\/p>\n<p class=\"link-more\"><a href=\"https:\/\/eventos.scielo.org\/reuniao-prestadoras-sps\/\" class=\"more-link\">Continue reading<span class=\"screen-reader-text\"> &#8220;Apresenta\u00e7\u00e3o&#8221;<\/span><\/a><\/p>\n","protected":false},"author":3,"featured_media":0,"parent":0,"menu_order":0,"comment_status":"closed","ping_status":"closed","template":"","meta":{"footnotes":""},"class_list":["post-13","page","type-page","status-publish","hentry"],"aioseo_notices":[],"_links":{"self":[{"href":"https:\/\/eventos.scielo.org\/reuniao-prestadoras-sps\/wp-json\/wp\/v2\/pages\/13","targetHints":{"allow":["GET"]}}],"collection":[{"href":"https:\/\/eventos.scielo.org\/reuniao-prestadoras-sps\/wp-json\/wp\/v2\/pages"}],"about":[{"href":"https:\/\/eventos.scielo.org\/reuniao-prestadoras-sps\/wp-json\/wp\/v2\/types\/page"}],"author":[{"embeddable":true,"href":"https:\/\/eventos.scielo.org\/reuniao-prestadoras-sps\/wp-json\/wp\/v2\/users\/3"}],"replies":[{"embeddable":true,"href":"https:\/\/eventos.scielo.org\/reuniao-prestadoras-sps\/wp-json\/wp\/v2\/comments?post=13"}],"version-history":[{"count":3,"href":"https:\/\/eventos.scielo.org\/reuniao-prestadoras-sps\/wp-json\/wp\/v2\/pages\/13\/revisions"}],"predecessor-version":[{"id":26,"href":"https:\/\/eventos.scielo.org\/reuniao-prestadoras-sps\/wp-json\/wp\/v2\/pages\/13\/revisions\/26"}],"wp:attachment":[{"href":"https:\/\/eventos.scielo.org\/reuniao-prestadoras-sps\/wp-json\/wp\/v2\/media?parent=13"}],"curies":[{"name":"wp","href":"https:\/\/api.w.org\/{rel}","templated":true}]}}