{"id":15,"date":"2017-09-18T18:21:08","date_gmt":"2017-09-18T18:21:08","guid":{"rendered":"http:\/\/eventos.scielo.org\/reuniao-prestadoras-sps\/?page_id=15"},"modified":"2017-10-31T11:48:47","modified_gmt":"2017-10-31T11:48:47","slug":"programacao","status":"publish","type":"page","link":"https:\/\/eventos.scielo.org\/reuniao-prestadoras-sps\/programacao\/","title":{"rendered":"Programa\u00e7\u00e3o"},"content":{"rendered":"<div style=\"border-bottom: 1px dashed #800000\"><span style=\"color: #800000\">14:30 &#8211; 14:40<\/span><\/div>\n<p style=\"padding-left: 30px;padding-top: 3%;font-size: 18px;color: #4d4f50\">Abertura<\/p>\n<div style=\"border-bottom: 1px dashed #800000\"><span style=\"color: #800000\">14:40 &#8211; 15:10<\/span><\/div>\n<p style=\"padding-left: 30px;padding-top: 3%;font-size: 18px;color: #4d4f50\">Estado de avan\u00e7o do SciELO e proje\u00e7\u00f5es futuras<a href=\"https:\/\/pt.slideshare.net\/secret\/Ivx9vISzJrd8f5\" target=\"_blank\"><img loading=\"lazy\" decoding=\"async\" src=\"http:\/\/eventos.scielo.org\/ivreuniaoscielo\/files\/2014\/12\/download.png\" alt=\"download\" width=\"15\" height=\"16\" \/><\/a><\/p>\n<p style=\"padding-left: 60px\">\u00bb\u00bb Abel L. Packer \u2013 Diretor do Programa SciELO\/FAPESP<\/p>\n<div style=\"border-bottom: 1px dashed #800000\"><span style=\"color: #800000\">15:10 &#8211; 16:00<\/span><\/div>\n<p style=\"padding-left: 30px;padding-top: 3%;font-size: 18px;color: #4d4f50\">Discuss\u00e3o, recomenda\u00e7\u00f5es e encerramento<\/p>\n","protected":false},"excerpt":{"rendered":"<p>14:30 &#8211; 14:40 Abertura 14:40 &#8211; 15:10 Estado de avan\u00e7o do SciELO e proje\u00e7\u00f5es futuras \u00bb\u00bb Abel L. Packer \u2013 Diretor do Programa SciELO\/FAPESP 15:10 &#8211; 16:00 Discuss\u00e3o, recomenda\u00e7\u00f5es e encerramento<\/p>\n","protected":false},"author":3,"featured_media":0,"parent":0,"menu_order":0,"comment_status":"closed","ping_status":"closed","template":"","meta":{"footnotes":""},"class_list":["post-15","page","type-page","status-publish","hentry"],"aioseo_notices":[],"_links":{"self":[{"href":"https:\/\/eventos.scielo.org\/reuniao-prestadoras-sps\/wp-json\/wp\/v2\/pages\/15","targetHints":{"allow":["GET"]}}],"collection":[{"href":"https:\/\/eventos.scielo.org\/reuniao-prestadoras-sps\/wp-json\/wp\/v2\/pages"}],"about":[{"href":"https:\/\/eventos.scielo.org\/reuniao-prestadoras-sps\/wp-json\/wp\/v2\/types\/page"}],"author":[{"embeddable":true,"href":"https:\/\/eventos.scielo.org\/reuniao-prestadoras-sps\/wp-json\/wp\/v2\/users\/3"}],"replies":[{"embeddable":true,"href":"https:\/\/eventos.scielo.org\/reuniao-prestadoras-sps\/wp-json\/wp\/v2\/comments?post=15"}],"version-history":[{"count":3,"href":"https:\/\/eventos.scielo.org\/reuniao-prestadoras-sps\/wp-json\/wp\/v2\/pages\/15\/revisions"}],"predecessor-version":[{"id":29,"href":"https:\/\/eventos.scielo.org\/reuniao-prestadoras-sps\/wp-json\/wp\/v2\/pages\/15\/revisions\/29"}],"wp:attachment":[{"href":"https:\/\/eventos.scielo.org\/reuniao-prestadoras-sps\/wp-json\/wp\/v2\/media?parent=15"}],"curies":[{"name":"wp","href":"https:\/\/api.w.org\/{rel}","templated":true}]}}