{"id":8,"date":"2014-05-07T13:07:23","date_gmt":"2014-05-07T13:07:23","guid":{"rendered":"http:\/\/eventos.scielo.org\/reuniao-rev-enf\/?page_id=8"},"modified":"2014-05-20T11:54:01","modified_gmt":"2014-05-20T11:54:01","slug":"programacao","status":"publish","type":"page","link":"https:\/\/eventos.scielo.org\/reuniao-rev-enf\/programacao\/","title":{"rendered":"Programa\u00e7\u00e3o"},"content":{"rendered":"<p><strong>09:00-09:30<\/strong> &#8211; Abertura<\/p>\n<p><strong>09:30-10:30<\/strong> &#8211; <a href=\"http:\/\/eventos.scielo.org\/reuniao-rev-enf\/files\/2014\/05\/Periodicos-Enfermagem-RevEnf-SciELO-20140516.pdf\" target=\"_blank\">Proposta de linhas priorit\u00e1rias de a\u00e7\u00e3o e inova\u00e7\u00f5es<\/a><br \/>\n\u00bb\u00bb\u00a0Abel L. Packer \u2013 Diretor do Programa SciELO\/FAPESP<\/p>\n<p><strong>10:30-13:00<\/strong> &#8211; Discuss\u00e3o, recomenda\u00e7\u00f5es e encerramento<\/p>\n","protected":false},"excerpt":{"rendered":"<p>09:00-09:30 &#8211; Abertura 09:30-10:30 &#8211; Proposta de linhas priorit\u00e1rias de a\u00e7\u00e3o e inova\u00e7\u00f5es \u00bb\u00bb\u00a0Abel L. Packer \u2013 Diretor do Programa SciELO\/FAPESP 10:30-13:00 &#8211; Discuss\u00e3o, recomenda\u00e7\u00f5es e encerramento<\/p>\n","protected":false},"author":3,"featured_media":0,"parent":0,"menu_order":0,"comment_status":"closed","ping_status":"closed","template":"","meta":{"footnotes":""},"class_list":["post-8","page","type-page","status-publish","hentry"],"aioseo_notices":[],"_links":{"self":[{"href":"https:\/\/eventos.scielo.org\/reuniao-rev-enf\/wp-json\/wp\/v2\/pages\/8","targetHints":{"allow":["GET"]}}],"collection":[{"href":"https:\/\/eventos.scielo.org\/reuniao-rev-enf\/wp-json\/wp\/v2\/pages"}],"about":[{"href":"https:\/\/eventos.scielo.org\/reuniao-rev-enf\/wp-json\/wp\/v2\/types\/page"}],"author":[{"embeddable":true,"href":"https:\/\/eventos.scielo.org\/reuniao-rev-enf\/wp-json\/wp\/v2\/users\/3"}],"replies":[{"embeddable":true,"href":"https:\/\/eventos.scielo.org\/reuniao-rev-enf\/wp-json\/wp\/v2\/comments?post=8"}],"version-history":[{"count":4,"href":"https:\/\/eventos.scielo.org\/reuniao-rev-enf\/wp-json\/wp\/v2\/pages\/8\/revisions"}],"predecessor-version":[{"id":20,"href":"https:\/\/eventos.scielo.org\/reuniao-rev-enf\/wp-json\/wp\/v2\/pages\/8\/revisions\/20"}],"wp:attachment":[{"href":"https:\/\/eventos.scielo.org\/reuniao-rev-enf\/wp-json\/wp\/v2\/media?parent=8"}],"curies":[{"name":"wp","href":"https:\/\/api.w.org\/{rel}","templated":true}]}}