{"id":10,"date":"2013-06-26T19:02:37","date_gmt":"2013-06-26T19:02:37","guid":{"rendered":"http:\/\/eventos.scielo.org\/reuniao-saude-coletiva\/?page_id=10"},"modified":"2013-07-18T13:58:08","modified_gmt":"2013-07-18T13:58:08","slug":"programacao","status":"publish","type":"page","link":"https:\/\/eventos.scielo.org\/reuniao-saude-coletiva\/programacao\/","title":{"rendered":"Programa\u00e7\u00e3o"},"content":{"rendered":"<p><strong>10:00 \u2013 Abertura e apresenta\u00e7\u00e3o dos objetivos do encontro<br \/>\n<\/strong>Luis Eugenio Portela Fernandes de Souza<br \/>\n<em>ABRASCO, Presidente<\/em><\/p>\n<p>Abel L. Packer<br \/>\n<em>Coordenador do Programa SciELO \/ FAPESP<\/em><\/p>\n<p><em>\u00a0<\/em><\/p>\n<p><strong>10:20\u00a0\u2013 Apresenta\u00e7\u00e3o<br \/>\n<\/strong>Luis Eugenio Portela Fernandes de Souza<br \/>\n<em>ABRASCO, Presidente<\/em><\/p>\n<p><strong>\u00a0<\/strong><\/p>\n<p><strong>11:00\u00a0&#8211; Apresenta\u00e7\u00e3o<br \/>\n<\/strong>Abel L. Packer<br \/>\n<em>Coordenador do Programa SciELO \/ FAPESP<\/em><\/p>\n<p>&nbsp;<\/p>\n<p><strong>11:40 &#8211; Debates<\/strong><\/p>\n<p>&nbsp;<\/p>\n<p><strong>12:40 &#8211; Conclus\u00e3o e recomenda\u00e7\u00f5es<\/strong><\/p>\n<p>&nbsp;<\/p>\n","protected":false},"excerpt":{"rendered":"<p>10:00 \u2013 Abertura e apresenta\u00e7\u00e3o dos objetivos do encontro Luis Eugenio Portela Fernandes de Souza ABRASCO, Presidente Abel L. Packer Coordenador do Programa SciELO \/ FAPESP \u00a0 10:20\u00a0\u2013 Apresenta\u00e7\u00e3o Luis Eugenio Portela Fernandes de Souza ABRASCO, Presidente \u00a0 11:00\u00a0&#8211; Apresenta\u00e7\u00e3o &hellip; <a href=\"https:\/\/eventos.scielo.org\/reuniao-saude-coletiva\/programacao\/\">Continue reading <span class=\"meta-nav\">&rarr;<\/span><\/a><\/p>\n","protected":false},"author":3,"featured_media":0,"parent":0,"menu_order":0,"comment_status":"open","ping_status":"open","template":"","meta":{"footnotes":""},"class_list":["post-10","page","type-page","status-publish","hentry"],"aioseo_notices":[],"_links":{"self":[{"href":"https:\/\/eventos.scielo.org\/reuniao-saude-coletiva\/wp-json\/wp\/v2\/pages\/10","targetHints":{"allow":["GET"]}}],"collection":[{"href":"https:\/\/eventos.scielo.org\/reuniao-saude-coletiva\/wp-json\/wp\/v2\/pages"}],"about":[{"href":"https:\/\/eventos.scielo.org\/reuniao-saude-coletiva\/wp-json\/wp\/v2\/types\/page"}],"author":[{"embeddable":true,"href":"https:\/\/eventos.scielo.org\/reuniao-saude-coletiva\/wp-json\/wp\/v2\/users\/3"}],"replies":[{"embeddable":true,"href":"https:\/\/eventos.scielo.org\/reuniao-saude-coletiva\/wp-json\/wp\/v2\/comments?post=10"}],"version-history":[{"count":8,"href":"https:\/\/eventos.scielo.org\/reuniao-saude-coletiva\/wp-json\/wp\/v2\/pages\/10\/revisions"}],"predecessor-version":[{"id":53,"href":"https:\/\/eventos.scielo.org\/reuniao-saude-coletiva\/wp-json\/wp\/v2\/pages\/10\/revisions\/53"}],"wp:attachment":[{"href":"https:\/\/eventos.scielo.org\/reuniao-saude-coletiva\/wp-json\/wp\/v2\/media?parent=10"}],"curies":[{"name":"wp","href":"https:\/\/api.w.org\/{rel}","templated":true}]}}