{"id":56,"date":"2013-07-18T14:05:26","date_gmt":"2013-07-18T14:05:26","guid":{"rendered":"http:\/\/eventos.scielo.org\/reuniao-saude-coletiva\/?page_id=56"},"modified":"2022-05-20T17:52:25","modified_gmt":"2022-05-20T17:52:25","slug":"lista-de-presenca","status":"publish","type":"page","link":"https:\/\/eventos.scielo.org\/reuniao-saude-coletiva\/lista-de-presenca\/","title":{"rendered":"Lista de participantes"},"content":{"rendered":"<p><strong>Veja abaixo, a lista dos inscritos para a reuni\u00e3o:<\/strong><\/p>\n<table width=\"631\" border=\"0\" cellspacing=\"0\" cellpadding=\"0\">\n<colgroup>\n<col width=\"264\">\n<col width=\"367\"> <\/colgroup>\n<tbody>\n<tr>\n<td width=\"264\" height=\"25\">\n<h3>Nome<\/h3>\n<\/td>\n<td width=\"367\">\n<h3>Peri\u00f3dico\/ Institui\u00e7\u00e3o<\/h3>\n<\/td>\n<\/tr>\n<tr>\n<td width=\"264\" height=\"26\">\n<h3>Abel L. Packer<\/h3>\n<\/td>\n<td>\n<h3>SciELO<\/h3>\n<\/td>\n<\/tr>\n<tr>\n<td width=\"264\" height=\"26\">\n<h3>Carlos Silva<\/h3>\n<\/td>\n<td>\n<h3>ABRASCO<\/h3>\n<\/td>\n<\/tr>\n<tr>\n<td width=\"264\" height=\"26\">\n<h3>Daniela G.Bucharles Mont&#8217;Alverne<\/h3>\n<\/td>\n<td>\n<h3>Revista Bras. em Promo\u00e7\u00e3o da Sa\u00fade<\/h3>\n<\/td>\n<\/tr>\n<tr>\n<td width=\"264\" height=\"26\">\n<h3>Eliane Santos Souza<\/h3>\n<\/td>\n<td>\n<h3>Revista Baiana de Sa\u00fade P\u00fablica<\/h3>\n<\/td>\n<\/tr>\n<tr>\n<td width=\"264\" height=\"26\">\n<h3>Eliane Maria Stuart Garcez<\/h3>\n<\/td>\n<td>\n<h3>Revista de Sa\u00fade P\u00fablica de Santa Catarina<\/h3>\n<\/td>\n<\/tr>\n<tr>\n<td width=\"264\" height=\"26\">\n<h3>Isabel Cristina Gon\u00e7alves Leite<\/h3>\n<\/td>\n<td>\n<h3>Revista de APS<\/h3>\n<\/td>\n<\/tr>\n<tr>\n<td width=\"264\" height=\"26\">\n<h3>Isabella Mateus<\/h3>\n<\/td>\n<td>\n<h3>Revista Pan-Amaz\u00f4nica de Sa\u00fade<\/h3>\n<\/td>\n<\/tr>\n<tr>\n<td width=\"264\" height=\"26\">\n<h3>Lucitania Aleluia<\/h3>\n<\/td>\n<td>\n<h3>Revista Baiana de Sa\u00fade P\u00fablica<\/h3>\n<\/td>\n<\/tr>\n<tr>\n<td width=\"264\" height=\"26\">\n<h3>Luis Eugenio Portela Fernandes de Souza<\/h3>\n<\/td>\n<td>\n<h3>ABRASCO<\/h3>\n<\/td>\n<\/tr>\n<tr>\n<td width=\"264\" height=\"26\">\n<h3>M\u00e1rcio Derbli<\/h3>\n<\/td>\n<td>\n<h3>BIS. Boletim do Instituto de Sa\u00fade<\/h3>\n<\/td>\n<\/tr>\n<tr>\n<td width=\"264\" height=\"26\">\n<h3>Maria Cristina Soares Guimar\u00e3es<\/h3>\n<\/td>\n<td>\n<h3>RECIIS<\/h3>\n<\/td>\n<\/tr>\n<tr>\n<td width=\"264\" height=\"26\">\n<h3>Maria Teresa Bustamante Teixeira<\/h3>\n<\/td>\n<td>\n<h3>Revista de APS<\/h3>\n<\/td>\n<\/tr>\n<tr>\n<td width=\"264\" height=\"26\">\n<h3>Thiago Barreto<\/h3>\n<\/td>\n<td>\n<h3>ABRASCO<\/h3>\n<\/td>\n<\/tr>\n<tr>\n<td height=\"26\">\n<h3>Vandira Maria dos Santos Pinheiro<\/h3>\n<\/td>\n<td>\n<h3>Jornal Brasileiro de Doen\u00e7as Sexualmente Transmiss\u00edveis<\/h3>\n<\/td>\n<\/tr>\n<\/tbody>\n<\/table>\n","protected":false},"excerpt":{"rendered":"<p>Veja abaixo, a lista dos inscritos para a reuni\u00e3o: Nome Peri\u00f3dico\/ Institui\u00e7\u00e3o Abel L. Packer SciELO Carlos Silva ABRASCO Daniela G.Bucharles Mont&#8217;Alverne Revista Bras. em Promo\u00e7\u00e3o da Sa\u00fade Eliane Santos Souza Revista Baiana de Sa\u00fade P\u00fablica Eliane Maria Stuart Garcez &hellip; <a href=\"https:\/\/eventos.scielo.org\/reuniao-saude-coletiva\/lista-de-presenca\/\">Continue reading <span class=\"meta-nav\">&rarr;<\/span><\/a><\/p>\n","protected":false},"author":3,"featured_media":0,"parent":0,"menu_order":0,"comment_status":"closed","ping_status":"open","template":"","meta":{"footnotes":""},"class_list":["post-56","page","type-page","status-publish","hentry"],"aioseo_notices":[],"_links":{"self":[{"href":"https:\/\/eventos.scielo.org\/reuniao-saude-coletiva\/wp-json\/wp\/v2\/pages\/56","targetHints":{"allow":["GET"]}}],"collection":[{"href":"https:\/\/eventos.scielo.org\/reuniao-saude-coletiva\/wp-json\/wp\/v2\/pages"}],"about":[{"href":"https:\/\/eventos.scielo.org\/reuniao-saude-coletiva\/wp-json\/wp\/v2\/types\/page"}],"author":[{"embeddable":true,"href":"https:\/\/eventos.scielo.org\/reuniao-saude-coletiva\/wp-json\/wp\/v2\/users\/3"}],"replies":[{"embeddable":true,"href":"https:\/\/eventos.scielo.org\/reuniao-saude-coletiva\/wp-json\/wp\/v2\/comments?post=56"}],"version-history":[{"count":9,"href":"https:\/\/eventos.scielo.org\/reuniao-saude-coletiva\/wp-json\/wp\/v2\/pages\/56\/revisions"}],"predecessor-version":[{"id":71,"href":"https:\/\/eventos.scielo.org\/reuniao-saude-coletiva\/wp-json\/wp\/v2\/pages\/56\/revisions\/71"}],"wp:attachment":[{"href":"https:\/\/eventos.scielo.org\/reuniao-saude-coletiva\/wp-json\/wp\/v2\/media?parent=56"}],"curies":[{"name":"wp","href":"https:\/\/api.w.org\/{rel}","templated":true}]}}