{"id":8,"date":"2013-06-26T19:02:30","date_gmt":"2013-06-26T19:02:30","guid":{"rendered":"http:\/\/eventos.scielo.org\/reuniao-saude-coletiva\/?page_id=8"},"modified":"2013-07-12T18:12:33","modified_gmt":"2013-07-12T18:12:33","slug":"apresentacao","status":"publish","type":"page","link":"https:\/\/eventos.scielo.org\/reuniao-saude-coletiva\/","title":{"rendered":"Apresenta\u00e7\u00e3o"},"content":{"rendered":"<p>Dando seguimento \u00e0s recomenda\u00e7\u00f5es da Oficina de Peri\u00f3dicos de Sa\u00fade Coletiva, realizada no \u00e2mbito do <strong>X Congresso Brasileiro de Sa\u00fade Coletiva<\/strong>, a ABRASCO e o SciELO elaboraram uma proposta de projeto de coopera\u00e7\u00e3o entre os peri\u00f3dicos, que visa fortalecer a profissionaliza\u00e7\u00e3o da gest\u00e3o e opera\u00e7\u00e3o dos peri\u00f3dicos de sa\u00fade coletiva, com apoio financeiro previsto do Minist\u00e9rio da Sa\u00fade.<\/p>\n<p>O projeto dotar\u00e1 os peri\u00f3dicos participantes de acesso a servi\u00e7os de editora\u00e7\u00e3o e publica\u00e7\u00e3o, de acordo com estado da arte internacional, propiciando economia de escala e minimizando os custos fixos destes servi\u00e7os. Nestas condi\u00e7\u00f5es, a gest\u00e3o editorial dos peri\u00f3dicos poder\u00e1 centrar-se no aprimoramento da qualidade dos conte\u00fados, na dissemina\u00e7\u00e3o na presen\u00e7a junto a sua comunidade de pesquisadores e leitores em geral.<\/p>\n<p>Os servi\u00e7os a serem oferecidos, inicialmente, por interm\u00e9dio do projeto abranger\u00e3o:<\/p>\n<ol>\n<ol>\n<li>Sistema online de processamento de manuscritos;<\/li>\n<li>Servi\u00e7o de detec\u00e7\u00e3o de similaridade de textos similares para apoiar a identifica\u00e7\u00e3o de pl\u00e1gio;<\/li>\n<li>Tradu\u00e7\u00e3o de textos do portugu\u00eas para o ingl\u00eas;<\/li>\n<li>Edi\u00e7\u00e3o e revis\u00e3o dos textos nos idiomas portugu\u00eas e ingl\u00eas;<\/li>\n<li>Prepara\u00e7\u00e3o dos textos em XML de acordo com a metodologia do PubMed Central da NLM e formata\u00e7\u00e3o para publica\u00e7\u00e3o em HTML, PDF e EPUB;<\/li>\n<li>Submiss\u00e3o e interoperabilidade com \u00edndices e sistemas bibliogr\u00e1ficos nacionais e internacionais. Os peri\u00f3dicos que publicam em ingl\u00eas ser\u00e3o submetidos \u00e0 indexa\u00e7\u00e3o e publica\u00e7\u00e3o no PubMed Central;<\/li>\n<li>Uso compartilhado de um sistema avan\u00e7ado de divulga\u00e7\u00e3o nacional e internacional da pesquisa brasileira em sa\u00fade coletiva com o apoio de um Blog (para a publica\u00e7\u00e3o de posts de not\u00edcias, press releases, destaques, coment\u00e1rios, entrevistas, etc), newsletter, Twitter e Facebook;<\/li>\n<li>Consultoria de especialistas nacionais e internacionais em editora\u00e7\u00e3o cient\u00edfica;<\/li>\n<li>Cursos de forma\u00e7\u00e3o e aperfei\u00e7oamento em gest\u00e3o de peri\u00f3dicos, avalia\u00e7\u00e3o de manuscritos, formata\u00e7\u00e3o de textos, marketing cient\u00edfico, uso das redes sociais, etc.<\/li>\n<\/ol>\n<\/ol>\n<p>O projeto ser\u00e1 estabelecido com base em tr\u00eas princ\u00edpios:<\/p>\n<ol>\n<ol>\n<li>Independ\u00eancia editorial dos peri\u00f3dicos;<\/li>\n<li>Publica\u00e7\u00e3o em acesso aberto; e<\/li>\n<li>Aperfei\u00e7oamento cont\u00ednuo da qualidade e ado\u00e7\u00e3o de inova\u00e7\u00f5es em todo o processo editorial.<\/li>\n<\/ol>\n<\/ol>\n<p>A gest\u00e3o e opera\u00e7\u00e3o do projeto e, especificamente, dos servi\u00e7os listados acima ser\u00e3o intermediados ou realizados pela unidade operacional do Programa SciELO da FAPESP que funciona sob a institucionalidade da Funda\u00e7\u00e3o de Apoio \u00e0 UNIFESP e com o apoio de um Comit\u00ea, coordenado pela ABRASCO e formado por membros da comunidade cient\u00edfica indicados pelos peri\u00f3dicos, pelo Minist\u00e9rio da Sa\u00fade e pelo SciELO.<\/p>\n<ul>\n<li>Para fazer sua inscri\u00e7\u00e3o, <a href=\"http:\/\/eventos.scielo.org\/reuniao-saude-coletiva\/registro\/\">clique aqui<\/a>.<\/li>\n<\/ul>\n<p><strong>Hor\u00e1rio<\/strong><\/p>\n<p><strong style=\"color: #333333; font-size: 15.454545021057129px; font-style: normal; line-height: 21.81818199157715px;\">10:00<\/strong><span style=\"color: #333333; font-size: 15.454545021057129px; font-style: normal; line-height: 21.81818199157715px;\">\u00a0\u00e0s\u00a0<\/span><strong style=\"color: #333333; font-size: 15.454545021057129px; font-style: normal; line-height: 21.81818199157715px;\">13:00<\/strong><\/p>\n<p><strong>Local<\/strong><\/p>\n<p>Centro Brasileiro de Pesquisas F\u00edsicas<br \/>\nPr\u00e9dio Ministro Jo\u00e3o Alberto Lins de Barros (t\u00e9rreo)<br \/>\nRua Lauro Muller, 455 \u2013 Botafogo \u2013 Rio de Janeiro \u2013 RJ &#8211; Brasil<br \/>\n<em>(a entrada tamb\u00e9m pode ser feita pela Rua Dr. Xavier Sigaud, 150 &#8211; Urca \u2013 Rio de Janeiro \u2013 RJ)<\/em><\/p>\n<p><iframe loading=\"lazy\" src=\"https:\/\/maps.google.com.br\/maps?f=q&amp;source=s_q&amp;hl=pt-BR&amp;geocode=&amp;q=Rua+Lauro+Muller,+455+%E2%80%93+Botafogo+%E2%80%93+Rio+de+Janeiro+%E2%80%93+RJ+&amp;aq=&amp;sll=-23.562974,-46.720039&amp;sspn=0.017289,0.033023&amp;ie=UTF8&amp;hq=&amp;hnear=R.+Lauro+M%C3%BCller+-+Botafogo,+Rio+de+Janeiro,+22290-160&amp;t=m&amp;z=14&amp;ll=-22.955541,-43.175441&amp;output=embed\" frameborder=\"0\" marginwidth=\"0\" marginheight=\"0\" scrolling=\"no\" width=\"425\" height=\"350\"><\/iframe><br \/>\n<small><a style=\"color: #0000ff; text-align: left;\" href=\"https:\/\/maps.google.com.br\/maps?f=q&amp;source=embed&amp;hl=pt-BR&amp;geocode=&amp;q=Rua+Lauro+Muller,+455+%E2%80%93+Botafogo+%E2%80%93+Rio+de+Janeiro+%E2%80%93+RJ+&amp;aq=&amp;sll=-23.562974,-46.720039&amp;sspn=0.017289,0.033023&amp;ie=UTF8&amp;hq=&amp;hnear=R.+Lauro+M%C3%BCller+-+Botafogo,+Rio+de+Janeiro,+22290-160&amp;t=m&amp;z=14&amp;ll=-22.955541,-43.175441\">Exibir mapa ampliado<\/a><\/small><\/p>\n<p>&nbsp;<\/p>\n<p>Veja abaixo, o mapa para chegar ao Centro Brasileiro de Pesquisas F\u00edsicas:<\/p>\n<p><a href=\"http:\/\/eventos.scielo.org\/reuniao-saude-coletiva\/files\/2013\/06\/Seminario-SciELO.jpg\"><img loading=\"lazy\" decoding=\"async\" class=\"alignnone size-full wp-image-42\" title=\"Seminario SciELO\" src=\"http:\/\/eventos.scielo.org\/reuniao-saude-coletiva\/files\/2013\/06\/Seminario-SciELO.jpg\" alt=\"\" width=\"520\" height=\"363\" \/><\/a><\/p>\n<p>&nbsp;<\/p>\n<p>Para informa\u00e7\u00f5es adicionais ou esclarecimentos, favor entrar em contato com Fabiana Montanari, por telefone &lt;(11) 5083-3639 \u2013 r.2&gt; ou e-mail &lt;<a href=\"mailto:fabiana.montanari@scielo.org\">fabiana.montanari@scielo.org<\/a>&gt;<\/p>\n<p>&nbsp;<\/p>\n","protected":false},"excerpt":{"rendered":"<p>Dando seguimento \u00e0s recomenda\u00e7\u00f5es da Oficina de Peri\u00f3dicos de Sa\u00fade Coletiva, realizada no \u00e2mbito do X Congresso Brasileiro de Sa\u00fade Coletiva, a ABRASCO e o SciELO elaboraram uma proposta de projeto de coopera\u00e7\u00e3o entre os peri\u00f3dicos, que visa fortalecer a &hellip; <a href=\"https:\/\/eventos.scielo.org\/reuniao-saude-coletiva\/\">Continue reading <span class=\"meta-nav\">&rarr;<\/span><\/a><\/p>\n","protected":false},"author":3,"featured_media":0,"parent":0,"menu_order":0,"comment_status":"open","ping_status":"open","template":"","meta":{"footnotes":""},"class_list":["post-8","page","type-page","status-publish","hentry"],"aioseo_notices":[],"_links":{"self":[{"href":"https:\/\/eventos.scielo.org\/reuniao-saude-coletiva\/wp-json\/wp\/v2\/pages\/8","targetHints":{"allow":["GET"]}}],"collection":[{"href":"https:\/\/eventos.scielo.org\/reuniao-saude-coletiva\/wp-json\/wp\/v2\/pages"}],"about":[{"href":"https:\/\/eventos.scielo.org\/reuniao-saude-coletiva\/wp-json\/wp\/v2\/types\/page"}],"author":[{"embeddable":true,"href":"https:\/\/eventos.scielo.org\/reuniao-saude-coletiva\/wp-json\/wp\/v2\/users\/3"}],"replies":[{"embeddable":true,"href":"https:\/\/eventos.scielo.org\/reuniao-saude-coletiva\/wp-json\/wp\/v2\/comments?post=8"}],"version-history":[{"count":20,"href":"https:\/\/eventos.scielo.org\/reuniao-saude-coletiva\/wp-json\/wp\/v2\/pages\/8\/revisions"}],"predecessor-version":[{"id":54,"href":"https:\/\/eventos.scielo.org\/reuniao-saude-coletiva\/wp-json\/wp\/v2\/pages\/8\/revisions\/54"}],"wp:attachment":[{"href":"https:\/\/eventos.scielo.org\/reuniao-saude-coletiva\/wp-json\/wp\/v2\/media?parent=8"}],"curies":[{"name":"wp","href":"https:\/\/api.w.org\/{rel}","templated":true}]}}