{"id":2,"date":"2021-10-28T16:37:17","date_gmt":"2021-10-28T16:37:17","guid":{"rendered":"http:\/\/eventos.scielo.org\/reuniaoscielo2021\/?page_id=2"},"modified":"2021-12-07T18:15:37","modified_gmt":"2021-12-07T18:15:37","slug":"sample-page","status":"publish","type":"page","link":"https:\/\/eventos.scielo.org\/reuniaoscielo2021\/","title":{"rendered":"Apresenta\u00e7\u00e3o"},"content":{"rendered":"<p>A Reuni\u00e3o Anual do SciELO de 2021 ser\u00e1 online, dirigida a editores e membros das equipes editoriais dos peri\u00f3dicos do SciELO Brasil, pesquisadores, bibliotec\u00e1rios, profissionais de informa\u00e7\u00e3o, autoridades na gest\u00e3o da ci\u00eancia e comunica\u00e7\u00e3o cient\u00edfica e demais interessados.<\/p>\n<p>O programa contar\u00e1 com relatos e an\u00e1lises de editores de peri\u00f3dicos SciELO das diferentes \u00e1reas sobre avan\u00e7os alcan\u00e7ados, desafios que persistem e dificuldades na ado\u00e7\u00e3o de pr\u00e1ticas de Ci\u00eancia Aberta.<\/p>\n<h2>V\u00eddeo<\/h2>\n<p><iframe loading=\"lazy\" title=\"YouTube video player\" src=\"https:\/\/www.youtube.com\/embed\/nTzCb_J0YEU\" width=\"560\" height=\"315\" frameborder=\"0\" allowfullscreen=\"allowfullscreen\"><\/iframe><\/p>\n","protected":false},"excerpt":{"rendered":"<p>A Reuni\u00e3o Anual do SciELO de 2021 ser\u00e1 online, dirigida a editores e membros das equipes editoriais dos peri\u00f3dicos do SciELO Brasil, pesquisadores, bibliotec\u00e1rios, profissionais de informa\u00e7\u00e3o, autoridades na gest\u00e3o da ci\u00eancia e comunica\u00e7\u00e3o cient\u00edfica e demais interessados. O programa contar\u00e1 com relatos e an\u00e1lises de editores de peri\u00f3dicos SciELO das diferentes \u00e1reas sobre avan\u00e7os &hellip; <\/p>\n<p class=\"link-more\"><a href=\"https:\/\/eventos.scielo.org\/reuniaoscielo2021\/\" class=\"more-link\">Continue lendo<span class=\"screen-reader-text\"> &#8220;Apresenta\u00e7\u00e3o&#8221;<\/span><\/a><\/p>\n","protected":false},"author":3,"featured_media":0,"parent":0,"menu_order":0,"comment_status":"closed","ping_status":"open","template":"","meta":{"footnotes":""},"class_list":["post-2","page","type-page","status-publish","hentry"],"aioseo_notices":[],"_links":{"self":[{"href":"https:\/\/eventos.scielo.org\/reuniaoscielo2021\/wp-json\/wp\/v2\/pages\/2","targetHints":{"allow":["GET"]}}],"collection":[{"href":"https:\/\/eventos.scielo.org\/reuniaoscielo2021\/wp-json\/wp\/v2\/pages"}],"about":[{"href":"https:\/\/eventos.scielo.org\/reuniaoscielo2021\/wp-json\/wp\/v2\/types\/page"}],"author":[{"embeddable":true,"href":"https:\/\/eventos.scielo.org\/reuniaoscielo2021\/wp-json\/wp\/v2\/users\/3"}],"replies":[{"embeddable":true,"href":"https:\/\/eventos.scielo.org\/reuniaoscielo2021\/wp-json\/wp\/v2\/comments?post=2"}],"version-history":[{"count":6,"href":"https:\/\/eventos.scielo.org\/reuniaoscielo2021\/wp-json\/wp\/v2\/pages\/2\/revisions"}],"predecessor-version":[{"id":50,"href":"https:\/\/eventos.scielo.org\/reuniaoscielo2021\/wp-json\/wp\/v2\/pages\/2\/revisions\/50"}],"wp:attachment":[{"href":"https:\/\/eventos.scielo.org\/reuniaoscielo2021\/wp-json\/wp\/v2\/media?parent=2"}],"curies":[{"name":"wp","href":"https:\/\/api.w.org\/{rel}","templated":true}]}}