{"id":20,"date":"2022-10-13T16:49:45","date_gmt":"2022-10-13T16:49:45","guid":{"rendered":"https:\/\/eventos.scielo.org\/reuniaoscielo2022\/?page_id=20"},"modified":"2022-12-16T11:23:57","modified_gmt":"2022-12-16T11:23:57","slug":"programa","status":"publish","type":"page","link":"https:\/\/eventos.scielo.org\/reuniaoscielo2022\/programa\/","title":{"rendered":"Programa"},"content":{"rendered":"\n<div class=\"wp-block-columns is-layout-flex wp-container-core-columns-is-layout-9d6595d7 wp-block-columns-is-layout-flex\">\n<div class=\"wp-block-column is-layout-flow wp-block-column-is-layout-flow\" style=\"flex-basis:100%\">\n<figure class=\"wp-block-gallery has-nested-images columns-8 is-cropped wp-block-gallery-1 is-layout-flex wp-block-gallery-is-layout-flex\">\n<figure class=\"wp-block-image size-large\"><img loading=\"lazy\" decoding=\"async\" width=\"206\" height=\"206\" data-id=\"44\" src=\"https:\/\/eventos.scielo.org\/reuniaoscielo2022\/files\/2022\/11\/abel.jpg\" alt=\"\" class=\"wp-image-44\" srcset=\"https:\/\/eventos.scielo.org\/reuniaoscielo2022\/files\/2022\/11\/abel.jpg 206w, https:\/\/eventos.scielo.org\/reuniaoscielo2022\/files\/2022\/11\/abel-150x150.jpg 150w, https:\/\/eventos.scielo.org\/reuniaoscielo2022\/files\/2022\/11\/abel-100x100.jpg 100w\" sizes=\"auto, (max-width: 206px) 100vw, 206px\" \/><figcaption class=\"wp-element-caption\">Abel Packer<\/figcaption><\/figure>\n\n\n\n<figure class=\"wp-block-image size-large\"><img loading=\"lazy\" decoding=\"async\" width=\"844\" height=\"894\" data-id=\"32\" src=\"https:\/\/eventos.scielo.org\/reuniaoscielo2022\/files\/2022\/11\/Alex-Mendonca-2.jpg\" alt=\"\" class=\"wp-image-32\" srcset=\"https:\/\/eventos.scielo.org\/reuniaoscielo2022\/files\/2022\/11\/Alex-Mendonca-2.jpg 844w, https:\/\/eventos.scielo.org\/reuniaoscielo2022\/files\/2022\/11\/Alex-Mendonca-2-283x300.jpg 283w, https:\/\/eventos.scielo.org\/reuniaoscielo2022\/files\/2022\/11\/Alex-Mendonca-2-768x813.jpg 768w\" sizes=\"auto, (max-width: 706px) 89vw, (max-width: 767px) 82vw, 740px\" \/><figcaption class=\"wp-element-caption\">Alex Mendon\u00e7a<\/figcaption><\/figure>\n\n\n\n<figure class=\"wp-block-image size-full\"><img loading=\"lazy\" decoding=\"async\" width=\"587\" height=\"491\" data-id=\"88\" src=\"https:\/\/eventos.scielo.org\/reuniaoscielo2022\/files\/2022\/11\/AmandaRamalho2.jpg\" alt=\"\" class=\"wp-image-88\" srcset=\"https:\/\/eventos.scielo.org\/reuniaoscielo2022\/files\/2022\/11\/AmandaRamalho2.jpg 587w, https:\/\/eventos.scielo.org\/reuniaoscielo2022\/files\/2022\/11\/AmandaRamalho2-300x251.jpg 300w\" sizes=\"auto, (max-width: 587px) 100vw, 587px\" \/><figcaption class=\"wp-element-caption\">Amanda Ramalho<\/figcaption><\/figure>\n\n\n\n<figure class=\"wp-block-image size-large\"><img loading=\"lazy\" decoding=\"async\" width=\"396\" height=\"264\" data-id=\"36\" src=\"https:\/\/eventos.scielo.org\/reuniaoscielo2022\/files\/2022\/11\/CEAmbroio.jpg\" alt=\"\" class=\"wp-image-36\" srcset=\"https:\/\/eventos.scielo.org\/reuniaoscielo2022\/files\/2022\/11\/CEAmbroio.jpg 396w, https:\/\/eventos.scielo.org\/reuniaoscielo2022\/files\/2022\/11\/CEAmbroio-300x200.jpg 300w\" sizes=\"auto, (max-width: 396px) 100vw, 396px\" \/><figcaption class=\"wp-element-caption\">Carlos Ambrosio<\/figcaption><\/figure>\n\n\n\n<figure class=\"wp-block-image size-large\"><img loading=\"lazy\" decoding=\"async\" width=\"935\" height=\"1024\" data-id=\"35\" src=\"https:\/\/eventos.scielo.org\/reuniaoscielo2022\/files\/2022\/11\/claudio-tinoco-935x1024.jpg\" alt=\"\" class=\"wp-image-35\" srcset=\"https:\/\/eventos.scielo.org\/reuniaoscielo2022\/files\/2022\/11\/claudio-tinoco-935x1024.jpg 935w, https:\/\/eventos.scielo.org\/reuniaoscielo2022\/files\/2022\/11\/claudio-tinoco-274x300.jpg 274w, https:\/\/eventos.scielo.org\/reuniaoscielo2022\/files\/2022\/11\/claudio-tinoco-768x841.jpg 768w, https:\/\/eventos.scielo.org\/reuniaoscielo2022\/files\/2022\/11\/claudio-tinoco-1402x1536.jpg 1402w, https:\/\/eventos.scielo.org\/reuniaoscielo2022\/files\/2022\/11\/claudio-tinoco-1870x2048.jpg 1870w\" sizes=\"auto, (max-width: 706px) 89vw, (max-width: 767px) 82vw, 740px\" \/><figcaption class=\"wp-element-caption\">Claudio Tinoco<\/figcaption><\/figure>\n\n\n\n<figure class=\"wp-block-image size-large\"><img loading=\"lazy\" decoding=\"async\" width=\"1224\" height=\"947\" data-id=\"67\" src=\"https:\/\/eventos.scielo.org\/reuniaoscielo2022\/files\/2022\/11\/cristina-wolff-edited-1.jpeg\" alt=\"\" class=\"wp-image-67\" srcset=\"https:\/\/eventos.scielo.org\/reuniaoscielo2022\/files\/2022\/11\/cristina-wolff-edited-1.jpeg 1224w, https:\/\/eventos.scielo.org\/reuniaoscielo2022\/files\/2022\/11\/cristina-wolff-edited-1-300x232.jpeg 300w, https:\/\/eventos.scielo.org\/reuniaoscielo2022\/files\/2022\/11\/cristina-wolff-edited-1-1024x792.jpeg 1024w, https:\/\/eventos.scielo.org\/reuniaoscielo2022\/files\/2022\/11\/cristina-wolff-edited-1-768x594.jpeg 768w\" sizes=\"auto, (max-width: 706px) 89vw, (max-width: 767px) 82vw, 740px\" \/><figcaption class=\"wp-element-caption\">Cristina Wolff<\/figcaption><\/figure>\n\n\n\n<figure class=\"wp-block-image size-large\"><img loading=\"lazy\" decoding=\"async\" width=\"154\" height=\"142\" data-id=\"68\" src=\"https:\/\/eventos.scielo.org\/reuniaoscielo2022\/files\/2022\/11\/denise-peres-edited-2.png\" alt=\"\" class=\"wp-image-68\"\/><figcaption class=\"wp-element-caption\">Denise Peres<\/figcaption><\/figure>\n\n\n\n<figure class=\"wp-block-image size-large\"><img loading=\"lazy\" decoding=\"async\" width=\"473\" height=\"768\" data-id=\"115\" src=\"https:\/\/eventos.scielo.org\/reuniaoscielo2022\/files\/2022\/12\/edna-montero.jpg\" alt=\"Edna Montero\" class=\"wp-image-115\" srcset=\"https:\/\/eventos.scielo.org\/reuniaoscielo2022\/files\/2022\/12\/edna-montero.jpg 473w, https:\/\/eventos.scielo.org\/reuniaoscielo2022\/files\/2022\/12\/edna-montero-185x300.jpg 185w\" sizes=\"auto, (max-width: 473px) 100vw, 473px\" \/><figcaption class=\"wp-element-caption\">Edna Montero<\/figcaption><\/figure>\n\n\n\n<figure class=\"wp-block-image size-large\"><img loading=\"lazy\" decoding=\"async\" width=\"150\" height=\"150\" data-id=\"98\" src=\"https:\/\/eventos.scielo.org\/reuniaoscielo2022\/files\/2022\/11\/leila-posenato-garcia.jpg\" alt=\"\" class=\"wp-image-98\" srcset=\"https:\/\/eventos.scielo.org\/reuniaoscielo2022\/files\/2022\/11\/leila-posenato-garcia.jpg 150w, https:\/\/eventos.scielo.org\/reuniaoscielo2022\/files\/2022\/11\/leila-posenato-garcia-100x100.jpg 100w\" sizes=\"auto, (max-width: 150px) 100vw, 150px\" \/><figcaption class=\"wp-element-caption\">Leila Garcia<\/figcaption><\/figure>\n\n\n\n<figure class=\"wp-block-image size-large\"><img loading=\"lazy\" decoding=\"async\" width=\"244\" height=\"249\" data-id=\"34\" src=\"https:\/\/eventos.scielo.org\/reuniaoscielo2022\/files\/2022\/11\/leonardo-cabral.png\" alt=\"\" class=\"wp-image-34\"\/><figcaption class=\"wp-element-caption\">Leonardo Cabral<\/figcaption><\/figure>\n\n\n\n<figure class=\"wp-block-image size-large\"><img loading=\"lazy\" decoding=\"async\" width=\"667\" height=\"668\" data-id=\"69\" src=\"https:\/\/eventos.scielo.org\/reuniaoscielo2022\/files\/2022\/11\/luis-gomes-edited-1.jpg\" alt=\"\" class=\"wp-image-69\" srcset=\"https:\/\/eventos.scielo.org\/reuniaoscielo2022\/files\/2022\/11\/luis-gomes-edited-1.jpg 667w, https:\/\/eventos.scielo.org\/reuniaoscielo2022\/files\/2022\/11\/luis-gomes-edited-1-300x300.jpg 300w, https:\/\/eventos.scielo.org\/reuniaoscielo2022\/files\/2022\/11\/luis-gomes-edited-1-150x150.jpg 150w, https:\/\/eventos.scielo.org\/reuniaoscielo2022\/files\/2022\/11\/luis-gomes-edited-1-100x100.jpg 100w\" sizes=\"auto, (max-width: 667px) 100vw, 667px\" \/><figcaption class=\"wp-element-caption\">Luis G Gomes<\/figcaption><\/figure>\n\n\n\n<figure class=\"wp-block-image size-large\"><img loading=\"lazy\" decoding=\"async\" width=\"817\" height=\"817\" data-id=\"76\" src=\"https:\/\/eventos.scielo.org\/reuniaoscielo2022\/files\/2022\/11\/roberta-takenaka-edited.jpg\" alt=\"\" class=\"wp-image-76\" srcset=\"https:\/\/eventos.scielo.org\/reuniaoscielo2022\/files\/2022\/11\/roberta-takenaka-edited.jpg 817w, https:\/\/eventos.scielo.org\/reuniaoscielo2022\/files\/2022\/11\/roberta-takenaka-edited-300x300.jpg 300w, https:\/\/eventos.scielo.org\/reuniaoscielo2022\/files\/2022\/11\/roberta-takenaka-edited-150x150.jpg 150w, https:\/\/eventos.scielo.org\/reuniaoscielo2022\/files\/2022\/11\/roberta-takenaka-edited-768x768.jpg 768w, https:\/\/eventos.scielo.org\/reuniaoscielo2022\/files\/2022\/11\/roberta-takenaka-edited-100x100.jpg 100w\" sizes=\"auto, (max-width: 706px) 89vw, (max-width: 767px) 82vw, 740px\" \/><figcaption class=\"wp-element-caption\">Roberta Takenaka<\/figcaption><\/figure>\n\n\n\n<figure class=\"wp-block-image size-large\"><img loading=\"lazy\" decoding=\"async\" width=\"766\" height=\"767\" data-id=\"65\" src=\"https:\/\/eventos.scielo.org\/reuniaoscielo2022\/files\/2022\/11\/Rondineli-Saad-edited.jpeg\" alt=\"\" class=\"wp-image-65\" srcset=\"https:\/\/eventos.scielo.org\/reuniaoscielo2022\/files\/2022\/11\/Rondineli-Saad-edited.jpeg 766w, https:\/\/eventos.scielo.org\/reuniaoscielo2022\/files\/2022\/11\/Rondineli-Saad-edited-300x300.jpeg 300w, https:\/\/eventos.scielo.org\/reuniaoscielo2022\/files\/2022\/11\/Rondineli-Saad-edited-150x150.jpeg 150w, https:\/\/eventos.scielo.org\/reuniaoscielo2022\/files\/2022\/11\/Rondineli-Saad-edited-100x100.jpeg 100w\" sizes=\"auto, (max-width: 706px) 89vw, (max-width: 767px) 82vw, 740px\" \/><figcaption class=\"wp-element-caption\">Rondineli Saad<\/figcaption><\/figure>\n\n\n\n<figure class=\"wp-block-image size-large\"><img loading=\"lazy\" decoding=\"async\" width=\"766\" height=\"767\" data-id=\"66\" src=\"https:\/\/eventos.scielo.org\/reuniaoscielo2022\/files\/2022\/11\/ruben-oliven-edited.jpg\" alt=\"\" class=\"wp-image-66\" srcset=\"https:\/\/eventos.scielo.org\/reuniaoscielo2022\/files\/2022\/11\/ruben-oliven-edited.jpg 766w, https:\/\/eventos.scielo.org\/reuniaoscielo2022\/files\/2022\/11\/ruben-oliven-edited-300x300.jpg 300w, https:\/\/eventos.scielo.org\/reuniaoscielo2022\/files\/2022\/11\/ruben-oliven-edited-150x150.jpg 150w, https:\/\/eventos.scielo.org\/reuniaoscielo2022\/files\/2022\/11\/ruben-oliven-edited-100x100.jpg 100w\" sizes=\"auto, (max-width: 706px) 89vw, (max-width: 767px) 82vw, 740px\" \/><figcaption class=\"wp-element-caption\">Ruben Oliven<\/figcaption><\/figure>\n\n\n\n<figure class=\"wp-block-image size-large\"><img loading=\"lazy\" decoding=\"async\" width=\"400\" height=\"400\" data-id=\"92\" src=\"https:\/\/eventos.scielo.org\/reuniaoscielo2022\/files\/2022\/11\/solange-santos.jpg\" alt=\"\" class=\"wp-image-92\" srcset=\"https:\/\/eventos.scielo.org\/reuniaoscielo2022\/files\/2022\/11\/solange-santos.jpg 400w, https:\/\/eventos.scielo.org\/reuniaoscielo2022\/files\/2022\/11\/solange-santos-300x300.jpg 300w, https:\/\/eventos.scielo.org\/reuniaoscielo2022\/files\/2022\/11\/solange-santos-150x150.jpg 150w, https:\/\/eventos.scielo.org\/reuniaoscielo2022\/files\/2022\/11\/solange-santos-100x100.jpg 100w\" sizes=\"auto, (max-width: 400px) 100vw, 400px\" \/><figcaption class=\"wp-element-caption\">Solange Santos<\/figcaption><\/figure>\n<\/figure>\n<\/div>\n<\/div>\n\n\n\n<p><strong>9:00 &#8211; 9:30 <strong>\u2013<\/strong><\/strong> <strong>Abertura<\/strong><\/p>\n\n\n\n<p>MLS Abel L Packer, Diretor do Programa SciELO, Coordenador de Projeto da FapUNIFESP&nbsp;[<a href=\"http:\/\/lattes.cnpq.br\/6603329734556632\" target=\"_blank\" rel=\"noreferrer noopener\">CV Lattes<\/a>] [<a href=\"https:\/\/orcid.org\/0000-0001-9610-5728\" target=\"_blank\" rel=\"noreferrer noopener\">ORCID<\/a>] [<a href=\"https:\/\/scholar.google.com.br\/citations?hl=en&amp;user=hC0X-HoAAAAJ\" target=\"_blank\" rel=\"noreferrer noopener\">Google Scholar<\/a>] [<a href=\"https:\/\/youtu.be\/QtftX1UFg9M\" target=\"_blank\" rel=\"noopener\" title=\"\">V\u00cdDEO<\/a>]<\/p>\n\n\n\n<p><strong>9:30 \u2013 10:30 \u2013 Modelo SciELO de Publica\u00e7\u00e3o<\/strong><\/p>\n\n\n\n<p>&#8211; Sobre o Modelo SciELO de Publica\u00e7\u00e3o, Abel L Packer [<a href=\"https:\/\/youtu.be\/QtftX1UFg9M\" target=\"_blank\" rel=\"noopener\" title=\"\">V\u00cdDEO<\/a>] <strong>[<a href=\"https:\/\/doi.org\/10.48331\/scielo.LS0RCV\" target=\"_blank\" rel=\"noopener\" title=\"\">DOWNLOAD<\/a>]<\/strong><br>&#8211; Market Place, Luis G Gomes [<a href=\"https:\/\/youtu.be\/QtftX1UFg9M?t=1071\" target=\"_blank\" rel=\"noopener\" title=\"\">V\u00cdDEO<\/a>]<strong> [<a href=\"https:\/\/doi.org\/10.48331\/scielo.KZW4LK\" target=\"_blank\" rel=\"noopener\" title=\"\">DOWNLOAD<\/a>]<\/strong><br>&#8211; Crit\u00e9rios SciELO Brasil, Denise Peres [<a href=\"https:\/\/youtu.be\/QtftX1UFg9M?t=1701\" target=\"_blank\" rel=\"noopener\" title=\"\">V\u00cdDEO<\/a>]<strong> [<a href=\"https:\/\/doi.org\/10.48331\/scielo.N8A4YK\" target=\"_blank\" rel=\"noopener\" title=\"\">DOWNLOAD<\/a>]<\/strong><br>&#8211; Preserva\u00e7\u00e3o Digital e Seguran\u00e7a da Informa\u00e7\u00e3o, Rondineli G Saad [<a href=\"https:\/\/youtu.be\/QtftX1UFg9M?t=2345\" target=\"_blank\" rel=\"noopener\" title=\"\">V\u00cdDEO<\/a>]<strong> [<a href=\"https:\/\/doi.org\/10.48331\/scielo.CUBLXD\" target=\"_blank\" rel=\"noopener\" title=\"\">DOWNLOAD<\/a>]<\/strong><br>&#8211; SciELO Livros, Amanda Ramalho [<a href=\"https:\/\/youtu.be\/QtftX1UFg9M?t=2801\" target=\"_blank\" rel=\"noopener\" title=\"\">V\u00cdDEO<\/a>]<strong> [<a href=\"https:\/\/doi.org\/10.48331\/scielo.KV4VUJ\" target=\"_blank\" rel=\"noopener\" title=\"\">DOWNLOAD<\/a>]<\/strong><br>&#8211; SciELO Preprints, Alex Mendon\u00e7a [<a href=\"https:\/\/youtu.be\/QtftX1UFg9M?t=3104\" target=\"_blank\" rel=\"noopener\" title=\"\">V\u00cdDEO<\/a>]<strong> [<a href=\"https:\/\/doi.org\/10.48331\/scielo.J7BIXO\" target=\"_blank\" rel=\"noopener\" title=\"\">DOWNLOAD<\/a>]<\/strong><br>&#8211; SciELO Data, Solange Santos [<a href=\"https:\/\/youtu.be\/QtftX1UFg9M?t=3608\" target=\"_blank\" rel=\"noopener\" title=\"\">V\u00cdDEO<\/a>] <strong>[<a href=\"https:\/\/doi.org\/10.48331\/scielo.3KSVOT\" target=\"_blank\" rel=\"noopener\" title=\"\">DOWNLOAD<\/a>]<\/strong><br>&#8211; Plataforma tecnol\u00f3gica, Roberta Takenaka [<a href=\"https:\/\/youtu.be\/QtftX1UFg9M?t=4210\" target=\"_blank\" rel=\"noopener\" title=\"\">V\u00cdDEO<\/a>]<strong> [<a href=\"https:\/\/doi.org\/10.48331\/scielo.VDTMBK\" target=\"_blank\" rel=\"noopener\" title=\"\">DOWNLOAD<\/a>]<\/strong><br><br><strong>10:30 \u2013 12:00 \u2013 Rumo ao SciELO 25 Anos Ci\u00eancia Aberta com IDEIA<\/strong><\/p>\n\n\n\n<p><strong>Coordenadora:<\/strong><\/p>\n\n\n\n<p>Profa. Dra. Edna Frasson de Souza Montero, Docente na Disciplina de Cirurgia Geral e do Trauma da Faculdade de Medicina e Respons\u00e1vel pelo Laborat\u00f3rio de Fisiopatologia Cir\u00fargica da Universidade de S\u00e3o Paulo (USP), Editora-chefe do peri\u00f3dico <em>Acta Cir\u00fargica Brasileira<\/em> e membro da Diretoria da ABEC Brasil [<a href=\"http:\/\/lattes.cnpq.br\/2841222962564489\" target=\"_blank\" rel=\"noreferrer noopener\">CV Lattes<\/a>] [<a href=\"https:\/\/orcid.org\/0000-0003-1437-1219\" target=\"_blank\" rel=\"noreferrer noopener\">ORCID<\/a>] [<a href=\"https:\/\/scholar.google.com.br\/citations?user=O1bOh6EAAAAJ\" target=\"_blank\" rel=\"noreferrer noopener\">Google Scholar<\/a>]  [<a href=\"https:\/\/youtu.be\/QtftX1UFg9M?t=5240\" target=\"_blank\" rel=\"noopener\" title=\"\">V\u00cdDEO<\/a>]<\/p>\n\n\n\n<p><strong>Painelistas:<\/strong><\/p>\n\n\n\n<p>Prof. Dr. Carlos Eduardo Ambrosio, Professor Titular em Biotecnologia da Reprodu\u00e7\u00e3o Animal, do curso de Medicina Veterin\u00e1ria da Universidade de S\u00e3o Paulo, Editor-Chefe do peri\u00f3dico <em>Animal Reproduction<\/em> [<a data-type=\"URL\" data-id=\"http:\/\/lattes.cnpq.br\/1909531118646341\" href=\"http:\/\/lattes.cnpq.br\/1909531118646341\" target=\"_blank\" rel=\"noreferrer noopener\">CV Lattes<\/a>] [<a data-type=\"URL\" data-id=\"https:\/\/orcid.org\/0000-0002-8224-5022\" href=\"https:\/\/orcid.org\/0000-0002-8224-5022\" target=\"_blank\" rel=\"noreferrer noopener\">ORCID<\/a>] [<a data-type=\"URL\" data-id=\"https:\/\/scholar.google.com\/citations?hl=pt-BR&amp;user=QF9FdOgAAAAJ\" href=\"https:\/\/scholar.google.com\/citations?hl=pt-BR&amp;user=QF9FdOgAAAAJ\" target=\"_blank\" rel=\"noreferrer noopener\">Google Scholar<\/a>]  [<a href=\"https:\/\/youtu.be\/QtftX1UFg9M?t=5600\" target=\"_blank\" rel=\"noopener\" title=\"\">V\u00cdDEO<\/a>]<\/p>\n\n\n\n<p>Profa. Dra. Cristina Scheibe Wolff, Professora titular do Departamento de Hist\u00f3ria da Universidade Federal de Santa Catarina (UFSC), Coordena\u00e7\u00e3o editorial da<em>&nbsp;Revista Estudos Feministas<\/em>&nbsp;[<a href=\"http:\/\/lattes.cnpq.br\/1019212457780700\" target=\"_blank\" rel=\"noreferrer noopener\">CV Lattes<\/a>] [<a href=\"https:\/\/orcid.org\/0000-0002-7315-1112\" target=\"_blank\" rel=\"noreferrer noopener\">ORCID<\/a>] [<a href=\"https:\/\/scholar.google.com\/citations?user=B9lHVC8AAAAJ&amp;hl=pt-BR\" target=\"_blank\" rel=\"noreferrer noopener\">Google Scholar<\/a>] [<a href=\"https:\/\/youtu.be\/QtftX1UFg9M?t=6180\" target=\"_blank\" rel=\"noopener\" title=\"\">V\u00cdDEO<\/a>]<strong> [<a href=\"https:\/\/doi.org\/10.48331\/scielo.I3LLJF\" target=\"_blank\" rel=\"noopener\" title=\"\">DOWNLOAD<\/a>]<\/strong><\/p>\n\n\n\n<p>Alex Mendon\u00e7a, Coordenador de submiss\u00e3o online e preprints, SciELO Brasil [<a href=\"https:\/\/youtu.be\/QtftX1UFg9M?t=6955\" target=\"_blank\" rel=\"noopener\" title=\"\">V\u00cdDEO<\/a>]<strong> [<a href=\"https:\/\/doi.org\/10.48331\/scielo.QUACII\" target=\"_blank\" rel=\"noopener\" title=\"\">DOWNLOAD<\/a>]<\/strong><\/p>\n\n\n\n<p>Prof. Dr. Ruben George Oliven, Professor do Programa de P\u00f3s-Gradua\u00e7\u00e3o em Antropologia Social da Universidade Federal do Rio Grande do Sul e diretor da Academia Brasileira de Ci\u00eancias, Editor-Chefe do peri\u00f3dico <em>Horizontes Antropol\u00f3gicos<\/em> [<a data-type=\"URL\" data-id=\"http:\/\/lattes.cnpq.br\/9438438920135359\" href=\"http:\/\/lattes.cnpq.br\/9438438920135359\" target=\"_blank\" rel=\"noreferrer noopener\">CV Lattes<\/a>] [<a data-type=\"URL\" data-id=\"https:\/\/orcid.org\/0000-0003-3556-6955\" href=\"https:\/\/orcid.org\/0000-0003-3556-6955\" target=\"_blank\" rel=\"noreferrer noopener\">ORCID<\/a>] [<a data-type=\"URL\" data-id=\"https:\/\/scholar.google.com\/citations?hl=pt-BR&amp;user=J-jvntgAAAAJ\" href=\"https:\/\/scholar.google.com\/citations?hl=pt-BR&amp;user=J-jvntgAAAAJ\" target=\"_blank\" rel=\"noreferrer noopener\">Google Scholar<\/a>] [<a href=\"https:\/\/youtu.be\/QtftX1UFg9M?t=7715\" target=\"_blank\" rel=\"noopener\" title=\"\">V\u00cdDEO<\/a>]<\/p>\n\n\n\n<p><strong>Comentaristas:<\/strong><\/p>\n\n\n\n<p>Prof. Dr. Claudio Tinoco, Professor associado da Universidade Federal Fluminense, Editor-Chefe do peri\u00f3dico <em>International Journal of Cardiovascular Sciences<\/em> [<a data-type=\"URL\" data-id=\"http:\/\/lattes.cnpq.br\/1232156961278508\" href=\"http:\/\/lattes.cnpq.br\/1232156961278508\" target=\"_blank\" rel=\"noreferrer noopener\">CV Lattes<\/a>] [<a data-type=\"URL\" data-id=\"https:\/\/orcid.org\/0000-0002-1466-9413\" href=\"https:\/\/orcid.org\/0000-0002-1466-9413\" target=\"_blank\" rel=\"noreferrer noopener\">ORCID<\/a>] [<a data-type=\"URL\" data-id=\"https:\/\/scholar.google.com\/citations?hl=pt-BR&amp;user=KzHmhhsAAAAJ\" href=\"https:\/\/scholar.google.com\/citations?hl=pt-BR&amp;user=KzHmhhsAAAAJ\" target=\"_blank\" rel=\"noreferrer noopener\">Google Scholar<\/a>] [<a href=\"https:\/\/youtu.be\/QtftX1UFg9M?t=8303\" target=\"_blank\" rel=\"noopener\" title=\"\">V\u00cdDEO<\/a>]<\/p>\n\n\n\n<p>Profa. Dra. Leila&nbsp;Posenato&nbsp;Garcia,&nbsp;membro do Comit\u00ea de Pol\u00edticas de G\u00eanero da European Association of Science Editors (EASE) [<a data-type=\"URL\" data-id=\"http:\/\/lattes.cnpq.br\/3764410041166009\" href=\"http:\/\/lattes.cnpq.br\/3764410041166009\" target=\"_blank\" rel=\"noreferrer noopener\">CV Lattes<\/a>] [<a data-type=\"URL\" data-id=\"https:\/\/orcid.org\/0000-0003-1146-2641\" href=\"https:\/\/orcid.org\/0000-0003-1146-2641\" target=\"_blank\" rel=\"noreferrer noopener\">ORCID<\/a>] [<a data-type=\"URL\" data-id=\"https:\/\/scholar.google.com\/citations?hl=pt-BR&amp;user=0Oi2iqsAAAAJ\" href=\"https:\/\/scholar.google.com\/citations?hl=pt-BR&amp;user=0Oi2iqsAAAAJ\" target=\"_blank\" rel=\"noreferrer noopener\">Google Scholar<\/a>] [<a href=\"https:\/\/youtu.be\/QtftX1UFg9M?t=8875\" target=\"_blank\" rel=\"noopener\" title=\"\">V\u00cdDEO<\/a>]<\/p>\n\n\n\n<p><strong>12:00 <strong>\u2013<\/strong> Encerramento<\/strong><\/p>\n\n\n\n<p>MLS Abel L Packer, Diretor do Programa SciELO, Coordenador de Projeto da FapUNIFESP&nbsp;[<a href=\"http:\/\/lattes.cnpq.br\/6603329734556632\" target=\"_blank\" rel=\"noreferrer noopener\">CV Lattes<\/a>] [<a href=\"https:\/\/orcid.org\/0000-0001-9610-5728\" target=\"_blank\" rel=\"noreferrer noopener\">ORCID<\/a>] [<a href=\"https:\/\/youtu.be\/QtftX1UFg9M?t=9538\" target=\"_blank\" rel=\"noopener\" title=\"\">V\u00cdDEO<\/a>]<\/p>\n","protected":false},"excerpt":{"rendered":"<p>9:00 &#8211; 9:30 \u2013 Abertura MLS Abel L Packer, Diretor do Programa SciELO, Coordenador de Projeto da FapUNIFESP&nbsp;[CV Lattes] [ORCID] [Google Scholar] [V\u00cdDEO] 9:30 \u2013 10:30 \u2013 Modelo SciELO de Publica\u00e7\u00e3o &#8211; Sobre o Modelo SciELO de Publica\u00e7\u00e3o, Abel L Packer [V\u00cdDEO] [DOWNLOAD]&#8211; Market Place, Luis G Gomes [V\u00cdDEO] [DOWNLOAD]&#8211; Crit\u00e9rios SciELO Brasil, Denise Peres &hellip; <\/p>\n<p class=\"link-more\"><a href=\"https:\/\/eventos.scielo.org\/reuniaoscielo2022\/programa\/\" class=\"more-link\">Continue lendo<span class=\"screen-reader-text\"> &#8220;Programa&#8221;<\/span><\/a><\/p>\n","protected":false},"author":3,"featured_media":0,"parent":0,"menu_order":0,"comment_status":"closed","ping_status":"closed","template":"","meta":{"footnotes":""},"class_list":["post-20","page","type-page","status-publish","hentry"],"aioseo_notices":[],"_links":{"self":[{"href":"https:\/\/eventos.scielo.org\/reuniaoscielo2022\/wp-json\/wp\/v2\/pages\/20","targetHints":{"allow":["GET"]}}],"collection":[{"href":"https:\/\/eventos.scielo.org\/reuniaoscielo2022\/wp-json\/wp\/v2\/pages"}],"about":[{"href":"https:\/\/eventos.scielo.org\/reuniaoscielo2022\/wp-json\/wp\/v2\/types\/page"}],"author":[{"embeddable":true,"href":"https:\/\/eventos.scielo.org\/reuniaoscielo2022\/wp-json\/wp\/v2\/users\/3"}],"replies":[{"embeddable":true,"href":"https:\/\/eventos.scielo.org\/reuniaoscielo2022\/wp-json\/wp\/v2\/comments?post=20"}],"version-history":[{"count":37,"href":"https:\/\/eventos.scielo.org\/reuniaoscielo2022\/wp-json\/wp\/v2\/pages\/20\/revisions"}],"predecessor-version":[{"id":134,"href":"https:\/\/eventos.scielo.org\/reuniaoscielo2022\/wp-json\/wp\/v2\/pages\/20\/revisions\/134"}],"wp:attachment":[{"href":"https:\/\/eventos.scielo.org\/reuniaoscielo2022\/wp-json\/wp\/v2\/media?parent=20"}],"curies":[{"name":"wp","href":"https:\/\/api.w.org\/{rel}","templated":true}]}}